{"id":536,"date":"2018-02-14T09:41:11","date_gmt":"2018-02-14T09:41:11","guid":{"rendered":"http:\/\/www.traxgo.be\/hardware\/"},"modified":"2025-02-19T10:21:27","modified_gmt":"2025-02-19T10:21:27","slug":"materiel-track-trace","status":"publish","type":"page","link":"https:\/\/www.traxgo.be\/fr\/materiel-track-trace\/","title":{"rendered":"Mat\u00e9riel de suivi et surveillance"},"content":{"rendered":"<h2>Notre mat\u00e9riel informatique<\/h2>\n<p><img loading=\"lazy\" decoding=\"async\" class=\"alignright wp-image-522\" src=\"http:\/\/www.traxgo.be\/wp-content\/uploads\/2018\/02\/WIFI-vierkant-01.jpg\" alt=\"WIFI Traxgo Track n trace\" width=\"450\" height=\"329\" srcset=\"https:\/\/www.traxgo.be\/wp-content\/uploads\/2018\/02\/WIFI-vierkant-01.jpg 2529w, https:\/\/www.traxgo.be\/wp-content\/uploads\/2018\/02\/WIFI-vierkant-01-300x219.jpg 300w, https:\/\/www.traxgo.be\/wp-content\/uploads\/2018\/02\/WIFI-vierkant-01-1024x749.jpg 1024w, https:\/\/www.traxgo.be\/wp-content\/uploads\/2018\/02\/WIFI-vierkant-01-768x562.jpg 768w, https:\/\/www.traxgo.be\/wp-content\/uploads\/2018\/02\/WIFI-vierkant-01-1536x1124.jpg 1536w, https:\/\/www.traxgo.be\/wp-content\/uploads\/2018\/02\/WIFI-vierkant-01-2048x1498.jpg 2048w\" sizes=\"auto, (max-width: 450px) 100vw, 450px\" \/>Le mat\u00e9riel d\u00e9termine en partie les options d'extension du syst\u00e8me Traxgo Track and Trace. Nous pouvons \u00e9galement connecter des capteurs de temp\u00e9rature, CANbus, navigation, automate, module badge, etc.<\/p>\n<h3>Syst\u00e8mes de localisation avec alimentation fixe<\/h3>\n<ul>\n<li><strong>GP510<\/strong> (4G) - Syst\u00e8me de localisation pour <strong>v\u00e9hicules<\/strong> et <strong>machines<\/strong><\/li>\n<li><strong>GP520, GP550<\/strong> (4G) - Syst\u00e8me de localisation pour <strong>remorques<\/strong><\/li>\n<\/ul>\n<p><a class=\"button\" href=\"http:\/\/www.traxgo.be\/fr\/systemes-localisation-alimentation-fixe\/\">PLUS D'INFORMATIONS<\/a><\/p>\n<h3>Syst\u00e8mes de localisation autonomes<\/h3>\n<p><strong>Localisation quotidienne sans alimentation fixe<\/strong><\/p>\n<ul>\n<li><strong>GS520<\/strong> - 4G, fonctionne jusqu'\u00e0 8 ans sur batterie (GPS)<\/li>\n<li><strong>GS340<\/strong> - Utilise <a href=\"https:\/\/www.traxgo.be\/fr\/reseau-sigfox\/\">Sigfox<\/a><\/li>\n<li><strong>GSAT\u00a0<\/strong>- Syst\u00e8mes de localisation via satellite<\/li>\n<\/ul>\n<p><a class=\"button\" href=\"http:\/\/www.traxgo.be\/fr\/systemes-de-localisation-autonomes\/\">PLUS D'INFORMATIONS<\/a><\/p>\n<h3>Capteurs<\/h3>\n<p><strong>Contr\u00f4le \u00e0 distance<\/strong><\/p>\n<ul>\n<li>Capteurs de pression des pneus<\/li>\n<li>Liquid Sensor<\/li>\n<\/ul>\n<p><a class=\"button\" href=\"http:\/\/www.traxgo.be\/fr\/sensors\/\">PLUS D'INFORMATIONS<\/a><\/p>\n<p>&nbsp;<\/p>\n<p><strong>Consultez des informations d\u00e9taill\u00e9es sur:<\/strong><\/p>\n<ul>\n<li><a href=\"http:\/\/www.traxgo.be\/fr\/online-track-et-trace-et-systemes-de-localisation\/enregistrement-des-presences-checkinatwork\/\">Checkinatwork<\/a><\/li>\n<li><a href=\"http:\/\/www.traxgo.be\/fr\/pointeuse\/\">La pointeuse<\/a><\/li>\n<li><a href=\"http:\/\/www.traxgo.be\/fr\/online-track-et-trace-et-systemes-de-localisation\/localisation-machines\/\">Localisation de vos machines\u00a0<\/a> <a href=\"http:\/\/www.traxgo.be\/fr\/localisation-de-remorques\/\">et de vos remorques<\/a><\/li>\n<li><a href=\"http:\/\/www.traxgo.be\/fr\/online-track-et-trace-et-systemes-de-localisation\/\">Autres solutions<\/a><\/li>\n<\/ul>\n","protected":false},"excerpt":{"rendered":"<p>Notre mat\u00e9riel informatique Le mat\u00e9riel d\u00e9termine en partie les options d'extension du syst\u00e8me Traxgo Track and Trace. Nous pouvons \u00e9galement connecter des capteurs de temp\u00e9rature, CANbus, navigation, automate, module badge, etc. Syst\u00e8mes de localisation avec alimentation fixe GP510 (4G) - Syst\u00e8me de localisation pour v\u00e9hicules et machines GP520, GP550 (4G) - Syst\u00e8me de localisation pour [&hellip;]<\/p>\n","protected":false},"author":2,"featured_media":521,"parent":0,"menu_order":0,"comment_status":"closed","ping_status":"closed","template":"","meta":{"_acf_changed":false,"footnotes":""},"class_list":["post-536","page","type-page","status-publish","has-post-thumbnail","hentry"],"acf":[],"_links":{"self":[{"href":"https:\/\/www.traxgo.be\/fr\/wp-json\/wp\/v2\/pages\/536","targetHints":{"allow":["GET"]}}],"collection":[{"href":"https:\/\/www.traxgo.be\/fr\/wp-json\/wp\/v2\/pages"}],"about":[{"href":"https:\/\/www.traxgo.be\/fr\/wp-json\/wp\/v2\/types\/page"}],"author":[{"embeddable":true,"href":"https:\/\/www.traxgo.be\/fr\/wp-json\/wp\/v2\/users\/2"}],"replies":[{"embeddable":true,"href":"https:\/\/www.traxgo.be\/fr\/wp-json\/wp\/v2\/comments?post=536"}],"version-history":[{"count":22,"href":"https:\/\/www.traxgo.be\/fr\/wp-json\/wp\/v2\/pages\/536\/revisions"}],"predecessor-version":[{"id":17070,"href":"https:\/\/www.traxgo.be\/fr\/wp-json\/wp\/v2\/pages\/536\/revisions\/17070"}],"wp:featuredmedia":[{"embeddable":true,"href":"https:\/\/www.traxgo.be\/fr\/wp-json\/wp\/v2\/media\/521"}],"wp:attachment":[{"href":"https:\/\/www.traxgo.be\/fr\/wp-json\/wp\/v2\/media?parent=536"}],"curies":[{"name":"wp","href":"https:\/\/api.w.org\/{rel}","templated":true}]}}