{"id":645,"date":"2018-02-14T14:43:29","date_gmt":"2018-02-14T14:43:29","guid":{"rendered":"http:\/\/www.traxgo.be\/?page_id=645"},"modified":"2026-01-27T10:17:27","modified_gmt":"2026-01-27T10:17:27","slug":"la-plate-forme-traxgo","status":"publish","type":"page","link":"https:\/\/www.traxgo.be\/fr\/la-plate-forme-traxgo\/","title":{"rendered":"La plate-forme Traxgo"},"content":{"rendered":"<p><strong>La plate-forme Traxgo<\/strong><\/p>\n<p><a class=\"button\" style=\"margin-right: 25px;\" href=\"https:\/\/trackerweb.traxgo.be\/Account\/Login?ReturnUrl=%2F\" target=\"_blank\" rel=\"noopener\">Se connecter \u00e0 <strong>Trackerweb<\/strong><\/a><a class=\"button\" href=\"https:\/\/traxweb.eu\/\" target=\"_blank\" rel=\"noopener\">Se connecter \u00e0 <strong>TraxWeb<\/strong><\/a><span class=\"nomobile\" style=\"margin-top: 10px; margin-left: 20px;\"><i class=\"fa fa-long-arrow-right\" style=\"color: #a4b3cc;\" aria-hidden=\"true\"><\/i> <a href=\"https:\/\/play.google.com\/store\/apps\/details?id=com.traxgomobile\" target=\"_blank\" rel=\"noopener\"><img loading=\"lazy\" decoding=\"async\" class=\"alignnone wp-image-16551\" style=\"margin-left: 15px; vertical-align: bottom;\" src=\"https:\/\/www.traxgo.be\/wp-content\/uploads\/2024\/08\/btn-google-500.png\" alt=\"\" width=\"174\" height=\"52\" srcset=\"https:\/\/www.traxgo.be\/wp-content\/uploads\/2024\/08\/btn-google-500.png 500w, https:\/\/www.traxgo.be\/wp-content\/uploads\/2024\/08\/btn-google-500-300x89.png 300w\" sizes=\"auto, (max-width: 174px) 100vw, 174px\" \/><\/a> <a href=\"https:\/\/apps.apple.com\/us\/app\/traxweb\/id6547852393\" target=\"_blank\" rel=\"noopener\"><img loading=\"lazy\" decoding=\"async\" class=\"alignnone wp-image-16547\" style=\"margin-left: 20px; vertical-align: bottom;\" src=\"https:\/\/www.traxgo.be\/wp-content\/uploads\/2024\/08\/btn-apple-500.png\" alt=\"\" width=\"156\" height=\"52\" srcset=\"https:\/\/www.traxgo.be\/wp-content\/uploads\/2024\/08\/btn-apple-500.png 500w, https:\/\/www.traxgo.be\/wp-content\/uploads\/2024\/08\/btn-apple-500-300x100.png 300w\" sizes=\"auto, (max-width: 156px) 100vw, 156px\" \/><\/a> <\/span><\/p>\n<div class=\"mobileonly\" style=\"padding: 30px; padding-top: 35px; background-color: #eeeeee; text-align: center;\"><a href=\"https:\/\/play.google.com\/store\/apps\/details?id=com.traxgomobile\" target=\"_blank\" rel=\"noopener\"><img loading=\"lazy\" decoding=\"async\" class=\"alignnone wp-image-16551 size-full\" style=\"max-width: 75%; margin-bottom: 15px;\" src=\"https:\/\/www.traxgo.be\/wp-content\/uploads\/2024\/08\/btn-google-500.png\" alt=\"\" width=\"500\" height=\"149\" srcset=\"https:\/\/www.traxgo.be\/wp-content\/uploads\/2024\/08\/btn-google-500.png 500w, https:\/\/www.traxgo.be\/wp-content\/uploads\/2024\/08\/btn-google-500-300x89.png 300w\" sizes=\"auto, (max-width: 500px) 100vw, 500px\" \/><\/a> <a href=\"https:\/\/apps.apple.com\/us\/app\/traxweb\/id6547852393\" target=\"_blank\" rel=\"noopener\"><img loading=\"lazy\" decoding=\"async\" class=\"alignnone wp-image-16547 size-full\" style=\"max-width: 75%;\" src=\"https:\/\/www.traxgo.be\/wp-content\/uploads\/2024\/08\/btn-apple-500.png\" alt=\"\" width=\"500\" height=\"167\" srcset=\"https:\/\/www.traxgo.be\/wp-content\/uploads\/2024\/08\/btn-apple-500.png 500w, https:\/\/www.traxgo.be\/wp-content\/uploads\/2024\/08\/btn-apple-500-300x100.png 300w\" sizes=\"auto, (max-width: 500px) 100vw, 500px\" \/><\/a><\/div>\n<p><strong>Pas encore client ou pas encore d'acc\u00e8s?<\/strong><\/p>\n<p>Remplissez le formulaire via le bouton ci-dessous et nous serons heureux de vous aider.<\/p>\n<p><a class=\"button\" href=\"https:\/\/www.traxgo.be\/fr\/contact\/\">VOUS N'AVEZ PAS ENCORE ACC\u00c8S?<\/a><\/p>\n<p>&nbsp;<\/p>\n<p><i class=\"fa fa-info-circle\" aria-hidden=\"true\"><\/i> <em><strong>Conseil de lecture:<\/strong> <a title=\"Le suivi et la tra\u00e7abilit\u00e9 am\u00e9liorent la durabilit\u00e9\" href=\"https:\/\/www.traxgo.be\/fr\/comment-le-suivi-et-la-tracabilite-ameliorent-ils-la-durabilite-des-flottes\/\">Le suivi et la tra\u00e7abilit\u00e9 am\u00e9liorent la durabilit\u00e9<\/a><\/em><\/p>\n","protected":false},"excerpt":{"rendered":"<p>La plate-forme Traxgo Se connecter \u00e0 TrackerwebSe connecter \u00e0 TraxWeb Pas encore client ou pas encore d'acc\u00e8s? Remplissez le formulaire via le bouton ci-dessous et nous serons heureux de vous aider. VOUS N'AVEZ PAS ENCORE ACC\u00c8S? &nbsp; Conseil de lecture: Le suivi et la tra\u00e7abilit\u00e9 am\u00e9liorent la durabilit\u00e9<\/p>\n","protected":false},"author":2,"featured_media":118,"parent":0,"menu_order":0,"comment_status":"closed","ping_status":"closed","template":"","meta":{"_acf_changed":false,"footnotes":""},"class_list":["post-645","page","type-page","status-publish","has-post-thumbnail","hentry"],"acf":[],"_links":{"self":[{"href":"https:\/\/www.traxgo.be\/fr\/wp-json\/wp\/v2\/pages\/645","targetHints":{"allow":["GET"]}}],"collection":[{"href":"https:\/\/www.traxgo.be\/fr\/wp-json\/wp\/v2\/pages"}],"about":[{"href":"https:\/\/www.traxgo.be\/fr\/wp-json\/wp\/v2\/types\/page"}],"author":[{"embeddable":true,"href":"https:\/\/www.traxgo.be\/fr\/wp-json\/wp\/v2\/users\/2"}],"replies":[{"embeddable":true,"href":"https:\/\/www.traxgo.be\/fr\/wp-json\/wp\/v2\/comments?post=645"}],"version-history":[{"count":31,"href":"https:\/\/www.traxgo.be\/fr\/wp-json\/wp\/v2\/pages\/645\/revisions"}],"predecessor-version":[{"id":18079,"href":"https:\/\/www.traxgo.be\/fr\/wp-json\/wp\/v2\/pages\/645\/revisions\/18079"}],"wp:featuredmedia":[{"embeddable":true,"href":"https:\/\/www.traxgo.be\/fr\/wp-json\/wp\/v2\/media\/118"}],"wp:attachment":[{"href":"https:\/\/www.traxgo.be\/fr\/wp-json\/wp\/v2\/media?parent=645"}],"curies":[{"name":"wp","href":"https:\/\/api.w.org\/{rel}","templated":true}]}}