{"id":647,"date":"2018-02-14T14:47:03","date_gmt":"2018-02-14T14:47:03","guid":{"rendered":"http:\/\/www.traxgo.be\/?page_id=647"},"modified":"2025-12-18T09:01:48","modified_gmt":"2025-12-18T09:01:48","slug":"systeme-de-controle-de-pression-des-pneus","status":"publish","type":"page","link":"https:\/\/www.traxgo.be\/fr\/online-track-et-trace-et-systemes-de-localisation\/systeme-de-controle-de-pression-des-pneus\/","title":{"rendered":"Syst\u00e8me de contr\u00f4le de pression des pneus"},"content":{"rendered":"<h2>Contr\u00f4lez votre pression des pneus \u00e0 distance<\/h2>\n<h3><img loading=\"lazy\" decoding=\"async\" class=\"alignright wp-image-501\" src=\"http:\/\/www.traxgo.be\/wp-content\/uploads\/2018\/02\/PC-bandenspanning_2018-1.jpg\" alt=\"Syst\u00e8me de contr\u00f4le de pression des pneus\" width=\"400\" height=\"400\" srcset=\"https:\/\/www.traxgo.be\/wp-content\/uploads\/2018\/02\/PC-bandenspanning_2018-1.jpg 400w, https:\/\/www.traxgo.be\/wp-content\/uploads\/2018\/02\/PC-bandenspanning_2018-1-300x300.jpg 300w, https:\/\/www.traxgo.be\/wp-content\/uploads\/2018\/02\/PC-bandenspanning_2018-1-150x150.jpg 150w\" sizes=\"auto, (max-width: 400px) 100vw, 400px\" \/>Comment fonctionne le contr\u00f4le \u00e0 distance de la pression des pneus?<\/h3>\n<p>Le syst\u00e8me de contr\u00f4le de pression des pneus Traxgo mesure en\u00a0<strong>continu la pression et la temp\u00e9rature<\/strong>\u00a0de tous les pneus de vos v\u00e9hicules et les transmet \u00e0\u00a0<a href=\"http:\/\/www.traxgo.be\/fr\/logiciel-track-trace\/\">la plate-forme Traxgo<\/a>. Cela vous informe en temps r\u00e9el sur l'\u00e9tat de vos pneus, et les irr\u00e9gularit\u00e9s sont d\u00e9pist\u00e9es instantan\u00e9ment.<\/p>\n<h3>Vos avantages<\/h3>\n<ul class=\"advantages\">\n<li><strong>Moins de pneus qui \u00e9clatent<\/strong><\/li>\n<li><strong>R\u00e9duction de la consommation de carburant<\/strong><\/li>\n<li><strong>Moins d'usure<\/strong><\/li>\n<li><strong>Moins de travail gr\u00e2ce au contr\u00f4le automatique<\/strong><\/li>\n<\/ul>\n<p><a class=\"button cta\" href=\"#contact\">D\u00e9mo gratuite ou plus d'info? <strong>Contactez-nous<\/strong><\/a><\/p>\n<div style=\"padding: 10px 15px; border-left: Solid 3px #75a3a3; background: linear-gradient(90deg,rgba(238, 238, 238, 1) 0%, rgba(255, 255, 255, 1) 75%);\">\n<h4 style=\"padding: 0; margin: 0; padding-bottom: 5px;\">Propre \u00e9quipe d'installation, unique dans le secteur du suivi et tra\u00e7abilit\u00e9<\/h4>\n<div style=\"display: inline-block; margin-right: 10px;\"><i class=\"fa fa-star-o\" style=\"color: #75a3a3;\" aria-hidden=\"true\"><\/i> Collaborateurs comp\u00e9tent<\/div>\n<div style=\"display: inline-block; margin-right: 10px;\"><i class=\"fa fa-star-o\" style=\"color: #75a3a3;\" aria-hidden=\"true\"><\/i> Installation rapide et ponctuelle<\/div>\n<div style=\"display: inline-block; margin-right: 10px;\"><i class=\"fa fa-star-o\" style=\"color: #75a3a3;\" aria-hidden=\"true\"><\/i> Prix fixe, sans frais suppl\u00e9mentaires<\/div>\n<\/div>\n<h3>Pourquoi surveiller la pression de vos pneus?<\/h3>\n<p>De nombreux v\u00e9hicules effectuent des tours avec une pression de pneu incorrecte, mais il est tr\u00e8s important que la pression des pneus soit correcte. Si des valeurs divergentes sont d\u00e9tect\u00e9es par le syst\u00e8me de contr\u00f4le, il est pr\u00e9f\u00e9rable de ne pas tarder et d'agir le plus rapidement possible. Car une pression des pneus trop \u00e9lev\u00e9e ou trop basse peut avoir de nombreuses cons\u00e9quences n\u00e9gatives, telles que:<\/p>\n<ul>\n<li><strong>Adh\u00e9rence<\/strong> r\u00e9duite sur la chauss\u00e9e<\/li>\n<li><strong>Distance de freinage<\/strong> plus longue<\/li>\n<li><strong>Usure<\/strong> des pneus<\/li>\n<li>Augmentation de la <strong>consommation de carburant<\/strong><\/li>\n<\/ul>\n<p>&nbsp;<\/p>\n<p><strong>Consultez des informations d\u00e9taill\u00e9es sur:<\/strong><\/p>\n<ul>\n<li><a href=\"http:\/\/www.traxgo.be\/fr\/online-track-et-trace-et-systemes-de-localisation\/enregistrement-des-presences-checkinatwork\/\">Checkinatwork<\/a><\/li>\n<li><a href=\"http:\/\/www.traxgo.be\/fr\/pointeuse\/\">La pointeuse<\/a><\/li>\n<li><a href=\"http:\/\/www.traxgo.be\/fr\/online-track-et-trace-et-systemes-de-localisation\/localisation-machines\/\">Localisation de vos machines\u00a0<\/a> <a href=\"http:\/\/www.traxgo.be\/fr\/localisation-de-remorques\/\">et de vos remorques<\/a><\/li>\n<li><a href=\"https:\/\/www.traxgo.be\/fr\/online-track-et-trace-et-systemes-de-localisation\/lecture-du-tachygraphe\/\">Lecture \u00e0 distance du tachygraphe<\/a><\/li>\n<li><a href=\"https:\/\/www.traxgo.be\/fr\/lire-les-donnees-du-camion-de-linterface-fms\/\">Lire les donn\u00e9es du camion de l'interface FMS<\/a><\/li>\n<li><a href=\"http:\/\/www.traxgo.be\/fr\/online-track-et-trace-et-systemes-de-localisation\/\">Autres solutions<\/a><\/li>\n<\/ul>\n","protected":false},"excerpt":{"rendered":"<p>Contr\u00f4lez votre pression des pneus \u00e0 distance Comment fonctionne le contr\u00f4le \u00e0 distance de la pression des pneus? Le syst\u00e8me de contr\u00f4le de pression des pneus Traxgo mesure en\u00a0continu la pression et la temp\u00e9rature\u00a0de tous les pneus de vos v\u00e9hicules et les transmet \u00e0\u00a0la plate-forme Traxgo. Cela vous informe en temps r\u00e9el sur l'\u00e9tat de [&hellip;]<\/p>\n","protected":false},"author":2,"featured_media":396,"parent":553,"menu_order":0,"comment_status":"closed","ping_status":"closed","template":"","meta":{"_acf_changed":false,"footnotes":""},"class_list":["post-647","page","type-page","status-publish","has-post-thumbnail","hentry"],"acf":[],"_links":{"self":[{"href":"https:\/\/www.traxgo.be\/fr\/wp-json\/wp\/v2\/pages\/647","targetHints":{"allow":["GET"]}}],"collection":[{"href":"https:\/\/www.traxgo.be\/fr\/wp-json\/wp\/v2\/pages"}],"about":[{"href":"https:\/\/www.traxgo.be\/fr\/wp-json\/wp\/v2\/types\/page"}],"author":[{"embeddable":true,"href":"https:\/\/www.traxgo.be\/fr\/wp-json\/wp\/v2\/users\/2"}],"replies":[{"embeddable":true,"href":"https:\/\/www.traxgo.be\/fr\/wp-json\/wp\/v2\/comments?post=647"}],"version-history":[{"count":18,"href":"https:\/\/www.traxgo.be\/fr\/wp-json\/wp\/v2\/pages\/647\/revisions"}],"predecessor-version":[{"id":17958,"href":"https:\/\/www.traxgo.be\/fr\/wp-json\/wp\/v2\/pages\/647\/revisions\/17958"}],"up":[{"embeddable":true,"href":"https:\/\/www.traxgo.be\/fr\/wp-json\/wp\/v2\/pages\/553"}],"wp:featuredmedia":[{"embeddable":true,"href":"https:\/\/www.traxgo.be\/fr\/wp-json\/wp\/v2\/media\/396"}],"wp:attachment":[{"href":"https:\/\/www.traxgo.be\/fr\/wp-json\/wp\/v2\/media?parent=647"}],"curies":[{"name":"wp","href":"https:\/\/api.w.org\/{rel}","templated":true}]}}