{"id":650,"date":"2018-01-25T12:58:56","date_gmt":"2018-01-25T12:58:56","guid":{"rendered":"http:\/\/www.traxgo.be\/online-monitoring-en-track-and-trace-systemen-traxgo\/checkinatwork-werfregistratie\/"},"modified":"2025-10-30T12:08:57","modified_gmt":"2025-10-30T12:08:57","slug":"enregistrement-des-presences-checkinatwork","status":"publish","type":"page","link":"https:\/\/www.traxgo.be\/fr\/online-track-et-trace-et-systemes-de-localisation\/enregistrement-des-presences-checkinatwork\/","title":{"rendered":"L\u2019enregistrement des pr\u00e9sences CHECKINATWORK"},"content":{"rendered":"<h2>Le Checkinatwork peut se faire automatiquement<\/h2>\n<p><img loading=\"lazy\" decoding=\"async\" class=\"size-full wp-image-308 alignleft\" src=\"http:\/\/www.traxgo.be\/wp-content\/uploads\/2018\/02\/Women-Check-in-at-work.jpg\" alt=\"L\u2019enregistrement des pr\u00e9sences Checkinatwork\" width=\"450\" height=\"450\" srcset=\"https:\/\/www.traxgo.be\/wp-content\/uploads\/2018\/02\/Women-Check-in-at-work.jpg 450w, https:\/\/www.traxgo.be\/wp-content\/uploads\/2018\/02\/Women-Check-in-at-work-300x300.jpg 300w, https:\/\/www.traxgo.be\/wp-content\/uploads\/2018\/02\/Women-Check-in-at-work-150x150.jpg 150w\" sizes=\"auto, (max-width: 450px) 100vw, 450px\" \/><\/p>\n<p>La personne s'enregistre via le syst\u00e8me de localisation Traxgo install\u00e9 dans vos v\u00e9hicules ou via une pointeuse sur place. Vous pouvez vous enregistrer via le Construbadge,<a href=\"http:\/\/www.traxgo.be\/fr\/online-track-et-trace-et-systemes-de-localisation\/enregistrement-des-presences-checkinatwork\/lisabadge\/\">\u00a0le badge ToBeLisa\u00a0<\/a>ou m\u00eame avec votre propre badge.\u00a0<strong>Toutes les donn\u00e9es du chantier et des salari\u00e9s sont envoy\u00e9es vers\u00a0<a href=\"http:\/\/www.traxgo.be\/fr\/logiciel-track-trace\/\">la plate-forme Traxgo<\/a>, trait\u00e9es et transmises de fa\u00e7on enti\u00e8rement automatique\u00a0\u00e0 Checkinatwork.<\/strong><\/p>\n<h3>Enregistrement de pr\u00e9sence automatique - Checkinatwork<\/h3>\n<ul class=\"advantages\">\n<li>Traxgo rend le Checkinatwork\u00a0p<strong>lus simple et plus rapide<\/strong><\/li>\n<li>Tout est li\u00e9 avec\u00a0<strong>Checkinatwork de fa\u00e7on 100 % automatique<\/strong><\/li>\n<li><strong>Un outil convivial et s\u00fbr\u00a0<\/strong>pour la gestion de votre service ext\u00e9rieur et vos sous-traitants<\/li>\n<\/ul>\n<p><a class=\"button cta\" href=\"#contact\">D\u00e9mo gratuite ou plus d'info? <strong>Contactez-nous<\/strong><\/a><\/p>\n<p>&nbsp;<\/p>\n<p><img loading=\"lazy\" decoding=\"async\" class=\"alignright wp-image-315\" style=\"clear: left;\" src=\"http:\/\/www.traxgo.be\/wp-content\/uploads\/2018\/02\/PC-TrackerweboogHelm-300x300.png\" alt=\"CheckInAtWork\" width=\"600\" height=\"600\" srcset=\"https:\/\/www.traxgo.be\/wp-content\/uploads\/2018\/02\/PC-TrackerweboogHelm-300x300.png 300w, https:\/\/www.traxgo.be\/wp-content\/uploads\/2018\/02\/PC-TrackerweboogHelm-1024x1024.png 1024w, https:\/\/www.traxgo.be\/wp-content\/uploads\/2018\/02\/PC-TrackerweboogHelm-150x150.png 150w, https:\/\/www.traxgo.be\/wp-content\/uploads\/2018\/02\/PC-TrackerweboogHelm-768x768.png 768w, https:\/\/www.traxgo.be\/wp-content\/uploads\/2018\/02\/PC-TrackerweboogHelm.png 1500w\" sizes=\"auto, (max-width: 600px) 100vw, 600px\" \/><\/p>\n<h2>Enregistrer<\/h2>\n<p>Check-in via Construbadge, LISAbadge, ID, key...<br \/>\nLe syst\u00e8me de localisation Traxgo est connect\u00e9 \u00e0 Checkinatwork.<\/p>\n<h3>L'enregistrement peut se faire de diff\u00e9rentes fa\u00e7ons:<\/h3>\n<ul>\n<li>Construbadge<\/li>\n<li><a href=\"http:\/\/www.traxgo.be\/fr\/online-track-et-trace-et-systemes-de-localisation\/enregistrement-des-presences-checkinatwork\/lisabadge\/\">LISAbadge<\/a><\/li>\n<li>Votre propre badge<\/li>\n<\/ul>\n<h3>Qui est responsable?<\/h3>\n<p>L'entrepreneur est responsable de la mise \u00e0 disposition du syst\u00e8me d'enregistrement. Tant la personne qui emploie quelqu'un (employeur, sous-traitant) que la personne qui ex\u00e9cute le travail (salari\u00e9, ind\u00e9pendant) sont responsables de l'enregistrement.<\/p>\n<p>&nbsp;<\/p>\n<h2>En quoi consiste exactement l'enregistrement de pr\u00e9sence?<\/h2>\n<p><img loading=\"lazy\" decoding=\"async\" class=\"wp-image-419 alignleft\" title=\"Check in at work\" src=\"http:\/\/www.traxgo.be\/wp-content\/uploads\/2018\/02\/check-in-at-work-man-low.jpg\" alt=\"Check in at work\" width=\"510\" height=\"374\" srcset=\"https:\/\/www.traxgo.be\/wp-content\/uploads\/2018\/02\/check-in-at-work-man-low.jpg 873w, https:\/\/www.traxgo.be\/wp-content\/uploads\/2018\/02\/check-in-at-work-man-low-300x220.jpg 300w, https:\/\/www.traxgo.be\/wp-content\/uploads\/2018\/02\/check-in-at-work-man-low-768x563.jpg 768w\" sizes=\"auto, (max-width: 510px) 100vw, 510px\" \/><\/p>\n<p>Avec Checkinatwork, l'employeur ou l'entrepreneur enregistre la pr\u00e9sence de ses propres salari\u00e9s et sous-traitants (ind\u00e9pendants). Eux-m\u00eames, en tant que salari\u00e9 ou sous-traitant ind\u00e9pendant, peuvent aussi s'enregistrer dans le syst\u00e8me.\u00a0<strong>L'enregistrement doit se faire chaque jour, avant que la personne qui ex\u00e9cute les travaux se mette au travail.<\/strong><\/p>\n<p>&nbsp;<\/p>\n<h3>Quels travaux?<\/h3>\n<p>L'enregistrement est obligatoire si le montant des travaux est\u00a0<strong>\u00e9gal ou sup\u00e9rieur \u00e0 \u20ac500 000<\/strong>.\u00a0Quelques exemples : travaux maritimes, entretien de chauffage central, nettoyage de b\u00e2timents, entretien de terrains...<\/p>\n<h3><strong>Qui doit \u00eatre enregistr\u00e9?<\/strong><\/h3>\n<p>Toutes les personnes qui ex\u00e9cutent\u00a0<strong>des travaux dans des immeubles<\/strong>\u00a0et toutes les personnes qui sont actives dans\u00a0<strong>le secteur de la viande<\/strong>\u00a0sont concern\u00e9es et doivent \u00eatre enregistr\u00e9es.<\/p>\n<ol>\n<li>D'autres personnes doivent eux aussi \u00eatre enregistr\u00e9es, comme la direction de construction responsable du projet, la direction de construction comp\u00e9tente pour le contr\u00f4le et l'ex\u00e9cution, le coordinateur qui est responsable de la s\u00e9curit\u00e9 et le bien-\u00eatre pendant l'\u00e9laboration du projet de construction et le coordinateur qui est responsable de la s\u00e9curit\u00e9 et le bien-\u00eatre pendant l'ex\u00e9cution du projet de construction.<\/li>\n<li>Tous ceux qui effectuent des activit\u00e9s en rapport avec les pr\u00e9parations ou les produits de viande et l'abattage ou la d\u00e9coupe d'ongul\u00e9s, de volaille ou de lapins dans des \u00e9tablissements soumis \u00e0 l'agr\u00e9ment (agr\u00e9ments, autorisations et enregistrements pr\u00e9alables) de l'Agence f\u00e9d\u00e9rale pour la S\u00e9curit\u00e9 de la Cha\u00eene alimentaire (AFSCA).<\/li>\n<\/ol>\n<p><a class=\"button cta\" href=\"#contact\">D\u00e9mo gratuite ou plus d'info? <strong>Contactez-nous<\/strong><\/a><\/p>\n","protected":false},"excerpt":{"rendered":"<p>Le Checkinatwork peut se faire automatiquement La personne s'enregistre via le syst\u00e8me de localisation Traxgo install\u00e9 dans vos v\u00e9hicules ou via une pointeuse sur place. Vous pouvez vous enregistrer via le Construbadge,\u00a0le badge ToBeLisa\u00a0ou m\u00eame avec votre propre badge.\u00a0Toutes les donn\u00e9es du chantier et des salari\u00e9s sont envoy\u00e9es vers\u00a0la plate-forme Traxgo, trait\u00e9es et transmises de [&hellip;]<\/p>\n","protected":false},"author":1,"featured_media":421,"parent":553,"menu_order":0,"comment_status":"closed","ping_status":"closed","template":"","meta":{"_acf_changed":false,"footnotes":""},"class_list":["post-650","page","type-page","status-publish","has-post-thumbnail","hentry"],"acf":[],"_links":{"self":[{"href":"https:\/\/www.traxgo.be\/fr\/wp-json\/wp\/v2\/pages\/650","targetHints":{"allow":["GET"]}}],"collection":[{"href":"https:\/\/www.traxgo.be\/fr\/wp-json\/wp\/v2\/pages"}],"about":[{"href":"https:\/\/www.traxgo.be\/fr\/wp-json\/wp\/v2\/types\/page"}],"author":[{"embeddable":true,"href":"https:\/\/www.traxgo.be\/fr\/wp-json\/wp\/v2\/users\/1"}],"replies":[{"embeddable":true,"href":"https:\/\/www.traxgo.be\/fr\/wp-json\/wp\/v2\/comments?post=650"}],"version-history":[{"count":18,"href":"https:\/\/www.traxgo.be\/fr\/wp-json\/wp\/v2\/pages\/650\/revisions"}],"predecessor-version":[{"id":17894,"href":"https:\/\/www.traxgo.be\/fr\/wp-json\/wp\/v2\/pages\/650\/revisions\/17894"}],"up":[{"embeddable":true,"href":"https:\/\/www.traxgo.be\/fr\/wp-json\/wp\/v2\/pages\/553"}],"wp:featuredmedia":[{"embeddable":true,"href":"https:\/\/www.traxgo.be\/fr\/wp-json\/wp\/v2\/media\/421"}],"wp:attachment":[{"href":"https:\/\/www.traxgo.be\/fr\/wp-json\/wp\/v2\/media?parent=650"}],"curies":[{"name":"wp","href":"https:\/\/api.w.org\/{rel}","templated":true}]}}