{"id":657,"date":"2018-02-14T15:04:51","date_gmt":"2018-02-14T15:04:51","guid":{"rendered":"http:\/\/www.traxgo.be\/?page_id=657"},"modified":"2025-03-04T10:27:01","modified_gmt":"2025-03-04T10:27:01","slug":"lisabadge","status":"publish","type":"page","link":"https:\/\/www.traxgo.be\/fr\/online-track-et-trace-et-systemes-de-localisation\/enregistrement-des-presences-checkinatwork\/lisabadge\/","title":{"rendered":"LISABADGE"},"content":{"rendered":"<h2>LISAbadge<\/h2>\n<p><strong><img loading=\"lazy\" decoding=\"async\" class=\"alignright wp-image-458 size-full\" title=\"tobelisa _ checkinatwork\" src=\"http:\/\/www.traxgo.be\/wp-content\/uploads\/2018\/02\/tobelisa_checkinatwork.jpg\" alt=\"tobelisa _ checkinatwork\" width=\"320\" height=\"320\" srcset=\"https:\/\/www.traxgo.be\/wp-content\/uploads\/2018\/02\/tobelisa_checkinatwork.jpg 320w, https:\/\/www.traxgo.be\/wp-content\/uploads\/2018\/02\/tobelisa_checkinatwork-300x300.jpg 300w, https:\/\/www.traxgo.be\/wp-content\/uploads\/2018\/02\/tobelisa_checkinatwork-150x150.jpg 150w\" sizes=\"auto, (max-width: 320px) 100vw, 320px\" \/>Le \u00ab badge ToBeLisa \u00bb<\/strong>\u00a0est un badge avec lequel chaque salari\u00e9 peut s'enregistrer sur le chantier, \u00e0 l'instar du Construbadge, mais il dispose de\u00a0<strong>fonctionnalit\u00e9s additionnelles<\/strong>\u00a0qui all\u00e8gent le travail administratif.<\/p>\n<ul>\n<li><strong>Utilisable sur tous les appareils<\/strong><\/li>\n<li>Sert pour tous\u00a0<strong>les salari\u00e9s<\/strong><\/li>\n<li>Assure\u00a0<strong>des donn\u00e9es 100 % fiables<\/strong><\/li>\n<li>Fonctionnement simple et\u00a0<strong>utilisable imm\u00e9diatement sans codage<\/strong><\/li>\n<li><strong>Ne doit pas \u00eatre renouvel\u00e9 annuellement<\/strong><\/li>\n<li>Possibilit\u00e9 d'enregistrer facilement\u00a0<strong>des salari\u00e9s \u00e9trangers (LIMOSA)<\/strong><\/li>\n<li><strong>Une\u00a0aide pour la sous-traitance<\/strong><\/li>\n<\/ul>\n<p><strong>Demandez vite votre badge ToBeLISA et combinez-le avec un syst\u00e8me Traxgo.<\/strong><\/p>\n<div style=\"padding: 0px 35px; background-color: #eeeeee; display: inline-block;\">\n<h3>Pour quoi pouvez-vous contacter Traxgo?<\/h3>\n<p>Pour acheter un LisaBadge vous-m\u00eame, nous souhaitons vous r\u00e9f\u00e9rer \u00e0 <a href=\"https:\/\/www.tobelisa.be\/fr\/lisabadge\" target=\"_blank\" rel=\"noopener noreferrer\">tobelisa.be<\/a>. Cependant, si vous souhaitez faire un lien entre les donn\u00e9es de LisaBadge et les informations de suivi et de trace, vous \u00eates au bon endroit. Avec un syst\u00e8me de badges dans vos v\u00e9hicules ou via une <a href=\"https:\/\/www.traxgo.be\/fr\/pointeuse\/\">pointeuse mobile<\/a> sur le chantier, nous pouvons automatiser votre <a href=\"https:\/\/www.traxgo.be\/fr\/online-track-et-trace-et-systemes-de-localisation\/enregistrement-des-presences-checkinatwork\/\">enregistrement Checkinatwork<\/a>.<\/p>\n<\/div>\n<p><a class=\"button cta\" href=\"#contact\">Plus d'information? <strong>Contactez-nous<\/strong><\/a><\/p>\n<p>&nbsp;<\/p>\n<p><strong>Consultez des informations d\u00e9taill\u00e9es sur:<\/strong><\/p>\n<ul>\n<li><a href=\"http:\/\/www.traxgo.be\/fr\/online-track-et-trace-et-systemes-de-localisation\/enregistrement-des-presences-checkinatwork\/\">Checkinatwork<\/a><\/li>\n<li><a href=\"http:\/\/www.traxgo.be\/fr\/pointeuse\/\">La pointeuse<\/a><\/li>\n<li><a href=\"http:\/\/www.traxgo.be\/fr\/online-track-et-trace-et-systemes-de-localisation\/localisation-machines\/\">Localisation de vos machines\u00a0<\/a> <a href=\"http:\/\/www.traxgo.be\/fr\/localisation-de-remorques\/\">et de vos remorques<\/a><\/li>\n<li><a href=\"http:\/\/www.traxgo.be\/fr\/online-track-et-trace-et-systemes-de-localisation\/\">Autres solutions<\/a><\/li>\n<\/ul>\n","protected":false},"excerpt":{"rendered":"<p>LISAbadge Le \u00ab badge ToBeLisa \u00bb\u00a0est un badge avec lequel chaque salari\u00e9 peut s'enregistrer sur le chantier, \u00e0 l'instar du Construbadge, mais il dispose de\u00a0fonctionnalit\u00e9s additionnelles\u00a0qui all\u00e8gent le travail administratif. Utilisable sur tous les appareils Sert pour tous\u00a0les salari\u00e9s Assure\u00a0des donn\u00e9es 100 % fiables Fonctionnement simple et\u00a0utilisable imm\u00e9diatement sans codage Ne doit pas \u00eatre renouvel\u00e9 [&hellip;]<\/p>\n","protected":false},"author":2,"featured_media":453,"parent":650,"menu_order":0,"comment_status":"closed","ping_status":"closed","template":"","meta":{"_acf_changed":false,"footnotes":""},"class_list":["post-657","page","type-page","status-publish","has-post-thumbnail","hentry"],"acf":[],"_links":{"self":[{"href":"https:\/\/www.traxgo.be\/fr\/wp-json\/wp\/v2\/pages\/657","targetHints":{"allow":["GET"]}}],"collection":[{"href":"https:\/\/www.traxgo.be\/fr\/wp-json\/wp\/v2\/pages"}],"about":[{"href":"https:\/\/www.traxgo.be\/fr\/wp-json\/wp\/v2\/types\/page"}],"author":[{"embeddable":true,"href":"https:\/\/www.traxgo.be\/fr\/wp-json\/wp\/v2\/users\/2"}],"replies":[{"embeddable":true,"href":"https:\/\/www.traxgo.be\/fr\/wp-json\/wp\/v2\/comments?post=657"}],"version-history":[{"count":10,"href":"https:\/\/www.traxgo.be\/fr\/wp-json\/wp\/v2\/pages\/657\/revisions"}],"predecessor-version":[{"id":17224,"href":"https:\/\/www.traxgo.be\/fr\/wp-json\/wp\/v2\/pages\/657\/revisions\/17224"}],"up":[{"embeddable":true,"href":"https:\/\/www.traxgo.be\/fr\/wp-json\/wp\/v2\/pages\/650"}],"wp:featuredmedia":[{"embeddable":true,"href":"https:\/\/www.traxgo.be\/fr\/wp-json\/wp\/v2\/media\/453"}],"wp:attachment":[{"href":"https:\/\/www.traxgo.be\/fr\/wp-json\/wp\/v2\/media?parent=657"}],"curies":[{"name":"wp","href":"https:\/\/api.w.org\/{rel}","templated":true}]}}