{"id":661,"date":"2018-01-25T12:59:25","date_gmt":"2018-01-25T12:59:25","guid":{"rendered":"http:\/\/www.traxgo.be\/online-monitoring-en-track-and-trace-systemen-traxgo\/draaiuren\/"},"modified":"2025-12-18T08:56:21","modified_gmt":"2025-12-18T08:56:21","slug":"enregistrement-des-heures-de-services","status":"publish","type":"page","link":"https:\/\/www.traxgo.be\/fr\/online-track-et-trace-et-systemes-de-localisation\/enregistrement-des-heures-de-services\/","title":{"rendered":"ENREGISTREMENT DES HEURES DE SERVICES"},"content":{"rendered":"<h2>Contr\u00f4le des heures de services<\/h2>\n<p><img loading=\"lazy\" decoding=\"async\" class=\"alignright wp-image-349 size-full\" src=\"http:\/\/www.traxgo.be\/wp-content\/uploads\/2018\/02\/Draaiuren-Traxgo-kraanman-500px.jpg\" alt=\"Contr\u00f4le des heures de services - Track and trace\" width=\"500\" height=\"333\" srcset=\"https:\/\/www.traxgo.be\/wp-content\/uploads\/2018\/02\/Draaiuren-Traxgo-kraanman-500px.jpg 500w, https:\/\/www.traxgo.be\/wp-content\/uploads\/2018\/02\/Draaiuren-Traxgo-kraanman-500px-300x200.jpg 300w\" sizes=\"auto, (max-width: 500px) 100vw, 500px\" \/>L'enregistrement des heures de fonctionnement de vos machines a lieu via le logiciel Traxgo. Les heures sont conserv\u00e9es sur <a href=\"http:\/\/www.traxgo.be\/fr\/logiciel-track-trace\/\">la plateforme en ligne<\/a>, o\u00f9 vous pourrez <strong>consulter<\/strong> et <strong>analyser<\/strong> rapidement et simplement toutes les donn\u00e9es, qui sont pr\u00e9sent\u00e9es sous forme de tableaux et de graphiques. Elles sont accessibles 24 h\/24. L'int\u00e9r\u00eat pour vous? L'opportunit\u00e9 d'<strong>am\u00e9liorer encore le rendement<\/strong> de vos machines!<\/p>\n<h3>Vos avantages:<\/h3>\n<ul class=\"advantages\">\n<li>La <strong>notification automatique<\/strong> vous indiquant qu'une machine doit \u00eatre entretenue vous fait gagner en confort\/facilit\u00e9, et vous avez la certitude totale que les machines seront entretenues au moment le plus opportun.<\/li>\n<li>Votre machine est <strong>utilis\u00e9e de mani\u00e8re optimale<\/strong>, avec \u00e0 la cl\u00e9 des b\u00e9n\u00e9fices et\/ou une r\u00e9duction des co\u00fbts suppl\u00e9mentaires pour votre soci\u00e9t\u00e9.<\/li>\n<li>Le logiciel Traxgo rassemble toutes les prestations sous forme de graphiques ou tableaux, ce qui vous permet, en tant qu'utilisateur, de <strong>gagner<\/strong> beaucoup de <strong>temps administratif<\/strong>.<\/li>\n<li>La <strong>facturation<\/strong> des prestations \u00e0 vos clients est confortable et g\u00e9n\u00e8re un gain de temps pour vous.<\/li>\n<\/ul>\n<p><a class=\"button cta\" href=\"#contact\">D\u00e9mo gratuite ou plus d'info? <strong>Contactez-nous<\/strong><\/a><\/p>\n<div style=\"padding: 10px 15px; border-left: Solid 3px #75a3a3; background: linear-gradient(90deg,rgba(238, 238, 238, 1) 0%, rgba(255, 255, 255, 1) 75%);\">\n<h4 style=\"padding: 0; margin: 0; padding-bottom: 5px;\">Propre \u00e9quipe d'installation, unique dans le secteur du suivi et tra\u00e7abilit\u00e9<\/h4>\n<div style=\"display: inline-block; margin-right: 10px;\"><i class=\"fa fa-star-o\" style=\"color: #75a3a3;\" aria-hidden=\"true\"><\/i> Collaborateurs comp\u00e9tent<\/div>\n<div style=\"display: inline-block; margin-right: 10px;\"><i class=\"fa fa-star-o\" style=\"color: #75a3a3;\" aria-hidden=\"true\"><\/i> Installation rapide et ponctuelle<\/div>\n<div style=\"display: inline-block; margin-right: 10px;\"><i class=\"fa fa-star-o\" style=\"color: #75a3a3;\" aria-hidden=\"true\"><\/i> Prix fixe, sans frais suppl\u00e9mentaires<\/div>\n<\/div>\n<p>&nbsp;<\/p>\n<p><strong>Consultez des informations d\u00e9taill\u00e9es sur:<\/strong><\/p>\n<ul>\n<li><a href=\"http:\/\/www.traxgo.be\/fr\/online-track-et-trace-et-systemes-de-localisation\/enregistrement-des-presences-checkinatwork\/\">Checkinatwork<\/a><\/li>\n<li><a href=\"http:\/\/www.traxgo.be\/fr\/pointeuse\/\">La pointeuse<\/a><\/li>\n<li><a href=\"http:\/\/www.traxgo.be\/fr\/online-track-et-trace-et-systemes-de-localisation\/localisation-machines\/\">Localisation de vos machines\u00a0<\/a> <a href=\"http:\/\/www.traxgo.be\/fr\/localisation-de-remorques\/\">et de vos remorques<\/a><\/li>\n<li><a href=\"https:\/\/www.traxgo.be\/fr\/online-track-et-trace-et-systemes-de-localisation\/enregistrement-du-kilometrage\/\">L'enregistrement du kilom\u00e9trage<\/a><\/li>\n<li><a href=\"http:\/\/www.traxgo.be\/fr\/online-track-et-trace-et-systemes-de-localisation\/\">Autres solutions<\/a><\/li>\n<\/ul>\n","protected":false},"excerpt":{"rendered":"<p>Contr\u00f4le des heures de services L'enregistrement des heures de fonctionnement de vos machines a lieu via le logiciel Traxgo. Les heures sont conserv\u00e9es sur la plateforme en ligne, o\u00f9 vous pourrez consulter et analyser rapidement et simplement toutes les donn\u00e9es, qui sont pr\u00e9sent\u00e9es sous forme de tableaux et de graphiques. Elles sont accessibles 24 h\/24. [&hellip;]<\/p>\n","protected":false},"author":1,"featured_media":345,"parent":553,"menu_order":0,"comment_status":"closed","ping_status":"closed","template":"","meta":{"_acf_changed":false,"footnotes":""},"class_list":["post-661","page","type-page","status-publish","has-post-thumbnail","hentry"],"acf":[],"_links":{"self":[{"href":"https:\/\/www.traxgo.be\/fr\/wp-json\/wp\/v2\/pages\/661","targetHints":{"allow":["GET"]}}],"collection":[{"href":"https:\/\/www.traxgo.be\/fr\/wp-json\/wp\/v2\/pages"}],"about":[{"href":"https:\/\/www.traxgo.be\/fr\/wp-json\/wp\/v2\/types\/page"}],"author":[{"embeddable":true,"href":"https:\/\/www.traxgo.be\/fr\/wp-json\/wp\/v2\/users\/1"}],"replies":[{"embeddable":true,"href":"https:\/\/www.traxgo.be\/fr\/wp-json\/wp\/v2\/comments?post=661"}],"version-history":[{"count":18,"href":"https:\/\/www.traxgo.be\/fr\/wp-json\/wp\/v2\/pages\/661\/revisions"}],"predecessor-version":[{"id":17954,"href":"https:\/\/www.traxgo.be\/fr\/wp-json\/wp\/v2\/pages\/661\/revisions\/17954"}],"up":[{"embeddable":true,"href":"https:\/\/www.traxgo.be\/fr\/wp-json\/wp\/v2\/pages\/553"}],"wp:featuredmedia":[{"embeddable":true,"href":"https:\/\/www.traxgo.be\/fr\/wp-json\/wp\/v2\/media\/345"}],"wp:attachment":[{"href":"https:\/\/www.traxgo.be\/fr\/wp-json\/wp\/v2\/media?parent=661"}],"curies":[{"name":"wp","href":"https:\/\/api.w.org\/{rel}","templated":true}]}}