{"id":669,"date":"2018-01-25T12:57:45","date_gmt":"2018-01-25T12:57:45","guid":{"rendered":"http:\/\/www.traxgo.be\/online-monitoring-en-track-and-trace-systemen-traxgo\/materialen\/"},"modified":"2025-12-15T14:08:02","modified_gmt":"2025-12-15T14:08:02","slug":"localisation-materiaux","status":"publish","type":"page","link":"https:\/\/www.traxgo.be\/fr\/online-track-et-trace-et-systemes-de-localisation\/localisation-materiaux\/","title":{"rendered":"LOCALISATION DE MAT\u00c9RIAUX"},"content":{"rendered":"<h2>Gardez l'\u0153il sur vos mat\u00e9riaux, partout et en temps r\u00e9el<\/h2>\n<p><img loading=\"lazy\" decoding=\"async\" class=\"alignright wp-image-302 size-full\" title=\"Container tracking, Traceur GPS pour mat\u00e9riaux - Traxgo\" src=\"http:\/\/www.traxgo.be\/wp-content\/uploads\/2018\/02\/Containerpark-transparant.jpg\" alt=\"Container tracking, Traceur GPS pour mat\u00e9riaux - Traxgo\" width=\"496\" height=\"462\" srcset=\"https:\/\/www.traxgo.be\/wp-content\/uploads\/2018\/02\/Containerpark-transparant.jpg 496w, https:\/\/www.traxgo.be\/wp-content\/uploads\/2018\/02\/Containerpark-transparant-300x279.jpg 300w\" sizes=\"auto, (max-width: 496px) 100vw, 496px\" \/>Gr\u00e2ce \u00e0 la technologie BT, vous voyez<strong>\u00a0en un coup d'\u0153il o\u00f9 se trouvent vos mat\u00e9riaux, 7 jours sur 7, 24 heures sur 24<\/strong>. Le mat\u00e9riel est pourvu d'une petite \u00e9tiquette. Les \u00e9tiquettes sont en liaison avec un syst\u00e8me de localisation Traxgo, qui\u00a0<strong>transmet leur position de fa\u00e7on automatique et instantan\u00e9e<\/strong>. L'\u00e9tiquette BT permet donc de localiser tout votre mat\u00e9riel.<\/p>\n<p>Nous vous aidons ainsi \u00e0 garder la trace de mat\u00e9riaux de construction, d'\u00e9chafaudages, de b\u00e9tonni\u00e8res, de scies circulaires, <a href=\"https:\/\/www.traxgo.be\/fr\/localisation-de-conteneurs\/\">de conteneurs<\/a>, de toilettes mobiles, de panneaux de signalisation, de grues, de monte-charges, de silos, <a href=\"https:\/\/www.traxgo.be\/fr\/localisation-de-remorques\/\">de remorques<\/a> et bien plus encore ...<\/p>\n<h3>Avantages du suivi des mat\u00e9riaux<\/h3>\n<ul class=\"advantages\">\n<li><strong>Gain de temps et d'argent\u00a0<\/strong>par une r\u00e9duction de l'administration<\/li>\n<li><strong>S\u00e9curit\u00e9\u00a0<\/strong>gr\u00e2ce \u00e0 une localisation pr\u00e9cise<\/li>\n<li><strong>Confort\u00a0<\/strong>gr\u00e2ce \u00e0 la m\u00e9thode d'enregistrement conviviale et simple<\/li>\n<li><strong>Un aper\u00e7u de tous vos mat\u00e9riaux<\/strong>. L'\u00e9tiquette BT rend votre travail beaucoup plus agr\u00e9able<\/li>\n<\/ul>\n<p><a class=\"button cta\" href=\"#contact\">D\u00e9mo gratuite ou plus d'info? <strong>Contactez-nous<\/strong><\/a><\/p>\n<div style=\"padding: 10px 15px; border-left: Solid 3px #75a3a3; background: linear-gradient(90deg,rgba(238, 238, 238, 1) 0%, rgba(255, 255, 255, 1) 75%);\">\n<h4 style=\"padding: 0; margin: 0; padding-bottom: 5px;\">Propre \u00e9quipe d'installation, unique dans le secteur du suivi et tra\u00e7abilit\u00e9<\/h4>\n<div style=\"display: inline-block; margin-right: 10px;\"><i class=\"fa fa-star-o\" style=\"color: #75a3a3;\" aria-hidden=\"true\"><\/i> Collaborateurs comp\u00e9tent<\/div>\n<div style=\"display: inline-block; margin-right: 10px;\"><i class=\"fa fa-star-o\" style=\"color: #75a3a3;\" aria-hidden=\"true\"><\/i> Installation rapide et ponctuelle<\/div>\n<div style=\"display: inline-block; margin-right: 10px;\"><i class=\"fa fa-star-o\" style=\"color: #75a3a3;\" aria-hidden=\"true\"><\/i> Prix fixe, sans frais suppl\u00e9mentaires<\/div>\n<\/div>\n<p>&nbsp;<\/p>\n<h3>Syst\u00e8mes de suivi en temps r\u00e9el<\/h3>\n<p>Le suivi du mat\u00e9riel conduit logiquement \u00e0 une meilleure <a href=\"https:\/\/www.traxgo.be\/fr\/ameliorer-votre-gestion-du-materiel\/\">gestion du mat\u00e9riel<\/a>. L'application gagne \u00e0 juste titre en popularit\u00e9. Aujourd'hui, il existe des syst\u00e8mes technologiquement avanc\u00e9s qui automatisent le suivi et la gestion du mat\u00e9riel. Le suivi du mat\u00e9riel devient tout simplement un \u00e9l\u00e9ment indispensable pour les entreprises. Consid\u00e9rons, par exemple, le tra\u00e7age de mat\u00e9riaux de construction pr\u00e9cieux sur les chantiers de construction, tels que des machines co\u00fbteuses. Les entreprises de construction savent alors exactement o\u00f9 se trouve leur mat\u00e9riel.<\/p>\n<p>Les syst\u00e8mes de suivi de Traxgo vous permettent d'avoir une vue d'ensemble en un coup d'\u0153il, \u00e0 tout moment, n'importe o\u00f9. Une solution de surveillance intelligente comme celle-ci de Traxgo collecte automatiquement et en temps r\u00e9el toutes les informations pertinentes sur votre mat\u00e9riel. De cette fa\u00e7on, vous pouvez travailler plus efficacement et \u00e9conomiser beaucoup de travail administratif. De plus, la communication \u00e0 ce sujet avec les clients et les employ\u00e9s est \u00e9galement beaucoup plus pr\u00e9cise et plus fluide. Vous pouvez consulter \u00e0 tout moment un aper\u00e7u en temps r\u00e9el via notre plateforme num\u00e9rique.<\/p>\n<p><a class=\"button cta\" href=\"#contact\">D\u00e9mo gratuite ou plus d'info? <strong>Contactez-nous<\/strong><\/a><\/p>\n<p>&nbsp;<\/p>\n<p><strong>Consultez des informations d\u00e9taill\u00e9es sur:<\/strong><\/p>\n<ul>\n<li><a href=\"http:\/\/www.traxgo.be\/fr\/online-track-et-trace-et-systemes-de-localisation\/enregistrement-des-presences-checkinatwork\/\">Checkinatwork<\/a><\/li>\n<li><a href=\"http:\/\/www.traxgo.be\/fr\/pointeuse\/\">La pointeuse<\/a><\/li>\n<li><a href=\"http:\/\/www.traxgo.be\/fr\/online-track-et-trace-et-systemes-de-localisation\/localisation-machines\/\">Localisation de vos machines<\/a><\/li>\n<li><a href=\"https:\/\/www.traxgo.be\/fr\/conseils-pour-prevenir-le-vol-de-vos-equipements-de-travail\/\">Antivol \u00e9quipement de travail<\/a><\/li>\n<li><a href=\"http:\/\/www.traxgo.be\/fr\/localisation-de-remorques\/\">G\u00e9olocalisation de vos remorques<\/a><\/li>\n<li><a href=\"http:\/\/www.traxgo.be\/fr\/online-track-et-trace-et-systemes-de-localisation\/\">Autres solutions<\/a><\/li>\n<\/ul>\n","protected":false},"excerpt":{"rendered":"<p>Gardez l'\u0153il sur vos mat\u00e9riaux, partout et en temps r\u00e9el Gr\u00e2ce \u00e0 la technologie BT, vous voyez\u00a0en un coup d'\u0153il o\u00f9 se trouvent vos mat\u00e9riaux, 7 jours sur 7, 24 heures sur 24. Le mat\u00e9riel est pourvu d'une petite \u00e9tiquette. Les \u00e9tiquettes sont en liaison avec un syst\u00e8me de localisation Traxgo, qui\u00a0transmet leur position de [&hellip;]<\/p>\n","protected":false},"author":1,"featured_media":304,"parent":553,"menu_order":0,"comment_status":"closed","ping_status":"closed","template":"","meta":{"_acf_changed":false,"footnotes":""},"class_list":["post-669","page","type-page","status-publish","has-post-thumbnail","hentry"],"acf":[],"_links":{"self":[{"href":"https:\/\/www.traxgo.be\/fr\/wp-json\/wp\/v2\/pages\/669","targetHints":{"allow":["GET"]}}],"collection":[{"href":"https:\/\/www.traxgo.be\/fr\/wp-json\/wp\/v2\/pages"}],"about":[{"href":"https:\/\/www.traxgo.be\/fr\/wp-json\/wp\/v2\/types\/page"}],"author":[{"embeddable":true,"href":"https:\/\/www.traxgo.be\/fr\/wp-json\/wp\/v2\/users\/1"}],"replies":[{"embeddable":true,"href":"https:\/\/www.traxgo.be\/fr\/wp-json\/wp\/v2\/comments?post=669"}],"version-history":[{"count":25,"href":"https:\/\/www.traxgo.be\/fr\/wp-json\/wp\/v2\/pages\/669\/revisions"}],"predecessor-version":[{"id":17939,"href":"https:\/\/www.traxgo.be\/fr\/wp-json\/wp\/v2\/pages\/669\/revisions\/17939"}],"up":[{"embeddable":true,"href":"https:\/\/www.traxgo.be\/fr\/wp-json\/wp\/v2\/pages\/553"}],"wp:featuredmedia":[{"embeddable":true,"href":"https:\/\/www.traxgo.be\/fr\/wp-json\/wp\/v2\/media\/304"}],"wp:attachment":[{"href":"https:\/\/www.traxgo.be\/fr\/wp-json\/wp\/v2\/media?parent=669"}],"curies":[{"name":"wp","href":"https:\/\/api.w.org\/{rel}","templated":true}]}}