{"id":676,"date":"2018-01-25T12:59:35","date_gmt":"2018-01-25T12:59:35","guid":{"rendered":"http:\/\/www.traxgo.be\/online-monitoring-en-track-and-trace-systemen-traxgo\/temperatuur\/"},"modified":"2025-12-18T08:57:51","modified_gmt":"2025-12-18T08:57:51","slug":"enrgistrement-de-temperature","status":"publish","type":"page","link":"https:\/\/www.traxgo.be\/fr\/online-track-et-trace-et-systemes-de-localisation\/enrgistrement-de-temperature\/","title":{"rendered":"ENREGISTREMENT DE TEMP\u00c9RATURE"},"content":{"rendered":"<h2>Contr\u00f4lez votre temp\u00e9rature \u00e0 distance<\/h2>\n<h3><img loading=\"lazy\" decoding=\"async\" class=\"alignright wp-image-358 size-full\" src=\"http:\/\/www.traxgo.be\/wp-content\/uploads\/2018\/02\/koelContainers-temperatuurregistratie-TraxgoOOG-500px.jpg\" alt=\"Contr\u00f4lez votre temp\u00e9rature \u00e0 distance\" width=\"500\" height=\"334\" srcset=\"https:\/\/www.traxgo.be\/wp-content\/uploads\/2018\/02\/koelContainers-temperatuurregistratie-TraxgoOOG-500px.jpg 500w, https:\/\/www.traxgo.be\/wp-content\/uploads\/2018\/02\/koelContainers-temperatuurregistratie-TraxgoOOG-500px-300x200.jpg 300w\" sizes=\"auto, (max-width: 500px) 100vw, 500px\" \/>Comment fonctionne le contr\u00f4le \u00e0 distance de la temp\u00e9rature?<\/h3>\n<p>Un <strong>capteur de temp\u00e9rature<\/strong> est mont\u00e9 dans la zone r\u00e9frig\u00e9r\u00e9e et est en liaison constante avec le <a href=\"https:\/\/www.traxgo.be\/fr\/traceur-gps\/\">traceur GPS<\/a>. Il v\u00e9rifie en temps r\u00e9el si la temp\u00e9rature d\u00e9sir\u00e9e est atteinte. En cas de valeur erron\u00e9e, une notification d'alarme est imm\u00e9diatement envoy\u00e9e, ce qui vous permet d'\u2019intervenir <strong>instantan\u00e9ment<\/strong> et <strong>efficacement<\/strong>, afin d'\u00e9viter, si possible, les pertes\/dommages.<\/p>\n<h3>Vos avantages<\/h3>\n<ul class=\"advantages\">\n<li>Une <strong>s\u00e9curit\u00e9<\/strong> \u00e0 100 % gr\u00e2ce au respect total <a href=\"http:\/\/www.traxgo.be\/fr\/normes-haccp\/\">des normes HACCP<\/a>.<\/li>\n<li>Gr\u00e2ce \u00e0 la <strong>notification d\u2019alarme<\/strong> imm\u00e9diate, vous \u00e9vitez au maximum les d\u00e9g\u00e2ts, et donc les pertes de temps et d\u2019argent.<\/li>\n<li>Facilit\u00e9 et <strong>certitude<\/strong>: toutes vos donn\u00e9es enregistr\u00e9es sont conserv\u00e9es pendant 365 jours.<\/li>\n<li>Le<strong> traitement num\u00e9rique<\/strong> des donn\u00e9es est une solution pratique, rapide et \u00e9cologique.<\/li>\n<\/ul>\n<p><a class=\"button cta\" href=\"#contact\">D\u00e9mo gratuite ou plus d'info? <strong>Contactez-nous<\/strong><\/a><\/p>\n<div style=\"padding: 10px 15px; border-left: Solid 3px #75a3a3; background: linear-gradient(90deg,rgba(238, 238, 238, 1) 0%, rgba(255, 255, 255, 1) 75%);\">\n<h4 style=\"padding: 0; margin: 0; padding-bottom: 5px;\">Propre \u00e9quipe d'installation, unique dans le secteur du suivi et tra\u00e7abilit\u00e9<\/h4>\n<div style=\"display: inline-block; margin-right: 10px;\"><i class=\"fa fa-star-o\" style=\"color: #75a3a3;\" aria-hidden=\"true\"><\/i> Collaborateurs comp\u00e9tent<\/div>\n<div style=\"display: inline-block; margin-right: 10px;\"><i class=\"fa fa-star-o\" style=\"color: #75a3a3;\" aria-hidden=\"true\"><\/i> Installation rapide et ponctuelle<\/div>\n<div style=\"display: inline-block; margin-right: 10px;\"><i class=\"fa fa-star-o\" style=\"color: #75a3a3;\" aria-hidden=\"true\"><\/i> Prix fixe, sans frais suppl\u00e9mentaires<\/div>\n<\/div>\n<p>&nbsp;<\/p>\n<h3>La temp\u00e9rature est le facteur le plus d\u00e9licat et le plus crucial dans l\u2019alimentation<\/h3>\n<p>La temp\u00e9rature doit \u00eatre \u00e9troitement surveill\u00e9e lors du transport de denr\u00e9es alimentaires. Il incombe donc au transporteur de tout mettre en \u0153uvre pour \u00e9viter les d\u00e9g\u00e2ts. C\u2019est la raison pour laquelle il est primordial de respecter \u00e0 100 % <strong>les normes HACCP<\/strong>! Le choix d\u2019un syst\u00e8me dans lequel l\u2019enregistrement est enti\u00e8rement <strong>automatique<\/strong> est donc un choix \u00e9vident.<\/p>\n<p>En savoir plus sur nos <a href=\"https:\/\/www.traxgo.be\/fr\/capteur-de-temperature\/\">capteurs de temp\u00e9rature<\/a>.<\/p>\n<p>&nbsp;<\/p>\n<p><strong>Consultez des informations d\u00e9taill\u00e9es sur:<\/strong><\/p>\n<ul>\n<li><a href=\"http:\/\/www.traxgo.be\/fr\/online-track-et-trace-et-systemes-de-localisation\/enregistrement-des-presences-checkinatwork\/\">Checkinatwork<\/a><\/li>\n<li><a href=\"http:\/\/www.traxgo.be\/fr\/pointeuse\/\">La pointeuse<\/a><\/li>\n<li><a href=\"https:\/\/www.traxgo.be\/fr\/capteur-de-temperature\/\">Capteur de temp\u00e9rature pour votre cargaison<\/a><\/li>\n<li><a href=\"https:\/\/www.traxgo.be\/fr\/surveillance-de-la-temperature-avec-des-capteurs-calibres\/\">Surveillance de la temp\u00e9rature avec des capteurs calibr\u00e9s<\/a><\/li>\n<li><a href=\"http:\/\/www.traxgo.be\/fr\/online-track-et-trace-et-systemes-de-localisation\/localisation-machines\/\">Localisation de vos machines\u00a0<\/a> <a href=\"http:\/\/www.traxgo.be\/fr\/localisation-de-remorques\/\">et de vos remorques<\/a><\/li>\n<li><a href=\"https:\/\/www.traxgo.be\/fr\/localisation-de-conteneurs\/\">Localisation de conteneurs<\/a><\/li>\n<li><a href=\"http:\/\/www.traxgo.be\/fr\/online-track-et-trace-et-systemes-de-localisation\/\">Autres solutions<\/a><\/li>\n<\/ul>\n","protected":false},"excerpt":{"rendered":"<p>Contr\u00f4lez votre temp\u00e9rature \u00e0 distance Comment fonctionne le contr\u00f4le \u00e0 distance de la temp\u00e9rature? Un capteur de temp\u00e9rature est mont\u00e9 dans la zone r\u00e9frig\u00e9r\u00e9e et est en liaison constante avec le traceur GPS. Il v\u00e9rifie en temps r\u00e9el si la temp\u00e9rature d\u00e9sir\u00e9e est atteinte. En cas de valeur erron\u00e9e, une notification d'alarme est imm\u00e9diatement envoy\u00e9e, [&hellip;]<\/p>\n","protected":false},"author":1,"featured_media":361,"parent":553,"menu_order":0,"comment_status":"closed","ping_status":"closed","template":"","meta":{"_acf_changed":false,"footnotes":""},"class_list":["post-676","page","type-page","status-publish","has-post-thumbnail","hentry"],"acf":[],"_links":{"self":[{"href":"https:\/\/www.traxgo.be\/fr\/wp-json\/wp\/v2\/pages\/676","targetHints":{"allow":["GET"]}}],"collection":[{"href":"https:\/\/www.traxgo.be\/fr\/wp-json\/wp\/v2\/pages"}],"about":[{"href":"https:\/\/www.traxgo.be\/fr\/wp-json\/wp\/v2\/types\/page"}],"author":[{"embeddable":true,"href":"https:\/\/www.traxgo.be\/fr\/wp-json\/wp\/v2\/users\/1"}],"replies":[{"embeddable":true,"href":"https:\/\/www.traxgo.be\/fr\/wp-json\/wp\/v2\/comments?post=676"}],"version-history":[{"count":25,"href":"https:\/\/www.traxgo.be\/fr\/wp-json\/wp\/v2\/pages\/676\/revisions"}],"predecessor-version":[{"id":17956,"href":"https:\/\/www.traxgo.be\/fr\/wp-json\/wp\/v2\/pages\/676\/revisions\/17956"}],"up":[{"embeddable":true,"href":"https:\/\/www.traxgo.be\/fr\/wp-json\/wp\/v2\/pages\/553"}],"wp:featuredmedia":[{"embeddable":true,"href":"https:\/\/www.traxgo.be\/fr\/wp-json\/wp\/v2\/media\/361"}],"wp:attachment":[{"href":"https:\/\/www.traxgo.be\/fr\/wp-json\/wp\/v2\/media?parent=676"}],"curies":[{"name":"wp","href":"https:\/\/api.w.org\/{rel}","templated":true}]}}