{"id":681,"date":"2018-01-25T12:59:07","date_gmt":"2018-01-25T12:59:07","guid":{"rendered":"http:\/\/www.traxgo.be\/online-monitoring-en-track-and-trace-systemen-traxgo\/tijdregistratie\/"},"modified":"2024-09-20T08:07:57","modified_gmt":"2024-09-20T08:07:57","slug":"enregistrement-de-temps","status":"publish","type":"page","link":"https:\/\/www.traxgo.be\/fr\/online-track-et-trace-et-systemes-de-localisation\/enregistrement-de-temps\/","title":{"rendered":"ENREGISTREMENT DE TEMPS"},"content":{"rendered":"<h2>Votre administration du personnel peut se faire en un coup d'\u0153il<\/h2>\n<p><img loading=\"lazy\" decoding=\"async\" class=\"alignright wp-image-602\" src=\"http:\/\/www.traxgo.be\/wp-content\/uploads\/2018\/02\/Tijdregistratie-Traxgo-Trackandtrace-3.jpg\" alt=\"Syst\u00e8me d'enregistrement du temps en ligne\" width=\"510\" height=\"452\" srcset=\"https:\/\/www.traxgo.be\/wp-content\/uploads\/2018\/02\/Tijdregistratie-Traxgo-Trackandtrace-3.jpg 846w, https:\/\/www.traxgo.be\/wp-content\/uploads\/2018\/02\/Tijdregistratie-Traxgo-Trackandtrace-3-300x266.jpg 300w, https:\/\/www.traxgo.be\/wp-content\/uploads\/2018\/02\/Tijdregistratie-Traxgo-Trackandtrace-3-768x681.jpg 768w\" sizes=\"auto, (max-width: 510px) 100vw, 510px\" \/>Le syst\u00e8me de localisation Traxgo enregistre les d\u00e9placements et les pr\u00e9sences de votre service externe.\u00a0<strong>Vous ne devez pas noter les heures.\u00a0<\/strong>Le collaborateur s'enregistre\u00a0<strong><a href=\"http:\/\/www.traxgo.be\/fr\/pointeuse\/\">via un module de badge.<\/a> Toutes les donn\u00e9es sont affich\u00e9es automatiquement en temps r\u00e9el sur <a href=\"http:\/\/www.traxgo.be\/fr\/logiciel-track-trace\/\">la\u00a0plate-forme Traxgo.<\/a><\/strong>\u00a0Vous choisissez vous-m\u00eame quel rapport ou liste consulter.<\/p>\n<h3>Vos avantages<\/h3>\n<ul class=\"advantages\">\n<li>Le syst\u00e8me Traxgo assure\u00a0<strong>un gain \u00e9norme de temps<\/strong>. Les coll\u00e8gues ne doivent plus transmettre d'heures, analyser des bons de travail ou calculer des fiches de paie compliqu\u00e9es<\/li>\n<li>Vous \u00eates toujours certain que<strong> les heures enregistr\u00e9es et les kilom\u00e8tres parcourus sont\u00a0corrects<\/strong><\/li>\n<li><strong>Calcul\u00a0simple\u00a0<\/strong>de l'indemnit\u00e9 kilom\u00e9trique et des salaires<\/li>\n<li>Vous avez<strong>\u00a0une vue d'ensemble sur les heures de travail\u00a0<\/strong>et les d\u00e9placements<\/li>\n<li>Outil id\u00e9al pour\u00a0<strong>une refacturation correcte<\/strong><\/li>\n<\/ul>\n<p><a class=\"button cta\" href=\"#contact\">D\u00e9mo gratuite ou plus d'info? <strong>Contactez-nous<\/strong><\/a><\/p>\n<h3>Toujours \u00e0 jour avec l'enregistrement du temps<\/h3>\n<p>L'enregistrement du temps \u00e0 l'aide du syst\u00e8me de suivi et de tra\u00e7abilit\u00e9 Traxgo facilite non seulement votre administration, mais garantit \u00e9galement que beaucoup moins de temps est perdu: il n'est plus n\u00e9cessaire pour les employ\u00e9s de suivre et de d\u00e9clarer manuellement leurs heures, d'analyser les bons de travail papier. appartient au pass\u00e9, ... Gr\u00e2ce \u00e0 notre <strong>syst\u00e8me fiable d'enregistrement des temps<\/strong>, vous, en tant qu'employeur, \u00eates toujours au courant des heures de travail effectu\u00e9es et des kilom\u00e8tres parcourus par vos collaborateurs.<\/p>\n<p>&nbsp;<\/p>\n<p><strong>Consultez des informations d\u00e9taill\u00e9es sur:<\/strong><\/p>\n<ul>\n<li><a href=\"http:\/\/www.traxgo.be\/fr\/online-track-et-trace-et-systemes-de-localisation\/enregistrement-des-presences-checkinatwork\/\">Checkinatwork<\/a><\/li>\n<li><a href=\"http:\/\/www.traxgo.be\/fr\/pointeuse\/\">La pointeuse<\/a><\/li>\n<li><a href=\"https:\/\/www.traxgo.be\/fr\/suivi-du-temps-mobile\/\">Enregistrement mobile du temps<\/a><\/li>\n<li><a href=\"http:\/\/www.traxgo.be\/fr\/online-track-et-trace-et-systemes-de-localisation\/localisation-machines\/\">Localisation de vos machines<\/a> <a href=\"http:\/\/www.traxgo.be\/fr\/localisation-de-remorques\/\">et de vos remorques<\/a><\/li>\n<li><a href=\"http:\/\/www.traxgo.be\/fr\/online-track-et-trace-et-systemes-de-localisation\/\">Autres solutions<\/a><\/li>\n<\/ul>\n","protected":false},"excerpt":{"rendered":"<p>Votre administration du personnel peut se faire en un coup d'\u0153il Le syst\u00e8me de localisation Traxgo enregistre les d\u00e9placements et les pr\u00e9sences de votre service externe.\u00a0Vous ne devez pas noter les heures.\u00a0Le collaborateur s'enregistre\u00a0via un module de badge. Toutes les donn\u00e9es sont affich\u00e9es automatiquement en temps r\u00e9el sur la\u00a0plate-forme Traxgo.\u00a0Vous choisissez vous-m\u00eame quel rapport ou [&hellip;]<\/p>\n","protected":false},"author":1,"featured_media":7140,"parent":553,"menu_order":0,"comment_status":"closed","ping_status":"closed","template":"","meta":{"_acf_changed":false,"footnotes":""},"class_list":["post-681","page","type-page","status-publish","has-post-thumbnail","hentry"],"acf":[],"_links":{"self":[{"href":"https:\/\/www.traxgo.be\/fr\/wp-json\/wp\/v2\/pages\/681","targetHints":{"allow":["GET"]}}],"collection":[{"href":"https:\/\/www.traxgo.be\/fr\/wp-json\/wp\/v2\/pages"}],"about":[{"href":"https:\/\/www.traxgo.be\/fr\/wp-json\/wp\/v2\/types\/page"}],"author":[{"embeddable":true,"href":"https:\/\/www.traxgo.be\/fr\/wp-json\/wp\/v2\/users\/1"}],"replies":[{"embeddable":true,"href":"https:\/\/www.traxgo.be\/fr\/wp-json\/wp\/v2\/comments?post=681"}],"version-history":[{"count":16,"href":"https:\/\/www.traxgo.be\/fr\/wp-json\/wp\/v2\/pages\/681\/revisions"}],"predecessor-version":[{"id":16652,"href":"https:\/\/www.traxgo.be\/fr\/wp-json\/wp\/v2\/pages\/681\/revisions\/16652"}],"up":[{"embeddable":true,"href":"https:\/\/www.traxgo.be\/fr\/wp-json\/wp\/v2\/pages\/553"}],"wp:featuredmedia":[{"embeddable":true,"href":"https:\/\/www.traxgo.be\/fr\/wp-json\/wp\/v2\/media\/7140"}],"wp:attachment":[{"href":"https:\/\/www.traxgo.be\/fr\/wp-json\/wp\/v2\/media?parent=681"}],"curies":[{"name":"wp","href":"https:\/\/api.w.org\/{rel}","templated":true}]}}