{"id":684,"date":"2018-01-25T12:57:26","date_gmt":"2018-01-25T12:57:26","guid":{"rendered":"http:\/\/www.traxgo.be\/online-monitoring-en-track-and-trace-systemen-traxgo\/voertuigen\/"},"modified":"2026-02-11T12:04:01","modified_gmt":"2026-02-11T12:04:01","slug":"localisation-vehicules","status":"publish","type":"page","link":"https:\/\/www.traxgo.be\/fr\/online-track-et-trace-et-systemes-de-localisation\/localisation-vehicules\/","title":{"rendered":"Localisation de v\u00e9hicules"},"content":{"rendered":"<p><a name=\"content-start\"><\/a><img loading=\"lazy\" decoding=\"async\" class=\"alignright wp-image-170\" title=\"Localisation de v\u00e9hicules\" src=\"https:\/\/www.traxgo.be\/wp-content\/uploads\/2022\/04\/tracking-voertuigen-2.jpg\" alt=\"Localisation de v\u00e9hicules - Track n Trace, traceur GPS pour voitures, camions et autres v\u00e9hicules\" width=\"510\" height=\"510\" \/><\/p>\n<h2>Gardez l'\u0153il sur vos v\u00e9hicules, partout et en temps r\u00e9el<\/h2>\n<p>Un traceur GPS install\u00e9 dans votre v\u00e9hicule envoie \u00e0 intervalles r\u00e9guliers des informations importantes sur le v\u00e9hicule, comme sa localisation ou sa vitesse, vers un serveur via une liaison GPRS\/GSM. Vos donn\u00e9es sont trait\u00e9es sur ce serveur s\u00e9curis\u00e9. Vous vous connectez comme client sur <strong>notre\u00a0<a href=\"http:\/\/www.traxgo.be\/fr\/logiciel-track-trace\/\">plate-forme Traxgo<\/a>\u00a0100 % s\u00e9curis\u00e9e<\/strong>. Vous voyez les donn\u00e9es\u00a0<strong>de fa\u00e7on claire, sur une carte et dans des rapports<\/strong>.\u00a0Vous pouvez ainsi suivre et g\u00e9rer vos v\u00e9hicules \u00e0 tout instant.<\/p>\n<p class=\"mobileonly\"><a class=\"button cta\" href=\"#contact\">D\u00e9mo gratuite ou plus d'info? <strong>Contactez-nous<\/strong><\/a><\/p>\n<p>Maximisez l'efficacit\u00e9 de votre flotte avec nos applications!<\/p>\n<h3>Vos avantages du localisation de v\u00e9hicules<\/h3>\n<ul class=\"advantages\">\n<li>Les\u00a0<strong>heures de d\u00e9part\/d'arr\u00eat\u00a0<\/strong>connues et les kilom\u00e8tres parcourus permettent de simplifier \u00e9norm\u00e9ment votre administration du personnel<\/li>\n<li>Vous ne payez jamais trop pour les d\u00e9placements et vous gardez un bon\u00a0<strong>contr\u00f4le sur la productivit\u00e9\u00a0<\/strong>de vos collaborateurs<\/li>\n<li>L'enregistrement en temps r\u00e9el vous permet\u00a0<strong>d'intervenir instantan\u00e9ment<\/strong>\u00a0et de visualiser les trajets parcourus. Vous voyez la journ\u00e9e de travail d'un collaborateur mobile de fa\u00e7on\u00a0<strong>totalement d\u00e9taill\u00e9e, sur une carte<\/strong>.<\/li>\n<li>En cas de d\u00e9placement intempestif, vous pouvez\u00a0<strong>intervenir imm\u00e9diatement gr\u00e2ce \u00e0 une <a href=\"https:\/\/www.traxgo.be\/fr\/antidemarrage-pour-vehicules-et-machines\/\">interruption de d\u00e9marrage<\/a>.\u00a0Cela am\u00e9liore la s\u00e9curit\u00e9<\/strong>.<\/li>\n<li><strong>Possibilit\u00e9 de contr\u00f4le de la\u00a0<a href=\"http:\/\/www.traxgo.be\/fr\/online-track-et-trace-et-systemes-de-localisation\/enrgistrement-de-temperature\/\">temp\u00e9rature<\/a><\/strong>.<\/li>\n<li>Gr\u00e2ce aux liaisons CANBUS, vous obtenez des donn\u00e9es concr\u00e8tes sur vos v\u00e9hicules, comme le niveau de carburant, le r\u00e9gime\u2026<\/li>\n<li>Le <strong>g\u00e9orep\u00e9rage<\/strong> vous permet de d\u00e9finir des zones sp\u00e9cifiques pour vos v\u00e9hicules.<\/li>\n<li><strong>Vous r\u00e9alisez un gain de temps \u00e9norme.<\/strong><\/li>\n<\/ul>\n<p><a class=\"button cta\" href=\"#contact\">D\u00e9mo gratuite ou plus d'info? <strong>Contactez-nous<\/strong><\/a><\/p>\n<div style=\"padding: 10px 15px; border-left: Solid 3px #75a3a3; background: linear-gradient(90deg,rgba(238, 238, 238, 1) 0%, rgba(255, 255, 255, 1) 75%);\">\n<h4 style=\"padding: 0; margin: 0; padding-bottom: 5px;\">Propre \u00e9quipe d'installation, unique dans le secteur du suivi et tra\u00e7abilit\u00e9<\/h4>\n<div style=\"display: inline-block; margin-right: 10px;\"><i class=\"fa fa-star-o\" style=\"color: #75a3a3;\" aria-hidden=\"true\"><\/i> Collaborateurs comp\u00e9tent<\/div>\n<div style=\"display: inline-block; margin-right: 10px;\"><i class=\"fa fa-star-o\" style=\"color: #75a3a3;\" aria-hidden=\"true\"><\/i> Installation rapide et ponctuelle<\/div>\n<div style=\"display: inline-block; margin-right: 10px;\"><i class=\"fa fa-star-o\" style=\"color: #75a3a3;\" aria-hidden=\"true\"><\/i> Prix fixe, sans frais suppl\u00e9mentaires<\/div>\n<\/div>\n<p>&nbsp;<\/p>\n<p><strong>Consultez des informations d\u00e9taill\u00e9es sur:<\/strong><\/p>\n<ul>\n<li><a href=\"http:\/\/www.traxgo.be\/fr\/online-track-et-trace-et-systemes-de-localisation\/enregistrement-des-presences-checkinatwork\/\">Checkinatwork<\/a><\/li>\n<li><a href=\"http:\/\/www.traxgo.be\/fr\/pointeuse\/\">La pointeuse<\/a><\/li>\n<li><a href=\"http:\/\/www.traxgo.be\/fr\/online-track-et-trace-et-systemes-de-localisation\/localisation-machines\/\">Localisation de vos machines<\/a><\/li>\n<li><a href=\"http:\/\/www.traxgo.be\/fr\/localisation-de-remorques\/\">G\u00e9olocalisation de vos remorques<\/a><\/li>\n<li><a href=\"https:\/\/www.traxgo.be\/fr\/online-track-et-trace-et-systemes-de-localisation\/lecture-du-tachygraphe\/\">Lecture \u00e0 distance du tachygraphe<\/a><\/li>\n<li><a href=\"http:\/\/www.traxgo.be\/fr\/online-track-et-trace-et-systemes-de-localisation\/\">Autres solutions<\/a><\/li>\n<\/ul>\n","protected":false},"excerpt":{"rendered":"<p>Gardez l'\u0153il sur vos v\u00e9hicules, partout et en temps r\u00e9el Un traceur GPS install\u00e9 dans votre v\u00e9hicule envoie \u00e0 intervalles r\u00e9guliers des informations importantes sur le v\u00e9hicule, comme sa localisation ou sa vitesse, vers un serveur via une liaison GPRS\/GSM. Vos donn\u00e9es sont trait\u00e9es sur ce serveur s\u00e9curis\u00e9. Vous vous connectez comme client sur notre\u00a0plate-forme [&hellip;]<\/p>\n","protected":false},"author":1,"featured_media":85,"parent":553,"menu_order":0,"comment_status":"closed","ping_status":"closed","template":"","meta":{"_acf_changed":false,"footnotes":""},"class_list":["post-684","page","type-page","status-publish","has-post-thumbnail","hentry"],"acf":[],"_links":{"self":[{"href":"https:\/\/www.traxgo.be\/fr\/wp-json\/wp\/v2\/pages\/684","targetHints":{"allow":["GET"]}}],"collection":[{"href":"https:\/\/www.traxgo.be\/fr\/wp-json\/wp\/v2\/pages"}],"about":[{"href":"https:\/\/www.traxgo.be\/fr\/wp-json\/wp\/v2\/types\/page"}],"author":[{"embeddable":true,"href":"https:\/\/www.traxgo.be\/fr\/wp-json\/wp\/v2\/users\/1"}],"replies":[{"embeddable":true,"href":"https:\/\/www.traxgo.be\/fr\/wp-json\/wp\/v2\/comments?post=684"}],"version-history":[{"count":39,"href":"https:\/\/www.traxgo.be\/fr\/wp-json\/wp\/v2\/pages\/684\/revisions"}],"predecessor-version":[{"id":18134,"href":"https:\/\/www.traxgo.be\/fr\/wp-json\/wp\/v2\/pages\/684\/revisions\/18134"}],"up":[{"embeddable":true,"href":"https:\/\/www.traxgo.be\/fr\/wp-json\/wp\/v2\/pages\/553"}],"wp:featuredmedia":[{"embeddable":true,"href":"https:\/\/www.traxgo.be\/fr\/wp-json\/wp\/v2\/media\/85"}],"wp:attachment":[{"href":"https:\/\/www.traxgo.be\/fr\/wp-json\/wp\/v2\/media?parent=684"}],"curies":[{"name":"wp","href":"https:\/\/api.w.org\/{rel}","templated":true}]}}