{"id":688,"date":"2018-01-25T12:59:55","date_gmt":"2018-01-25T12:59:55","guid":{"rendered":"http:\/\/www.traxgo.be\/online-monitoring-en-track-and-trace-systemen-traxgo\/vloeistofpeil\/"},"modified":"2024-09-20T08:11:56","modified_gmt":"2024-09-20T08:11:56","slug":"liquid-sensor","status":"publish","type":"page","link":"https:\/\/www.traxgo.be\/fr\/online-track-et-trace-et-systemes-de-localisation\/liquid-sensor\/","title":{"rendered":"LIQUID SENSOR"},"content":{"rendered":"<h2>Contr\u00f4lez votre niveau de liquide \u00e0 distance<\/h2>\n<h3>Comment fonctionne le contr\u00f4le \u00e0 distance du niveau de liquide?<\/h3>\n<p><img loading=\"lazy\" decoding=\"async\" class=\"alignright wp-image-369\" src=\"http:\/\/www.traxgo.be\/wp-content\/uploads\/2018\/02\/fuelteller_druppel_meter-GroterVlak..jpg\" alt=\"fuelteller\" width=\"500\" height=\"464\" \/><\/p>\n<p>Le liquid sensor mesure le contenu de votre r\u00e9servoir et transmet les donn\u00e9es \u00e0<a href=\"http:\/\/www.traxgo.be\/fr\/logiciel-track-trace\/\"> <strong>la\u00a0plate-forme<\/strong> <\/a>Traxgo. Le tout est pr\u00e9sent\u00e9 de fa\u00e7on claire dans des rapports et des graphiques, et vous recevez un avertissement en cas de niveau trop bas ou trop haut.<\/p>\n<h3>Vos avantages<\/h3>\n<ul class=\"advantages\">\n<li><strong>Ne perdez pas de temps pr\u00e9cieux<\/strong><\/li>\n<li><strong>Contr\u00f4le\u00a0clair\u00a0\u00e0\u00a0distance<\/strong><\/li>\n<li><strong>Message d'alarme<\/strong>\u00a0en cas de d\u00e9passement du seuil d'avertissement<\/li>\n<li><strong>Fonctionne de mani\u00e8re autonome<\/strong>\u00a0sur pile pendant 4 ans<\/li>\n<li><strong>Mesures dans le monde entier<\/strong><\/li>\n<\/ul>\n<p><a class=\"button cta\" href=\"#contact\">D\u00e9mo gratuite ou plus d'info? <strong>Contactez-nous<\/strong><\/a><\/p>\n<p>&nbsp;<\/p>\n<p><img loading=\"lazy\" decoding=\"async\" class=\"size-full wp-image-372 aligncenter\" src=\"http:\/\/www.traxgo.be\/wp-content\/uploads\/2018\/02\/RodeTank-zonderExtrakanaal-Trackerweb-supplier-voorLiquetSensor.jpg\" alt=\"liquid sensor\" width=\"1000\" height=\"299\" srcset=\"https:\/\/www.traxgo.be\/wp-content\/uploads\/2018\/02\/RodeTank-zonderExtrakanaal-Trackerweb-supplier-voorLiquetSensor.jpg 1000w, https:\/\/www.traxgo.be\/wp-content\/uploads\/2018\/02\/RodeTank-zonderExtrakanaal-Trackerweb-supplier-voorLiquetSensor-300x90.jpg 300w, https:\/\/www.traxgo.be\/wp-content\/uploads\/2018\/02\/RodeTank-zonderExtrakanaal-Trackerweb-supplier-voorLiquetSensor-768x230.jpg 768w\" sizes=\"auto, (max-width: 1000px) 100vw, 1000px\" \/><\/p>\n<p>&nbsp;<\/p>\n<p><img loading=\"lazy\" decoding=\"async\" class=\"alignleft wp-image-370\" src=\"http:\/\/www.traxgo.be\/wp-content\/uploads\/2018\/02\/TankOog-Trackerweb.png\" alt=\"\" width=\"500\" height=\"281\" srcset=\"https:\/\/www.traxgo.be\/wp-content\/uploads\/2018\/02\/TankOog-Trackerweb.png 1366w, https:\/\/www.traxgo.be\/wp-content\/uploads\/2018\/02\/TankOog-Trackerweb-300x169.png 300w, https:\/\/www.traxgo.be\/wp-content\/uploads\/2018\/02\/TankOog-Trackerweb-1024x576.png 1024w, https:\/\/www.traxgo.be\/wp-content\/uploads\/2018\/02\/TankOog-Trackerweb-768x432.png 768w\" sizes=\"auto, (max-width: 500px) 100vw, 500px\" \/><\/p>\n<h3>Diff\u00e9rents types<\/h3>\n<p>Nos clients travaillent avec\u00a0divers types de citernes et de liquides. La surveillance du niveau de liquide est possible pour pratiquement tous les types de citernes, ce qui permet de mesurer de nombreux liquides.<\/p>\n<p><strong>Comment le niveau est-il mesur\u00e9 ?\u00a0<\/strong><br \/>\nLa carte SIM int\u00e9gr\u00e9e envoie les donn\u00e9es \u00e0<a href=\"http:\/\/www.traxgo.be\/fr\/logiciel-track-trace\/\">\u00a0<strong>la plate-forme Traxgo<\/strong><\/a>, o\u00f9 vous pouvez consulter chaque jour toutes les informations. Vous pouvez vous connecter simplement depuis n'importe o\u00f9 dans le monde et \u00e0 tout moment de la journ\u00e9e.<\/p>\n<p><a class=\"button cta\" href=\"#contact\">D\u00e9mo gratuite ou plus d'info? <strong>Contactez-nous<\/strong><\/a><\/p>\n<p>&nbsp;<\/p>\n<p><strong>Consultez des informations d\u00e9taill\u00e9es sur:<\/strong><\/p>\n<ul>\n<li><a href=\"http:\/\/www.traxgo.be\/fr\/online-track-et-trace-et-systemes-de-localisation\/enregistrement-des-presences-checkinatwork\/\">Checkinatwork<\/a><\/li>\n<li><a href=\"http:\/\/www.traxgo.be\/fr\/pointeuse\/\">La pointeuse<\/a><\/li>\n<li><a href=\"http:\/\/www.traxgo.be\/fr\/online-track-et-trace-et-systemes-de-localisation\/localisation-machines\/\">Localisation de vos machines\u00a0<\/a> <a href=\"http:\/\/www.traxgo.be\/fr\/localisation-de-remorques\/\">et de vos remorques<\/a><\/li>\n<li><a href=\"http:\/\/www.traxgo.be\/fr\/online-track-et-trace-et-systemes-de-localisation\/\">Autres solutions<\/a><\/li>\n<\/ul>\n","protected":false},"excerpt":{"rendered":"<p>Contr\u00f4lez votre niveau de liquide \u00e0 distance Comment fonctionne le contr\u00f4le \u00e0 distance du niveau de liquide? Le liquid sensor mesure le contenu de votre r\u00e9servoir et transmet les donn\u00e9es \u00e0 la\u00a0plate-forme Traxgo. Le tout est pr\u00e9sent\u00e9 de fa\u00e7on claire dans des rapports et des graphiques, et vous recevez un avertissement en cas de niveau [&hellip;]<\/p>\n","protected":false},"author":1,"featured_media":367,"parent":553,"menu_order":0,"comment_status":"closed","ping_status":"closed","template":"","meta":{"_acf_changed":false,"footnotes":""},"class_list":["post-688","page","type-page","status-publish","has-post-thumbnail","hentry"],"acf":[],"_links":{"self":[{"href":"https:\/\/www.traxgo.be\/fr\/wp-json\/wp\/v2\/pages\/688","targetHints":{"allow":["GET"]}}],"collection":[{"href":"https:\/\/www.traxgo.be\/fr\/wp-json\/wp\/v2\/pages"}],"about":[{"href":"https:\/\/www.traxgo.be\/fr\/wp-json\/wp\/v2\/types\/page"}],"author":[{"embeddable":true,"href":"https:\/\/www.traxgo.be\/fr\/wp-json\/wp\/v2\/users\/1"}],"replies":[{"embeddable":true,"href":"https:\/\/www.traxgo.be\/fr\/wp-json\/wp\/v2\/comments?post=688"}],"version-history":[{"count":10,"href":"https:\/\/www.traxgo.be\/fr\/wp-json\/wp\/v2\/pages\/688\/revisions"}],"predecessor-version":[{"id":16657,"href":"https:\/\/www.traxgo.be\/fr\/wp-json\/wp\/v2\/pages\/688\/revisions\/16657"}],"up":[{"embeddable":true,"href":"https:\/\/www.traxgo.be\/fr\/wp-json\/wp\/v2\/pages\/553"}],"wp:featuredmedia":[{"embeddable":true,"href":"https:\/\/www.traxgo.be\/fr\/wp-json\/wp\/v2\/media\/367"}],"wp:attachment":[{"href":"https:\/\/www.traxgo.be\/fr\/wp-json\/wp\/v2\/media?parent=688"}],"curies":[{"name":"wp","href":"https:\/\/api.w.org\/{rel}","templated":true}]}}