{"id":691,"date":"2018-02-14T09:48:07","date_gmt":"2018-02-14T09:48:07","guid":{"rendered":"http:\/\/www.traxgo.be\/service\/"},"modified":"2025-04-24T07:04:35","modified_gmt":"2025-04-24T07:04:35","slug":"service","status":"publish","type":"page","link":"https:\/\/www.traxgo.be\/fr\/service\/","title":{"rendered":"Service de suivi et surveillance"},"content":{"rendered":"<h2>Service<\/h2>\n<p><img loading=\"lazy\" decoding=\"async\" class=\"alignright wp-image-528\" src=\"http:\/\/www.traxgo.be\/wp-content\/uploads\/2018\/02\/Service-41318656_s.jpg\" alt=\"Service - Traxgo\" width=\"510\" height=\"340\" srcset=\"https:\/\/www.traxgo.be\/wp-content\/uploads\/2018\/02\/Service-41318656_s.jpg 780w, https:\/\/www.traxgo.be\/wp-content\/uploads\/2018\/02\/Service-41318656_s-300x200.jpg 300w, https:\/\/www.traxgo.be\/wp-content\/uploads\/2018\/02\/Service-41318656_s-768x512.jpg 768w\" sizes=\"auto, (max-width: 510px) 100vw, 510px\" \/><\/p>\n<p>Traxgo est r\u00e9put\u00e9 pour\u00a0<strong>son excellent support<\/strong>. Vous pouvez toujours compter sur un excellent service pour votre suivi et localisation. En cas de probl\u00e8me, nous vous d\u00e9pannons le plus rapidement possible.<\/p>\n<ul class=\"advantages\">\n<li>Approche discr\u00e8te<\/li>\n<li>Collaborateurs exp\u00e9riment\u00e9s<\/li>\n<li>\u00c9quipe de service et de montage propre<\/li>\n<li>\u00c9quipe de logiciel propre<\/li>\n<li>Orientation client<\/li>\n<li>Efficacit\u00e9<\/li>\n<\/ul>\n<p><a class=\"button cta\" href=\"#contact\">Plus d'information? <strong>Contactez-nous<\/strong><\/a><\/p>\n<p><span style=\"color: #ffffff;\">-<\/span><\/p>\n<p><a title=\"Suivi et tra\u00e7abilit\u00e9 des grandes flottes, d\u00e9couvrez notre approche\" href=\"https:\/\/www.traxgo.be\/fr\/approche-structuree-pour-le-suivi-et-la-tracabilite-des-grandes-flottes\/\"><img loading=\"lazy\" decoding=\"async\" class=\"size-full wp-image-17552 aligncenter\" src=\"https:\/\/www.traxgo.be\/wp-content\/uploads\/2025\/04\/xl-cta-fr-new3.png\" alt=\"\" width=\"360\" height=\"131\" srcset=\"https:\/\/www.traxgo.be\/wp-content\/uploads\/2025\/04\/xl-cta-fr-new3.png 360w, https:\/\/www.traxgo.be\/wp-content\/uploads\/2025\/04\/xl-cta-fr-new3-300x109.png 300w\" sizes=\"auto, (max-width: 360px) 100vw, 360px\" \/><\/a><\/p>\n","protected":false},"excerpt":{"rendered":"<p>Service Traxgo est r\u00e9put\u00e9 pour\u00a0son excellent support. Vous pouvez toujours compter sur un excellent service pour votre suivi et localisation. En cas de probl\u00e8me, nous vous d\u00e9pannons le plus rapidement possible. Approche discr\u00e8te Collaborateurs exp\u00e9riment\u00e9s \u00c9quipe de service et de montage propre \u00c9quipe de logiciel propre Orientation client Efficacit\u00e9 Plus d'information? Contactez-nous -<\/p>\n","protected":false},"author":2,"featured_media":526,"parent":0,"menu_order":0,"comment_status":"closed","ping_status":"closed","template":"","meta":{"_acf_changed":false,"footnotes":""},"class_list":["post-691","page","type-page","status-publish","has-post-thumbnail","hentry"],"acf":[],"_links":{"self":[{"href":"https:\/\/www.traxgo.be\/fr\/wp-json\/wp\/v2\/pages\/691","targetHints":{"allow":["GET"]}}],"collection":[{"href":"https:\/\/www.traxgo.be\/fr\/wp-json\/wp\/v2\/pages"}],"about":[{"href":"https:\/\/www.traxgo.be\/fr\/wp-json\/wp\/v2\/types\/page"}],"author":[{"embeddable":true,"href":"https:\/\/www.traxgo.be\/fr\/wp-json\/wp\/v2\/users\/2"}],"replies":[{"embeddable":true,"href":"https:\/\/www.traxgo.be\/fr\/wp-json\/wp\/v2\/comments?post=691"}],"version-history":[{"count":8,"href":"https:\/\/www.traxgo.be\/fr\/wp-json\/wp\/v2\/pages\/691\/revisions"}],"predecessor-version":[{"id":17569,"href":"https:\/\/www.traxgo.be\/fr\/wp-json\/wp\/v2\/pages\/691\/revisions\/17569"}],"wp:featuredmedia":[{"embeddable":true,"href":"https:\/\/www.traxgo.be\/fr\/wp-json\/wp\/v2\/media\/526"}],"wp:attachment":[{"href":"https:\/\/www.traxgo.be\/fr\/wp-json\/wp\/v2\/media?parent=691"}],"curies":[{"name":"wp","href":"https:\/\/api.w.org\/{rel}","templated":true}]}}