{"id":693,"date":"2018-02-13T16:08:12","date_gmt":"2018-02-13T16:08:12","guid":{"rendered":"http:\/\/www.traxgo.be\/software-track-and-trace\/"},"modified":"2022-06-22T13:38:41","modified_gmt":"2022-06-22T13:38:41","slug":"logiciel-track-trace","status":"publish","type":"page","link":"https:\/\/www.traxgo.be\/fr\/logiciel-track-trace\/","title":{"rendered":"LOGICIEL Track and Trace"},"content":{"rendered":"<h2>Traxgo-platform<\/h2>\n<p>La plate-forme Traxgo est\u00a0<strong>une application d\u00e9velopp\u00e9e en interne, avec laquelle vous pouvez :<\/strong><\/p>\n<p><img loading=\"lazy\" decoding=\"async\" class=\"alignright wp-image-128 size-full\" src=\"http:\/\/www.traxgo.be\/wp-content\/uploads\/2018\/01\/PC_IPHONE_TABLET_IPAD_Trackerweb-3.png\" alt=\"Traxgo track n Trace - Logiciel de suivi et surveillance pour visualiser vos informations de suivi\" width=\"780\" height=\"466\" srcset=\"https:\/\/www.traxgo.be\/wp-content\/uploads\/2018\/01\/PC_IPHONE_TABLET_IPAD_Trackerweb-3.png 780w, https:\/\/www.traxgo.be\/wp-content\/uploads\/2018\/01\/PC_IPHONE_TABLET_IPAD_Trackerweb-3-300x179.png 300w, https:\/\/www.traxgo.be\/wp-content\/uploads\/2018\/01\/PC_IPHONE_TABLET_IPAD_Trackerweb-3-768x459.png 768w\" sizes=\"auto, (max-width: 780px) 100vw, 780px\" \/><\/p>\n<ol>\n<li><a href=\"http:\/\/www.traxgo.be\/fr\/online-track-et-trace-et-systemes-de-localisation\/localisation-vehicules\/\">Suivre vos v\u00e9hicules, <\/a><a href=\"http:\/\/www.traxgo.be\/fr\/online-track-et-trace-et-systemes-de-localisation\/localisation-machines\/\">machines et<\/a> <a href=\"http:\/\/www.traxgo.be\/fr\/online-track-et-trace-et-systemes-de-localisation\/localisation-materiaux\/\">mat\u00e9riaux<\/a>;<\/li>\n<li><a href=\"http:\/\/www.traxgo.be\/fr\/online-track-et-trace-et-systemes-de-localisation\/enregistrement-de-temps\/\">G<\/a><a href=\"http:\/\/www.traxgo.be\/fr\/online-track-et-trace-et-systemes-de-localisation\/enregistrement-de-temps\/\">\u00e9rer l'enregistrement de temps<\/a> <a href=\"http:\/\/www.traxgo.be\/fr\/online-track-et-trace-et-systemes-de-localisation\/enregistrement-des-presences-checkinatwork\/\">et Checkinatwork<\/a>;<\/li>\n<li>Surveiller diverses donn\u00e9es\u00a0telles que niveau de <a href=\"http:\/\/www.traxgo.be\/fr\/online-track-et-trace-et-systemes-de-localisation\/liquid-sensor\/\">liquide<\/a>, <a href=\"http:\/\/www.traxgo.be\/fr\/online-track-et-trace-et-systemes-de-localisation\/systeme-de-controle-de-pression-des-pneus\/\">pression des pneus,<\/a> <a href=\"http:\/\/www.traxgo.be\/fr\/online-track-et-trace-et-systemes-de-localisation\/enrgistrement-de-temperature\/\">temp\u00e9rature<\/a>, <a href=\"http:\/\/www.traxgo.be\/fr\/online-track-et-trace-et-systemes-de-localisation\/enregistrement-du-kilometrage\/\">kilom\u00e8tres<\/a>, <a href=\"http:\/\/www.traxgo.be\/fr\/online-track-et-trace-et-systemes-de-localisation\/enregistrement-des-heures-de-services\/\">heures de service...<\/a><\/li>\n<\/ol>\n<h3>La plate-forme Traxgo vous offre les avantages suivants<\/h3>\n<ul class=\"advantages\">\n<li><strong>Suivre vos v\u00e9hicules sur carte.<\/strong> Vous savez ainsi toujours o\u00f9 se trouve votre service externe<\/li>\n<li><strong>R\u00e9gler l'alarme et\/ou les sorties.<\/strong> Par exemple l'interruption de d\u00e9marrage,...<\/li>\n<li><strong>V\u00e9rifier le rapport start &amp; stop<\/strong><\/li>\n<li><strong>Enregistrer les donn\u00e9es de badge<\/strong>\u00a0des salari\u00e9s mobiles<\/li>\n<li><strong>Surveiller\u00a0les vitesses\u00a0<\/strong>de vos v\u00e9hicules<\/li>\n<li><strong>Suivre les heures de service<\/strong>\u00a0des machines<\/li>\n<li><strong>Enregistrement automatique<\/strong> de Checkinatwork<\/li>\n<\/ul>\n<p><a class=\"button cta\" href=\"#contact\">Int\u00e9ress\u00e9? <strong>Contactez nous<\/strong><\/a><\/p>\n<p>Le syst\u00e8me de localication Traxgo transmet toutes les donn\u00e9es vers le progiciel convivial \u00e0 l'aide d'une carte SIM M2M. Tous les itin\u00e9raires, vitesses,\u00a0temp\u00e9ratures, dur\u00e9es,\u00a0badges,\u00a0heures de service... sont enregistr\u00e9s via ce lien. Les donn\u00e9es sont accessibles via notre\u00a0plate-forme Traxgo.<strong>\u00a0Tout y est pr\u00e9sent\u00e9 de fa\u00e7on visuelle<\/strong>.\u00a0Vous pouvez y examineer faciliment les cartes, rapports, graphiques...\u00a0<strong>Notre portail est accessible \u00e0 tous moment et partout<\/strong>.\u00a0Vous ne devez donc pas installer de logiciel sur un ordinateur local.<\/p>\n","protected":false},"excerpt":{"rendered":"<p>Traxgo-platform La plate-forme Traxgo est\u00a0une application d\u00e9velopp\u00e9e en interne, avec laquelle vous pouvez : Suivre vos v\u00e9hicules, machines et mat\u00e9riaux; G\u00e9rer l'enregistrement de temps et Checkinatwork; Surveiller diverses donn\u00e9es\u00a0telles que niveau de liquide, pression des pneus, temp\u00e9rature, kilom\u00e8tres, heures de service... La plate-forme Traxgo vous offre les avantages suivants Suivre vos v\u00e9hicules sur carte. Vous [&hellip;]<\/p>\n","protected":false},"author":2,"featured_media":483,"parent":0,"menu_order":0,"comment_status":"closed","ping_status":"closed","template":"","meta":{"_acf_changed":false,"footnotes":""},"class_list":["post-693","page","type-page","status-publish","has-post-thumbnail","hentry"],"acf":[],"_links":{"self":[{"href":"https:\/\/www.traxgo.be\/fr\/wp-json\/wp\/v2\/pages\/693","targetHints":{"allow":["GET"]}}],"collection":[{"href":"https:\/\/www.traxgo.be\/fr\/wp-json\/wp\/v2\/pages"}],"about":[{"href":"https:\/\/www.traxgo.be\/fr\/wp-json\/wp\/v2\/types\/page"}],"author":[{"embeddable":true,"href":"https:\/\/www.traxgo.be\/fr\/wp-json\/wp\/v2\/users\/2"}],"replies":[{"embeddable":true,"href":"https:\/\/www.traxgo.be\/fr\/wp-json\/wp\/v2\/comments?post=693"}],"version-history":[{"count":13,"href":"https:\/\/www.traxgo.be\/fr\/wp-json\/wp\/v2\/pages\/693\/revisions"}],"predecessor-version":[{"id":12292,"href":"https:\/\/www.traxgo.be\/fr\/wp-json\/wp\/v2\/pages\/693\/revisions\/12292"}],"wp:featuredmedia":[{"embeddable":true,"href":"https:\/\/www.traxgo.be\/fr\/wp-json\/wp\/v2\/media\/483"}],"wp:attachment":[{"href":"https:\/\/www.traxgo.be\/fr\/wp-json\/wp\/v2\/media?parent=693"}],"curies":[{"name":"wp","href":"https:\/\/api.w.org\/{rel}","templated":true}]}}