{"id":708,"date":"2018-02-14T08:48:55","date_gmt":"2018-02-14T08:48:55","guid":{"rendered":"http:\/\/www.traxgo.be\/voldoet-uw-transport-aan-de-haccp-normen\/"},"modified":"2025-03-10T15:35:15","modified_gmt":"2025-03-10T15:35:15","slug":"normes-haccp","status":"publish","type":"page","link":"https:\/\/www.traxgo.be\/fr\/normes-haccp\/","title":{"rendered":"Normes HACCP pour transport"},"content":{"rendered":"<h2>Le code de l'hygi\u00e8ne pour l'horeca<\/h2>\n<h3><strong><img loading=\"lazy\" decoding=\"async\" class=\"alignleft wp-image-493\" src=\"http:\/\/www.traxgo.be\/wp-content\/uploads\/2018\/02\/34866888_m.jpg\" alt=\"Normes HACCP pour transport\" width=\"510\" height=\"408\" srcset=\"https:\/\/www.traxgo.be\/wp-content\/uploads\/2018\/02\/34866888_m.jpg 774w, https:\/\/www.traxgo.be\/wp-content\/uploads\/2018\/02\/34866888_m-300x240.jpg 300w, https:\/\/www.traxgo.be\/wp-content\/uploads\/2018\/02\/34866888_m-768x614.jpg 768w\" sizes=\"auto, (max-width: 510px) 100vw, 510px\" \/><\/strong>Qu'est-ce<strong> que le HACCP?<\/strong><\/h3>\n<p>Les entreprises de denr\u00e9es alimentaires doivent travailler selon les normes HACCP pour \u00e9viter que les consommateurs tombent malades. HACCP est l'abr\u00e9viation de : Hazard Analysis And Critical Control Points.<\/p>\n<h3>Traxgo assiste <a href=\"https:\/\/www.traxgo.be\/fr\/secteur-des-transports\/\">le secteur des transports<\/a> pour y r\u00e9pondre.<\/h3>\n<p><strong>Les capteurs de temp\u00e9rature permettent de contr\u00f4ler en continu et \u00e0 distance l'un des risques les plus importants pour les aliments<\/strong>. L'enregistrement de la temp\u00e9rature mesur\u00e9e vous permet toujours de d\u00e9montrer par la suite que vous avez gard\u00e9 \u00e0 tout moment le contr\u00f4le du processus critique. Si vous travaillez selon les prescriptions du code de l'hygi\u00e8ne, vous \u00e9viterez que vos clients soient malades \u00e0 cause des aliments et des boissons que vous servez.<\/p>\n<p><strong>La temp\u00e9rature constitue le facteur le plus important pour les denr\u00e9es alimentaires.<\/strong><br \/>\nPendant le transport de denr\u00e9es alimentaires, la <a href=\"https:\/\/www.traxgo.be\/fr\/online-track-et-trace-et-systemes-de-localisation\/enrgistrement-de-temperature\/\">temp\u00e9rature<\/a> doit \u00eatre surveill\u00e9e de pr\u00e8s. En cas de dommage, le transporteur est souvent tenu pour responsable. Voil\u00e0 pourquoi il est vital de respecter les valeurs et les normes HACCP.<\/p>\n<p><a class=\"button cta\" href=\"#contact\">Plus d'information? <strong>Contactez-nous<\/strong><\/a><\/p>\n<p>&nbsp;<\/p>\n<p><strong>Consultez des informations d\u00e9taill\u00e9es sur:<\/strong><\/p>\n<ul>\n<li><a href=\"https:\/\/www.traxgo.be\/fr\/capteur-de-temperature\/\">Capteur de temp\u00e9rature<\/a><\/li>\n<li><a href=\"http:\/\/www.traxgo.be\/fr\/online-track-et-trace-et-systemes-de-localisation\/enregistrement-des-presences-checkinatwork\/\">Checkinatwork<\/a><\/li>\n<li><a href=\"http:\/\/www.traxgo.be\/fr\/pointeuse\/\">La pointeuse<\/a><\/li>\n<li><a href=\"https:\/\/www.traxgo.be\/fr\/surveillance-de-la-temperature-avec-des-capteurs-calibres\/\">Surveillance de la temp\u00e9rature avec des capteurs calibr\u00e9s<\/a><\/li>\n<li><a href=\"http:\/\/www.traxgo.be\/fr\/online-track-et-trace-et-systemes-de-localisation\/localisation-machines\/\">Localisation de vos machines\u00a0<\/a> <a href=\"http:\/\/www.traxgo.be\/fr\/localisation-de-remorques\/\">et de vos remorques<\/a><\/li>\n<li><a href=\"http:\/\/www.traxgo.be\/fr\/online-track-et-trace-et-systemes-de-localisation\/\">Autres solutions<\/a><\/li>\n<\/ul>\n","protected":false},"excerpt":{"rendered":"<p>Le code de l'hygi\u00e8ne pour l'horeca Qu'est-ce que le HACCP? Les entreprises de denr\u00e9es alimentaires doivent travailler selon les normes HACCP pour \u00e9viter que les consommateurs tombent malades. HACCP est l'abr\u00e9viation de : Hazard Analysis And Critical Control Points. Traxgo assiste le secteur des transports pour y r\u00e9pondre. Les capteurs de temp\u00e9rature permettent de contr\u00f4ler [&hellip;]<\/p>\n","protected":false},"author":2,"featured_media":355,"parent":0,"menu_order":0,"comment_status":"closed","ping_status":"closed","template":"","meta":{"_acf_changed":false,"footnotes":""},"class_list":["post-708","page","type-page","status-publish","has-post-thumbnail","hentry"],"acf":[],"_links":{"self":[{"href":"https:\/\/www.traxgo.be\/fr\/wp-json\/wp\/v2\/pages\/708","targetHints":{"allow":["GET"]}}],"collection":[{"href":"https:\/\/www.traxgo.be\/fr\/wp-json\/wp\/v2\/pages"}],"about":[{"href":"https:\/\/www.traxgo.be\/fr\/wp-json\/wp\/v2\/types\/page"}],"author":[{"embeddable":true,"href":"https:\/\/www.traxgo.be\/fr\/wp-json\/wp\/v2\/users\/2"}],"replies":[{"embeddable":true,"href":"https:\/\/www.traxgo.be\/fr\/wp-json\/wp\/v2\/comments?post=708"}],"version-history":[{"count":14,"href":"https:\/\/www.traxgo.be\/fr\/wp-json\/wp\/v2\/pages\/708\/revisions"}],"predecessor-version":[{"id":17269,"href":"https:\/\/www.traxgo.be\/fr\/wp-json\/wp\/v2\/pages\/708\/revisions\/17269"}],"wp:featuredmedia":[{"embeddable":true,"href":"https:\/\/www.traxgo.be\/fr\/wp-json\/wp\/v2\/media\/355"}],"wp:attachment":[{"href":"https:\/\/www.traxgo.be\/fr\/wp-json\/wp\/v2\/media?parent=708"}],"curies":[{"name":"wp","href":"https:\/\/api.w.org\/{rel}","templated":true}]}}