{"id":727,"date":"2018-02-15T10:03:47","date_gmt":"2018-02-15T10:03:47","guid":{"rendered":"http:\/\/www.traxgo.be\/track-en-trace-systeem-vaste-voeding\/"},"modified":"2024-02-20T07:45:02","modified_gmt":"2024-02-20T07:45:02","slug":"systemes-localisation-alimentation-fixe","status":"publish","type":"page","link":"https:\/\/www.traxgo.be\/fr\/systemes-localisation-alimentation-fixe\/","title":{"rendered":"Syst\u00e8mes de localisation avec alimentation fixe"},"content":{"rendered":"<p>D\u00e9couvrez nos diff\u00e9rentes solutions de tracking avec alimentation fixe.<\/p>\n<h2>Syst\u00e8me de localisation pour v\u00e9hicules<\/h2>\n<h3><img loading=\"lazy\" decoding=\"async\" class=\"alignright wp-image-720\" src=\"http:\/\/www.traxgo.be\/wp-content\/uploads\/2018\/02\/Truck-Blauw-oog-01.jpg\" alt=\"Track and trace - Syst\u00e8me de localisation pour v\u00e9hicules\" width=\"510\" height=\"242\" \/>Caract\u00e9ristiques<\/h3>\n<ul>\n<li><strong>Appareil compact.<\/strong><\/li>\n<li>Transmet les donn\u00e9es<strong> en\u00a0temps r\u00e9el.<\/strong><\/li>\n<li><strong>Diverses possibilit\u00e9s<\/strong> de connexion\u00a0: comme interrupteur priv\u00e9, capteur de temp\u00e9rature, contact de porte, alarme d'entr\u00e9e, <a href=\"https:\/\/www.traxgo.be\/fr\/antidemarrage-pour-vehicules-et-machines\/\">interruption de d\u00e9marrage<\/a>, lecteur de badge...<\/li>\n<li><strong>Pile de r\u00e9serve interne.<\/strong><\/li>\n<li>3 ans de garantie.<\/li>\n<\/ul>\n<p><a class=\"button cta\" href=\"#contact\">Plus d'information? <strong>Contactez-nous<\/strong><\/a><\/p>\n<h2>Syst\u00e8me de localisation pour machines<\/h2>\n<h3><img loading=\"lazy\" decoding=\"async\" class=\"alignright wp-image-717\" src=\"http:\/\/www.traxgo.be\/wp-content\/uploads\/2018\/02\/Kraan-Blauw-oog-01.jpg\" alt=\"Track and trace - Syst\u00e8me de localisation pour machines\" width=\"510\" height=\"242\" \/>Caract\u00e9ristiques<\/h3>\n<ul>\n<li><strong>\u00c9tanche<\/strong>.<\/li>\n<li><strong>Appareil compact.<\/strong><\/li>\n<li>Transmet les donn\u00e9es<strong> en\u00a0temps r\u00e9el.<\/strong><\/li>\n<li><strong>Diverses possibilit\u00e9s de connexion<\/strong>: comme alarme d'entr\u00e9e, interruption de d\u00e9marrage...<\/li>\n<li><strong>Pile de r\u00e9serve interne.<\/strong><\/li>\n<li>3 ans de garantie.<\/li>\n<\/ul>\n<p><a class=\"button cta\" href=\"#contact\">Plus d'information? <strong>Contactez-nous<\/strong><\/a><\/p>\n<h2>Syst\u00e8me de localisation pour remorques<\/h2>\n<h3><img loading=\"lazy\" decoding=\"async\" class=\"alignright wp-image-719\" title=\"Oplegger Tracker\" src=\"http:\/\/www.traxgo.be\/wp-content\/uploads\/2018\/02\/Oplegger-Tracker-oog-01.jpg\" alt=\"Tracker - Syst\u00e8me de localisation pour remorques\" width=\"510\" height=\"230\" \/>Caract\u00e9ristiques<\/h3>\n<ul>\n<li><strong>Syst\u00e8me exclusif et\u00a0compact<\/strong>\u00a0de localisation\u00a0en temps\u00a0r\u00e9el de remorques.<\/li>\n<li>Localisation via GPS\/LBS, emplacement visible sur la plate-forme Traxgo.<\/li>\n<li><strong>Alimentation via les feux de croisement, feux-stop et clignotants.<\/strong><\/li>\n<li><strong>\u00c9tanche<\/strong>.<\/li>\n<li>3 ans de garantie.<\/li>\n<\/ul>\n<p><a class=\"button cta\" href=\"#contact\">Plus d'information? <strong>Contactez-nous<\/strong><\/a><\/p>\n<p>&nbsp;<\/p>\n<p><strong>Consultez des informations d\u00e9taill\u00e9es sur:<\/strong><\/p>\n<ul>\n<li><a href=\"http:\/\/www.traxgo.be\/fr\/online-track-et-trace-et-systemes-de-localisation\/enregistrement-des-presences-checkinatwork\/\">Checkinatwork<\/a><\/li>\n<li><a href=\"http:\/\/www.traxgo.be\/fr\/pointeuse\/\">La pointeuse<\/a><\/li>\n<li><a href=\"https:\/\/www.traxgo.be\/fr\/online-track-et-trace-et-systemes-de-localisation\/localisation-vehicules\/\">Localisation de v\u00e9hicules<\/a><\/li>\n<li><a href=\"http:\/\/www.traxgo.be\/fr\/online-track-et-trace-et-systemes-de-localisation\/localisation-machines\/\">Localisation de vos machines\u00a0<\/a> <a href=\"http:\/\/www.traxgo.be\/fr\/localisation-de-remorques\/\">et de vos remorques<\/a><\/li>\n<li><a href=\"http:\/\/www.traxgo.be\/fr\/online-track-et-trace-et-systemes-de-localisation\/\">Autres solutions<\/a><\/li>\n<\/ul>\n","protected":false},"excerpt":{"rendered":"<p>D\u00e9couvrez nos diff\u00e9rentes solutions de tracking avec alimentation fixe. Syst\u00e8me de localisation pour v\u00e9hicules Caract\u00e9ristiques Appareil compact. Transmet les donn\u00e9es en\u00a0temps r\u00e9el. Diverses possibilit\u00e9s de connexion\u00a0: comme interrupteur priv\u00e9, capteur de temp\u00e9rature, contact de porte, alarme d'entr\u00e9e, interruption de d\u00e9marrage, lecteur de badge... Pile de r\u00e9serve interne. 3 ans de garantie. Plus d'information? Contactez-nous Syst\u00e8me [&hellip;]<\/p>\n","protected":false},"author":2,"featured_media":292,"parent":0,"menu_order":0,"comment_status":"closed","ping_status":"closed","template":"","meta":{"_acf_changed":false,"footnotes":""},"class_list":["post-727","page","type-page","status-publish","has-post-thumbnail","hentry"],"acf":[],"_links":{"self":[{"href":"https:\/\/www.traxgo.be\/fr\/wp-json\/wp\/v2\/pages\/727","targetHints":{"allow":["GET"]}}],"collection":[{"href":"https:\/\/www.traxgo.be\/fr\/wp-json\/wp\/v2\/pages"}],"about":[{"href":"https:\/\/www.traxgo.be\/fr\/wp-json\/wp\/v2\/types\/page"}],"author":[{"embeddable":true,"href":"https:\/\/www.traxgo.be\/fr\/wp-json\/wp\/v2\/users\/2"}],"replies":[{"embeddable":true,"href":"https:\/\/www.traxgo.be\/fr\/wp-json\/wp\/v2\/comments?post=727"}],"version-history":[{"count":16,"href":"https:\/\/www.traxgo.be\/fr\/wp-json\/wp\/v2\/pages\/727\/revisions"}],"predecessor-version":[{"id":15677,"href":"https:\/\/www.traxgo.be\/fr\/wp-json\/wp\/v2\/pages\/727\/revisions\/15677"}],"wp:featuredmedia":[{"embeddable":true,"href":"https:\/\/www.traxgo.be\/fr\/wp-json\/wp\/v2\/media\/292"}],"wp:attachment":[{"href":"https:\/\/www.traxgo.be\/fr\/wp-json\/wp\/v2\/media?parent=727"}],"curies":[{"name":"wp","href":"https:\/\/api.w.org\/{rel}","templated":true}]}}