{"id":748,"date":"2018-02-15T10:40:08","date_gmt":"2018-02-15T10:40:08","guid":{"rendered":"http:\/\/www.traxgo.be\/stand-alone-track-and-trace-systemen\/"},"modified":"2025-04-11T08:48:23","modified_gmt":"2025-04-11T08:48:23","slug":"systemes-de-localisation-autonomes","status":"publish","type":"page","link":"https:\/\/www.traxgo.be\/fr\/systemes-de-localisation-autonomes\/","title":{"rendered":"Syst\u00e8mes de localisation autonomes"},"content":{"rendered":"<p>D\u00e9couvrez nos diff\u00e9rentes solutions de suivi autonomes.<\/p>\n<h2>Syst\u00e8me de suivi et de tra\u00e7abilit\u00e9 sur pile<\/h2>\n<h3><img loading=\"lazy\" decoding=\"async\" class=\"alignright wp-image-738\" title=\"GS320 - Syst\u00e8mes de localisation autonomes\" src=\"https:\/\/www.traxgo.be\/wp-content\/uploads\/2025\/02\/2025-GS320-hand_8j_fr.jpg\" alt=\"GS320 - Syst\u00e8mes de localisation autonomes\" width=\"510\" height=\"383\" \/>Applications<\/h3>\n<ul>\n<li><a href=\"https:\/\/www.traxgo.be\/fr\/localisation-de-remorques\/\">Remorques<\/a><\/li>\n<li>Semi-remorques<\/li>\n<li>Mat\u00e9riel de travail<\/li>\n<li>Groupes \u00e9lectrog\u00e8nes<\/li>\n<li>R\u00e9servoirs \u00e0 diesel<\/li>\n<li><a href=\"https:\/\/www.traxgo.be\/fr\/localisation-de-conteneurs\/\">Conteneurs<\/a><\/li>\n<li>Dameuses<\/li>\n<li>...<\/li>\n<\/ul>\n<h3>Caract\u00e9ristiques GS520 (4G)<\/h3>\n<ul>\n<li><strong>Localisation via GPS\/LBS et couverture mondiale<\/strong>.<\/li>\n<li>D\u00e9tecteur de mouvement.<\/li>\n<li>Surveillance de la temp\u00e9rature.<\/li>\n<li>Pile interne au lithium avec une <strong>long\u00e9vit\u00e9 jusqu'\u00e0 8 ans<\/strong> (GPS).<\/li>\n<li>Localisation<strong> sans connexion 12\/24 V<\/strong>.<\/li>\n<li><strong>Garantie de 3 ans sur le mat\u00e9riel et la pile.<\/strong><\/li>\n<li>\u00c9tanche. Syst\u00e8me s\u00fbr et fiable.<\/li>\n<li>Appareil de suivi compact.<\/li>\n<\/ul>\n<p><a class=\"button cta\" href=\"#contact\">Plus d'information? <strong>Contactez-nous<\/strong><\/a><\/p>\n<p>&nbsp;<\/p>\n<h2>GS340<\/h2>\n<h3><img loading=\"lazy\" decoding=\"async\" class=\"alignright wp-image-741\" title=\"Sigfox syst\u00e8mes de localisation autonomes\" src=\"http:\/\/www.traxgo.be\/wp-content\/uploads\/2018\/02\/Sigfox_400x400.jpg\" alt=\"Sigfox syst\u00e8mes de localisation autonomes\" width=\"510\" height=\"510\" srcset=\"https:\/\/www.traxgo.be\/wp-content\/uploads\/2018\/02\/Sigfox_400x400.jpg 780w, https:\/\/www.traxgo.be\/wp-content\/uploads\/2018\/02\/Sigfox_400x400-300x300.jpg 300w, https:\/\/www.traxgo.be\/wp-content\/uploads\/2018\/02\/Sigfox_400x400-150x150.jpg 150w, https:\/\/www.traxgo.be\/wp-content\/uploads\/2018\/02\/Sigfox_400x400-768x768.jpg 768w\" sizes=\"auto, (max-width: 510px) 100vw, 510px\" \/>Pr\u00e9parez votre entreprise \u00e0 l'Internet des Objets.<\/h3>\n<p>Suivre et prot\u00e9ger votre mat\u00e9riel en temps r\u00e9el. Sp\u00e9cialement pour vos semi-remorques, conteneurs et autres mat\u00e9riels importants.<\/p>\n<p>Ce syst\u00e8me est<strong> install\u00e9 sans alimentation fixe<\/strong>. Via\u00a0<strong>Sigfox<\/strong>,\u00a0vous recevez imm\u00e9diatement les positions. Tout est affich\u00e9 sur la carte de la plateforme Traxgo.<\/p>\n<h3>GS340 est un nouveau syst\u00e8me Track &amp; Trace. L'appareil pr\u00e9sente les caract\u00e9ristiques suivantes<\/h3>\n<ul>\n<li>Localisation, <strong>couverture multiple Sigfox<\/strong><\/li>\n<li><strong>Choisissez vous-m\u00eame combien de fois par jour vous souhaitez demander une position<\/strong><\/li>\n<li>Batterie interne au lithium avec une longue<strong> dur\u00e9e de vie de 5 ans<\/strong><\/li>\n<li><strong>\u00c9tanche<\/strong><\/li>\n<li><strong>GPS\/GLONASS<\/strong><\/li>\n<li><strong>Ultra\u00a0compact:<\/strong>\u00a0115 mm x 65 mm x 20 mm<\/li>\n<li><strong>Garantie de 3 ans sur le mat\u00e9riel et la batterie <\/strong><\/li>\n<\/ul>\n<p><a class=\"button cta\" href=\"#contact\">Plus d'information? <strong>Contactez-nous<\/strong><\/a><\/p>\n<p>&nbsp;<\/p>\n<h2>GSAT - Syst\u00e8mes de localisation via satellite<\/h2>\n<h3><img loading=\"lazy\" decoding=\"async\" class=\"alignright wp-image-744\" title=\"Syst\u00e8mes de localisation via satellite\" src=\"https:\/\/www.traxgo.be\/wp-content\/uploads\/2018\/02\/Traxgo-Boot_oog.gif\" alt=\"Syst\u00e8mes de localisation via satellite\" width=\"510\" height=\"383\" \/>Applications<\/h3>\n<ul>\n<li>Bateaux<\/li>\n<li>Remorques<\/li>\n<li>Conteneurs<\/li>\n<li>...<\/li>\n<\/ul>\n<h3>Caract\u00e9ristiques<\/h3>\n<ul>\n<li><strong>Localisation via GPS\u00a0<\/strong>et couverture mondiale.<\/li>\n<li><strong>Pile interne au lithium<\/strong>\u00a0avec une long\u00e9vit\u00e9 minimale de 5 ans.<\/li>\n<li><strong>Localisation sans connexion 12\/24 V<\/strong>.<\/li>\n<li><strong>Garantie\u00a0<\/strong>de 3 ans sur le mat\u00e9riel et la pile.<\/li>\n<li><strong>\u00c9tanche<\/strong>. R\u00e9siste \u00e0 toutes les intemp\u00e9ries.<\/li>\n<li><strong>Impossible \u00e0 tracer<\/strong>\u00a0et \u00e0 saboter par les \u00ab blockers \u00bb et \u00ab jammers \u00bb.<\/li>\n<li><strong>Possibilit\u00e9 de raccorder des appareils externes<\/strong>, p. ex. un capteur de temp\u00e9rature.<\/li>\n<\/ul>\n<p><a class=\"button cta\" href=\"#contact\">Plus d'information? <strong>Contactez-nous<\/strong><\/a><\/p>\n<p>&nbsp;<\/p>\n<p>&nbsp;<\/p>\n<p><strong>Consultez des informations d\u00e9taill\u00e9es sur:<\/strong><\/p>\n<ul>\n<li><a href=\"http:\/\/www.traxgo.be\/fr\/online-track-et-trace-et-systemes-de-localisation\/enregistrement-des-presences-checkinatwork\/\">Checkinatwork<\/a><\/li>\n<li><a href=\"http:\/\/www.traxgo.be\/fr\/pointeuse\/\">La pointeuse<\/a><\/li>\n<li><a href=\"http:\/\/www.traxgo.be\/fr\/online-track-et-trace-et-systemes-de-localisation\/localisation-machines\/\">Localisation de vos machines\u00a0<\/a> <a href=\"http:\/\/www.traxgo.be\/fr\/localisation-de-remorques\/\">et de vos remorques<\/a><\/li>\n<li><a href=\"http:\/\/www.traxgo.be\/fr\/online-track-et-trace-et-systemes-de-localisation\/\">Autres solutions<\/a><\/li>\n<\/ul>\n","protected":false},"excerpt":{"rendered":"<p>D\u00e9couvrez nos diff\u00e9rentes solutions de suivi autonomes. Syst\u00e8me de suivi et de tra\u00e7abilit\u00e9 sur pile Applications Remorques Semi-remorques Mat\u00e9riel de travail Groupes \u00e9lectrog\u00e8nes R\u00e9servoirs \u00e0 diesel Conteneurs Dameuses ... Caract\u00e9ristiques GS520 (4G) Localisation via GPS\/LBS et couverture mondiale. D\u00e9tecteur de mouvement. Surveillance de la temp\u00e9rature. Pile interne au lithium avec une long\u00e9vit\u00e9 jusqu'\u00e0 8 ans [&hellip;]<\/p>\n","protected":false},"author":2,"featured_media":292,"parent":0,"menu_order":0,"comment_status":"closed","ping_status":"closed","template":"","meta":{"_acf_changed":false,"footnotes":""},"class_list":["post-748","page","type-page","status-publish","has-post-thumbnail","hentry"],"acf":[],"_links":{"self":[{"href":"https:\/\/www.traxgo.be\/fr\/wp-json\/wp\/v2\/pages\/748","targetHints":{"allow":["GET"]}}],"collection":[{"href":"https:\/\/www.traxgo.be\/fr\/wp-json\/wp\/v2\/pages"}],"about":[{"href":"https:\/\/www.traxgo.be\/fr\/wp-json\/wp\/v2\/types\/page"}],"author":[{"embeddable":true,"href":"https:\/\/www.traxgo.be\/fr\/wp-json\/wp\/v2\/users\/2"}],"replies":[{"embeddable":true,"href":"https:\/\/www.traxgo.be\/fr\/wp-json\/wp\/v2\/comments?post=748"}],"version-history":[{"count":21,"href":"https:\/\/www.traxgo.be\/fr\/wp-json\/wp\/v2\/pages\/748\/revisions"}],"predecessor-version":[{"id":17370,"href":"https:\/\/www.traxgo.be\/fr\/wp-json\/wp\/v2\/pages\/748\/revisions\/17370"}],"wp:featuredmedia":[{"embeddable":true,"href":"https:\/\/www.traxgo.be\/fr\/wp-json\/wp\/v2\/media\/292"}],"wp:attachment":[{"href":"https:\/\/www.traxgo.be\/fr\/wp-json\/wp\/v2\/media?parent=748"}],"curies":[{"name":"wp","href":"https:\/\/api.w.org\/{rel}","templated":true}]}}