{"id":7571,"date":"2020-11-23T13:28:53","date_gmt":"2020-11-23T13:28:53","guid":{"rendered":"https:\/\/www.traxgo.be\/?page_id=7571"},"modified":"2025-06-25T09:49:35","modified_gmt":"2025-06-25T09:49:35","slug":"traxone-logiciel-pour-la-gestion-de-flotte-automobile","status":"publish","type":"page","link":"https:\/\/www.traxgo.be\/fr\/online-track-et-trace-et-systemes-de-localisation\/traxone-logiciel-pour-la-gestion-de-flotte-automobile\/","title":{"rendered":"Logiciel pour la gestion de flotte automobile"},"content":{"rendered":"<p><img loading=\"lazy\" decoding=\"async\" class=\"alignright wp-image-4040\" title=\"Logiciel pour la gestion de flotte automobile - TraxOne logiciel d'entreprise\" src=\"https:\/\/www.traxgo.be\/wp-content\/uploads\/2019\/05\/87008466_s.jpg\" alt=\"Logiciel pour la gestion de flotte automobile - TraxOne logiciel d'entreprise\" width=\"570\" height=\"403\" srcset=\"https:\/\/www.traxgo.be\/wp-content\/uploads\/2019\/05\/87008466_s.jpg 823w, https:\/\/www.traxgo.be\/wp-content\/uploads\/2019\/05\/87008466_s-300x212.jpg 300w, https:\/\/www.traxgo.be\/wp-content\/uploads\/2019\/05\/87008466_s-768x543.jpg 768w\" sizes=\"auto, (max-width: 570px) 100vw, 570px\" \/><\/p>\n<div>\n<h2>Logiciel pour la gestion de flotte automobile<\/h2>\n<\/div>\n<p>Un logiciel pour la gestion de flotte automobile est une partie importante de toute organisation. Si votre organisation utilise de nombreux v\u00e9hicules, il est important de les surveiller de pr\u00e8s. Optez pour une solution globale, optez pour Traxgo!<\/p>\n<p>Traxgo vous permet d\u2019obtenir des <strong>informations d\u00e9taill\u00e9es quant \u00e0 l\u2019emplacement de vos v\u00e9hicules, \u00e0 leur \u00e9tat et aux conducteurs<\/strong>. Vous avez ainsi acc\u00e8s, \u00e0 un endroit centralis\u00e9, \u00e0 toutes les informations n\u00e9cessaires \u00e0 une gestion ais\u00e9e de votre flotte. Ce n\u2019est donc pas un hasard si de nombreuses organisations choisissent d\u2019impl\u00e9menter le logiciel Traxgo. L\u2019exhaustivit\u00e9 des informations est tr\u00e8s pr\u00e9cieuse, en particulier quand l\u2019automatisation acquiert une importance croissante.<\/p>\n<p class=\"mobileonly\"><a class=\"button cta\" href=\"#contact\">D\u00e9mo gratuite ou plus d'info? <strong>Contactez-nous<\/strong><\/a><\/p>\n<h3>Notre logiciel de gestion de flotte: l'efficacit\u00e9 avant tout<\/h3>\n<p>En r\u00e9sum\u00e9, ce module vous aide \u00e0 mettre d\u00e9finitivement un terme aux nombreux soucis li\u00e9s \u00e0 la gestion de votre <strong>parc automobile<\/strong>. Fini les interminables appels t\u00e9l\u00e9phoniques avec les collaborateurs sur le terrain: en quelques clics, vous disposez en effet d\u2019un aper\u00e7u complet du statut actuel de votre flotte et des mesures \u00e0 prendre \u00e9ventuellement.<\/p>\n<p>Avez-vous actuellement des difficult\u00e9s au sein de votre organisation pour optimiser la gestion de votre flotte? Peut-\u00eatre parce que des syst\u00e8mes diff\u00e9rents sont utilis\u00e9s? Ou parce que les syst\u00e8mes actuels ne sont pas suffisamment clairs pour chaque travailleur? Le temps du changement a sonn\u00e9!<\/p>\n<h3>Avantages de logiciel pour la gestion de flotte automobile<\/h3>\n<p><img loading=\"lazy\" decoding=\"async\" class=\"nomobile alignright wp-image-16971\" src=\"https:\/\/www.traxgo.be\/wp-content\/uploads\/2025\/01\/rendement-verhogen-met-tracking.jpg\" alt=\"Les logiciels de gestion de flotte offrent de nombreux avantages\" width=\"150\" height=\"165\" srcset=\"https:\/\/www.traxgo.be\/wp-content\/uploads\/2025\/01\/rendement-verhogen-met-tracking.jpg 312w, https:\/\/www.traxgo.be\/wp-content\/uploads\/2025\/01\/rendement-verhogen-met-tracking-272x300.jpg 272w\" sizes=\"auto, (max-width: 150px) 100vw, 150px\" \/>Afin que vous puissiez vous faire une meilleure id\u00e9e des nombreux avantages de Traxgo en mati\u00e8re de gestion de flotte automobile, nous allons les exposer en d\u00e9tail ci-apr\u00e8s. Vous pouvez notamment vous attendre aux avantages suivants:<\/p>\n<ul class=\"advantages\">\n<li><strong>Localisation extr\u00eamement pr\u00e9cise:<\/strong> la localisation est un \u00e9l\u00e9ment important de la gestion d\u2019une flotte automobile. Un lien direct avec le <a href=\"https:\/\/www.traxgo.be\/fr\/tracking\/\">syst\u00e8me de suivi<\/a> et de localisation vous permet de suivre tous les v\u00e9hicules avec une grande pr\u00e9cision. Il est tr\u00e8s facile de voir o\u00f9 se trouve chaque v\u00e9hicule. De ce fait, cela ne pose aucun probl\u00e8me, par exemple, de faire des ajustements ou d\u2019informer certains clients des heures d\u2019arriv\u00e9e.<\/li>\n<li><strong>Acc\u00e8s via l\u2019application:<\/strong> Tout le monde a le m\u00eame aper\u00e7u des processus d\u2019entreprise pertinents. Les conducteurs de vos v\u00e9hicules savent exactement o\u00f9 ils en sont en ce qui concerne l\u2019enregistrement du temps. Les collaborateurs au bureau peuvent \u00e9galement savoir tr\u00e8s facilement, via l\u2019application, o\u00f9 se trouvent les v\u00e9hicules \u00e0 un moment d\u00e9termin\u00e9.<\/li>\n<li><strong>Facturation simple:<\/strong> Le logiciel simplifie consid\u00e9rablement la facturation. Gr\u00e2ce \u00e0 la gestion de flotte automatique, vous savez exactement combien de kilom\u00e8tres ont \u00e9t\u00e9 parcourus et combien d\u2019heures ont \u00e9t\u00e9 prest\u00e9es. Le lien avec la facturation fournit imm\u00e9diatement des informations claires. Il en r\u00e9sulte un \u00e9norme gain de temps, mais aussi d\u2019argent !<\/li>\n<\/ul>\n<p><a class=\"button cta\" href=\"#contact\">D\u00e9mo gratuite ou plus d'info? <strong>Contactez-nous<\/strong><\/a><\/p>\n<p>&nbsp;<\/p>\n<h4>Consultez des informations d\u00e9taill\u00e9es sur:<\/h4>\n<ul>\n<li><a title=\"Fournisseur de gestion de flotte avec service premium\" href=\"https:\/\/www.traxgo.be\/fr\/fournisseur-de-gestion-de-flotte-avec-service-premium\/\">Fournisseur de gestion de flotte avec service premium<\/a><\/li>\n<li><a href=\"https:\/\/www.traxgo.be\/fr\/enregistrement-du-kilometrage-a-laide-de-notre-systeme-de-localisation\/\">Enregistrement du kilom\u00e9trage avec syst\u00e8me de localisation<\/a><\/li>\n<li><a href=\"https:\/\/www.traxgo.be\/fr\/suivi-de-flotte-un-systeme-de-suivi-pour-votre-flotte\/\">Suivi de flotte - Un syst\u00e8me de suivi pour votre flotte<\/a><\/li>\n<li><a href=\"https:\/\/www.traxgo.be\/fr\/comparer-les-comportements-de-conduite-des-employes\/\">Comparer les comportements de conduite des employ\u00e9s<\/a><\/li>\n<li><a href=\"https:\/\/www.traxgo.be\/fr\/optimiser-la-gestion-de-flotte-grace-a-la-localisation-3\/\">Optimiser la gestion de flotte gr\u00e2ce \u00e0 la localisation<\/a><\/li>\n<li><a href=\"https:\/\/www.traxgo.be\/fr\/antidemarrage-pour-vehicules-et-machines\/\">Antid\u00e9marrage pour v\u00e9hicules et machines<\/a><\/li>\n<li><a href=\"https:\/\/www.traxgo.be\/fr\/enregistrement-de-trajet-clair\/\">Enregistrement de trajet clair<\/a><\/li>\n<\/ul>\n","protected":false},"excerpt":{"rendered":"<p>Logiciel pour la gestion de flotte automobile Un logiciel pour la gestion de flotte automobile est une partie importante de toute organisation. Si votre organisation utilise de nombreux v\u00e9hicules, il est important de les surveiller de pr\u00e8s. Optez pour une solution globale, optez pour Traxgo! Traxgo vous permet d\u2019obtenir des informations d\u00e9taill\u00e9es quant \u00e0 l\u2019emplacement [&hellip;]<\/p>\n","protected":false},"author":1,"featured_media":6246,"parent":553,"menu_order":9,"comment_status":"closed","ping_status":"closed","template":"","meta":{"_acf_changed":false,"footnotes":""},"class_list":["post-7571","page","type-page","status-publish","has-post-thumbnail","hentry"],"acf":[],"_links":{"self":[{"href":"https:\/\/www.traxgo.be\/fr\/wp-json\/wp\/v2\/pages\/7571","targetHints":{"allow":["GET"]}}],"collection":[{"href":"https:\/\/www.traxgo.be\/fr\/wp-json\/wp\/v2\/pages"}],"about":[{"href":"https:\/\/www.traxgo.be\/fr\/wp-json\/wp\/v2\/types\/page"}],"author":[{"embeddable":true,"href":"https:\/\/www.traxgo.be\/fr\/wp-json\/wp\/v2\/users\/1"}],"replies":[{"embeddable":true,"href":"https:\/\/www.traxgo.be\/fr\/wp-json\/wp\/v2\/comments?post=7571"}],"version-history":[{"count":20,"href":"https:\/\/www.traxgo.be\/fr\/wp-json\/wp\/v2\/pages\/7571\/revisions"}],"predecessor-version":[{"id":17764,"href":"https:\/\/www.traxgo.be\/fr\/wp-json\/wp\/v2\/pages\/7571\/revisions\/17764"}],"up":[{"embeddable":true,"href":"https:\/\/www.traxgo.be\/fr\/wp-json\/wp\/v2\/pages\/553"}],"wp:featuredmedia":[{"embeddable":true,"href":"https:\/\/www.traxgo.be\/fr\/wp-json\/wp\/v2\/media\/6246"}],"wp:attachment":[{"href":"https:\/\/www.traxgo.be\/fr\/wp-json\/wp\/v2\/media?parent=7571"}],"curies":[{"name":"wp","href":"https:\/\/api.w.org\/{rel}","templated":true}]}}