{"id":759,"date":"2018-02-15T12:09:19","date_gmt":"2018-02-15T12:09:19","guid":{"rendered":"http:\/\/www.traxgo.be\/sensors\/"},"modified":"2024-02-19T13:51:14","modified_gmt":"2024-02-19T13:51:14","slug":"sensors","status":"publish","type":"page","link":"https:\/\/www.traxgo.be\/fr\/sensors\/","title":{"rendered":"Capteurs track-and-trace"},"content":{"rendered":"<h2>Liquid Sensor<\/h2>\n<h3><img loading=\"lazy\" decoding=\"async\" class=\"alignright wp-image-370\" src=\"http:\/\/www.traxgo.be\/wp-content\/uploads\/2018\/02\/TankOog-Trackerweb.png\" alt=\"Liquid Sensor\" width=\"510\" height=\"287\" srcset=\"https:\/\/www.traxgo.be\/wp-content\/uploads\/2018\/02\/TankOog-Trackerweb.png 1366w, https:\/\/www.traxgo.be\/wp-content\/uploads\/2018\/02\/TankOog-Trackerweb-300x169.png 300w, https:\/\/www.traxgo.be\/wp-content\/uploads\/2018\/02\/TankOog-Trackerweb-1024x576.png 1024w, https:\/\/www.traxgo.be\/wp-content\/uploads\/2018\/02\/TankOog-Trackerweb-768x432.png 768w\" sizes=\"auto, (max-width: 510px) 100vw, 510px\" \/><\/h3>\n<h3>Applications<\/h3>\n<p>Nous supportons presque tous les types de citernes, ce qui permet de mesurer diff\u00e9rents liquides.<\/p>\n<div>\n<div>\n<p><strong>Types<\/strong><\/p>\n<ul>\n<li>Plastique<\/li>\n<li>Acier<\/li>\n<li>Plastique arm\u00e9 la fibre de verre<\/li>\n<li>Sectionelle<\/li>\n<li>Simple ou double paroi<\/li>\n<li>En surface ou enterr\u00e9e<\/li>\n<\/ul>\n<p><strong>Types de liquide<\/strong><\/p>\n<ul>\n<li>Diesel<\/li>\n<li>P\u00e9trole<\/li>\n<li>Lubrifiants<\/li>\n<li>AdBleu<\/li>\n<li>Huiles us\u00e9es<\/li>\n<li>Additifs<\/li>\n<li>Autres liquides<\/li>\n<\/ul>\n<\/div>\n<\/div>\n<h3>Caract\u00e9ristiques<\/h3>\n<ul>\n<li><strong>Transmet les donn\u00e9es \u00e0 distance.<\/strong><\/li>\n<li><strong>\u00e9tanche<\/strong><\/li>\n<li><strong>Message d'alarme r\u00e9glable en cas de d\u00e9passement du seuil d'avertissement.<\/strong><\/li>\n<li><strong>Autonomie de 4 ans.<\/strong><\/li>\n<\/ul>\n<p><a class=\"button\" href=\"https:\/\/www.traxgo.be\/fr\/online-track-et-trace-et-systemes-de-localisation\/liquid-sensor\/\">Liquid sensor<\/a><\/p>\n<p>&nbsp;<\/p>\n<h2>Capteurs de pression des pneus<\/h2>\n<h3><img loading=\"lazy\" decoding=\"async\" class=\"alignright wp-image-391\" src=\"https:\/\/www.traxgo.be\/wp-content\/uploads\/2018\/02\/Bandenspanning_OOG_band.gif\" alt=\"Capteurs de pression des pneus\" width=\"510\" height=\"444\" \/>Applications<\/h3>\n<ul>\n<li>Remorques<\/li>\n<li>Semi-remorques<\/li>\n<li>Camions<\/li>\n<\/ul>\n<h3>Caract\u00e9ristiques<\/h3>\n<ul>\n<li><strong>Mesure continue<\/strong> \u00e0\u00a0distance de\u00a0l<strong>a pression des pneus.<\/strong><\/li>\n<li><strong>Mesure continue\u00a0de la\u00a0temp\u00e9rature.<\/strong><\/li>\n<li>Syst\u00e8me de notification d'alarme.<\/li>\n<\/ul>\n<p><a class=\"button\" href=\"http:\/\/www.traxgo.be\/fr\/online-track-et-trace-et-systemes-de-localisation\/systeme-de-controle-de-pression-des-pneus\/\">Pression des pneus<\/a><\/p>\n<p>&nbsp;<\/p>\n<p><strong>Consultez des informations d\u00e9taill\u00e9es sur:<\/strong><\/p>\n<ul>\n<li><a href=\"https:\/\/www.traxgo.be\/fr\/capteur-de-temperature\/\">Capteur de temp\u00e9rature<\/a><\/li>\n<li><a href=\"http:\/\/www.traxgo.be\/fr\/online-track-et-trace-et-systemes-de-localisation\/enregistrement-des-presences-checkinatwork\/\">Checkinatwork<\/a><\/li>\n<li><a href=\"http:\/\/www.traxgo.be\/fr\/pointeuse\/\">La pointeuse<\/a><\/li>\n<li><a href=\"http:\/\/www.traxgo.be\/fr\/online-track-et-trace-et-systemes-de-localisation\/localisation-machines\/\">Localisation de vos machines\u00a0<\/a> <a href=\"http:\/\/www.traxgo.be\/fr\/localisation-de-remorques\/\">et de vos remorques<\/a><\/li>\n<li><a href=\"https:\/\/www.traxgo.be\/fr\/lire-les-donnees-du-camion-de-linterface-fms\/\">Lire les donn\u00e9es du camion de l'interface FMS<\/a><\/li>\n<li><a href=\"http:\/\/www.traxgo.be\/fr\/online-track-et-trace-et-systemes-de-localisation\/\">Autres solutions<\/a><\/li>\n<\/ul>\n","protected":false},"excerpt":{"rendered":"<p>Liquid Sensor Applications Nous supportons presque tous les types de citernes, ce qui permet de mesurer diff\u00e9rents liquides. Types Plastique Acier Plastique arm\u00e9 la fibre de verre Sectionelle Simple ou double paroi En surface ou enterr\u00e9e Types de liquide Diesel P\u00e9trole Lubrifiants AdBleu Huiles us\u00e9es Additifs Autres liquides Caract\u00e9ristiques Transmet les donn\u00e9es \u00e0 distance. \u00e9tanche [&hellip;]<\/p>\n","protected":false},"author":2,"featured_media":367,"parent":0,"menu_order":0,"comment_status":"closed","ping_status":"closed","template":"","meta":{"_acf_changed":false,"footnotes":""},"class_list":["post-759","page","type-page","status-publish","has-post-thumbnail","hentry"],"acf":[],"_links":{"self":[{"href":"https:\/\/www.traxgo.be\/fr\/wp-json\/wp\/v2\/pages\/759","targetHints":{"allow":["GET"]}}],"collection":[{"href":"https:\/\/www.traxgo.be\/fr\/wp-json\/wp\/v2\/pages"}],"about":[{"href":"https:\/\/www.traxgo.be\/fr\/wp-json\/wp\/v2\/types\/page"}],"author":[{"embeddable":true,"href":"https:\/\/www.traxgo.be\/fr\/wp-json\/wp\/v2\/users\/2"}],"replies":[{"embeddable":true,"href":"https:\/\/www.traxgo.be\/fr\/wp-json\/wp\/v2\/comments?post=759"}],"version-history":[{"count":22,"href":"https:\/\/www.traxgo.be\/fr\/wp-json\/wp\/v2\/pages\/759\/revisions"}],"predecessor-version":[{"id":15669,"href":"https:\/\/www.traxgo.be\/fr\/wp-json\/wp\/v2\/pages\/759\/revisions\/15669"}],"wp:featuredmedia":[{"embeddable":true,"href":"https:\/\/www.traxgo.be\/fr\/wp-json\/wp\/v2\/media\/367"}],"wp:attachment":[{"href":"https:\/\/www.traxgo.be\/fr\/wp-json\/wp\/v2\/media?parent=759"}],"curies":[{"name":"wp","href":"https:\/\/api.w.org\/{rel}","templated":true}]}}