{"id":7923,"date":"2021-02-26T07:44:17","date_gmt":"2021-02-26T07:44:17","guid":{"rendered":"https:\/\/www.traxgo.be\/?page_id=7923"},"modified":"2025-06-20T11:17:38","modified_gmt":"2025-06-20T11:17:38","slug":"social-media-policy","status":"publish","type":"page","link":"https:\/\/www.traxgo.be\/fr\/social-media-policy\/","title":{"rendered":"Social Media Policy"},"content":{"rendered":"<p>La pr\u00e9sente politique en mati\u00e8re de m\u00e9dias sociaux s\u2019applique sp\u00e9cifiquement au traitement des donn\u00e9es \u00e0 caract\u00e8re personnel sur les canaux de m\u00e9dias sociaux de TRAXGO, dont le si\u00e8ge social est \u00e9tabli \u00e0 8790 Waregem, Deerlijkseweg 144a, BCE n\u00b0 0589 624 787, ci-apr\u00e8s d\u00e9sign\u00e9e \u00ab nous \u00bb ou \u00ab notre \u00bb.\u00a0 TRAXGO agit en tant que Responsable du traitement sur les canaux de m\u00e9dias sociaux respectifs Facebook, Instagram, X, LinkedIn et YouTube.<\/p>\n<p>TRAXGO vous garantit le traitement confidentiel de vos donn\u00e9es \u00e0 caract\u00e8re personnel conform\u00e9ment au R\u00e8glement g\u00e9n\u00e9ral sur la protection des donn\u00e9es, en abr\u00e9g\u00e9 \u00ab\u00a0RGPD\u00a0\u00bb ou \u00ab\u00a0GDPR\u00a0\u00bb.<\/p>\n<p>Les questions concernant la l\u00e9gislation applicable et la pr\u00e9sente d\u00e9claration de confidentialit\u00e9 peuvent \u00eatre pos\u00e9es \u00e0 notre d\u00e9l\u00e9gu\u00e9 \u00e0 la protection des donn\u00e9es (\u00ab\u00a0DPD\u00a0\u00bb) \u00e0 l\u2019adresse <a href=\"mailto:privacy@traxgo.be\">privacy@traxgo.be<\/a>.<\/p>\n<p>Si vous entrez en contact avec TRAXGO dans un autre contexte, notre politique g\u00e9n\u00e9rale de confidentialit\u00e9 est applicable et peut \u00eatre consult\u00e9e \u00e0 l\u2019adresse <a href=\"https:\/\/www.traxgo.be\/fr\/privacy-policy\/\">www.traxgo.be\/fr\/privacy-policy<\/a>.<\/p>\n<h3><strong>Quelles cat\u00e9gories de donn\u00e9es \u00e0 caract\u00e8re personnel traitons-nous et \u00e0 quelles fins\u00a0?<\/strong><\/h3>\n<p>Nous traitons vos donn\u00e9es \u00e0 caract\u00e8re personnel lorsque vous visitez TRAXGO sur les m\u00e9dias sociaux. Avec nos diff\u00e9rents canaux de m\u00e9dias sociaux, nous voulons vous offrir un vaste choix de services multim\u00e9dias et \u00e9changer avec vous des points de vue sur des sujets qui vous tiennent \u00e0 c\u0153ur. Parall\u00e8lement au fournisseur respectif d\u2019un r\u00e9seau social, nous collectons et traitons \u00e9galement les donn\u00e9es personnelles des utilisateurs sur nos canaux de m\u00e9dias sociaux. Par le pr\u00e9sent avis, nous vous informons des donn\u00e9es vous concernant que nous collectons dans le cadre de nos canaux de m\u00e9dias sociaux, de la mani\u00e8re dont nous les utilisons et de la mani\u00e8re dont vous pouvez vous opposer \u00e0 leur utilisation. Pour les finalit\u00e9s de traitement et les cat\u00e9gories de donn\u00e9es respectives, nous vous renvoyons aux canaux de m\u00e9dias sociaux individuels expos\u00e9s plus en d\u00e9tail ci-dessous.<\/p>\n<p>Le traitement des donn\u00e9es sert aux fins suivantes\u00a0:<\/p>\n<ul>\n<li>Communiquer avec les visiteurs des canaux de m\u00e9dias sociaux TRAXGO<\/li>\n<li>Traiter les demandes des visiteurs via nos canaux de m\u00e9dias sociaux TRAXGO<\/li>\n<li>Recueillir des informations statistiques sur la port\u00e9e des canaux de m\u00e9dias sociaux TRAXGO<\/li>\n<li>Organiser des enqu\u00eates client, des campagnes de marketing, des analyses de march\u00e9, des concours ou des actions ou \u00e9v\u00e9nements similaires<\/li>\n<li>R\u00e9gler des litiges et des contentieux, exercer ou d\u00e9fendre des droits ou actions en justice<\/li>\n<\/ul>\n<p>Le traitement de vos donn\u00e9es \u00e0 caract\u00e8re personnel est n\u00e9cessaire pour atteindre ces objectifs.<\/p>\n<p>Sauf disposition contraire expresse, la base l\u00e9gale du traitement est notre int\u00e9r\u00eat l\u00e9gitime (article 6 paragraphe 1 f) du RGPD). Nos int\u00e9r\u00eats l\u00e9gitimes englobent la possibilit\u00e9 de r\u00e9pondre \u00e0 vos messages ou questions et d\u2019analyser la port\u00e9e et l\u2019utilisation de nos canaux de m\u00e9dias sociaux TRAXGO afin de cr\u00e9er le projet ad\u00e9quat et une optimisation continue. Dans la mesure o\u00f9 vous souhaitez \u00e9tablir une relation contractuelle avec TRAXGO par votre demande, la base l\u00e9gale de ce traitement est l\u2019article 6.1 b) du RGPD.<\/p>\n<p>Si nous projetons de traiter vos donn\u00e9es \u00e0 caract\u00e8re personnel pour une finalit\u00e9 autre que celles mentionn\u00e9es ci-dessus, nous vous en informerons au pr\u00e9alable.<\/p>\n<h3><strong>1. Traxgo sur Facebook<\/strong><\/h3>\n<p>Les fanpages TRAXGO sur Facebook (\u00ab\u00a0fanpages\u00a0\u00bb) sont g\u00e9r\u00e9es par Facebook Ltd, 4 Grand Canal Square, Grand Canal Harbour, D2 Dublin, Irlande (\u00ab\u00a0Facebook\u00a0\u00bb). Lorsque vous visitez nos fanpages, Facebook traite vos donn\u00e9es \u00e0 caract\u00e8re personnel conform\u00e9ment \u00e0 sa politique de confidentialit\u00e9 que vous pouvez consulter <a href=\"https:\/\/www.facebook.com\/policy.php\">ici<\/a>.<\/p>\n<p>Nous traitons les donn\u00e9es \u00e0 caract\u00e8re personnel suivantes\u00a0:<\/p>\n<ul>\n<li>Votre nom d\u2019utilisateur Facebook et vos commentaires publi\u00e9s sur nos fanpages et les messages que vous nous envoyez par le biais de nos fanpages<\/li>\n<li>Votre activit\u00e9 sur nos fanpages par le biais du service Facebook Insights, par exemple les visites sur notre site, la port\u00e9e des contributions, les visites et la dur\u00e9e moyenne des visionnages de vid\u00e9os, les informations relatives aux pays et aux villes d\u2019origine de nos visiteurs et les statistiques concernant les relations entre les sexes de nos visiteurs<\/li>\n<li>Les autres informations n\u00e9cessaires pour r\u00e9pondre aux demandes de nos visiteurs ou pour identifier sans ambigu\u00eft\u00e9 nos visiteurs dans nos syst\u00e8mes<\/li>\n<\/ul>\n<p>Contr\u00f4le conjoint avec Facebook<\/p>\n<p>Nous utilisons les informations statistiques (les visites sur notre site, la port\u00e9e des contributions, les visites et la dur\u00e9e moyenne des visionnages de vid\u00e9os, les informations relatives aux pays et aux villes d\u2019origine de nos visiteurs et les statistiques concernant les rapports entre les sexes de nos visiteurs) li\u00e9es \u00e0 l\u2019utilisation des fanpages que Facebook met \u00e0 disposition sous forme anonymis\u00e9e via son service \u00ab\u00a0Insights\u00a0\u00bb. Les conclusions \u00e0 propos des utilisateurs individuels et l\u2019acc\u00e8s aux profils d\u2019utilisateurs individuels par TRAXGO ne sont pas possibles.<\/p>\n<p>Pour en savoir plus sur Facebook Insights, cliquez <a href=\"https:\/\/www.facebook.com\/legal\/terms\/information_about_page_insights_data\">ici<\/a>.<\/p>\n<p>Sur cette base, TRAXGO et Facebook sont consid\u00e9r\u00e9es comme des \u00ab\u00a0responsables conjoints du traitement\u00a0\u00bb au sens du RGPD et ont par cons\u00e9quent conclu un \u00ab\u00a0contrat de coresponsabilit\u00e9 du traitement\u00a0\u00bb afin de satisfaire aux exigences du RGPD. Ce contrat de coresponsabilit\u00e9 du traitement peut \u00eatre consult\u00e9 <a href=\"https:\/\/www.facebook.com\/legal\/terms\/page_controller_addendum\">ici<\/a>. Vous trouverez ici toutes les informations pertinentes pour vous en tant que personne concern\u00e9e, notamment en ce qui concerne l\u2019exercice de vos droits en vertu de la l\u00e9gislation en mati\u00e8re de protection des donn\u00e9es.<\/p>\n<p>En dehors du traitement des donn\u00e9es \u00e0 caract\u00e8re personnel mentionn\u00e9 dans la pr\u00e9sente d\u00e9claration de confidentialit\u00e9, TRAXGO n\u2019a aucune influence sur le traitement par Facebook des donn\u00e9es \u00e0 caract\u00e8re personnel li\u00e9es \u00e0 votre utilisation des fanpages.<\/p>\n<h3><strong>2. TRAXGO sur Instagram<\/strong><\/h3>\n<p>Les pages TRAXGO sur Instagram sont g\u00e9r\u00e9es par Facebook Ltd, 4 Grand Canal Square, Grand Canal Harbour, D2 Dublin, Irlande, le fournisseur de services pour Instagram. Lorsque vous visitez les pages TRAXGO sur Instagram, Instagram traite vos donn\u00e9es \u00e0 caract\u00e8re personnel conform\u00e9ment \u00e0 sa politique de confidentialit\u00e9 que vous pouvez consulter <a href=\"https:\/\/help.instagram.com\/519522125107875\">ici<\/a>.<\/p>\n<p>Nous utilisons les informations statistiques (les visites sur notre site, le nombre de contributions, les informations relatives aux pays et aux villes d\u2019origine de nos visiteurs et les statistiques concernant les rapports entre les sexes de nos visiteurs) li\u00e9es \u00e0 l\u2019utilisation des pages TRAXGO sur Instagram qu\u2019Instagram met \u00e0 disposition sous forme anonymis\u00e9e via son service \u00ab\u00a0Insights\u00a0\u00bb. Les conclusions \u00e0 propos des utilisateurs individuels et l\u2019acc\u00e8s aux profils d\u2019utilisateurs individuels par TRAXGO ne sont pas possibles.<\/p>\n<p>Nous traitons les donn\u00e9es \u00e0 caract\u00e8re personnel suivantes\u00a0:<\/p>\n<ul>\n<li>Votre nom d\u2019utilisateur Instagram et vos r\u00e9actions sur nos pages TRAXGO sur Instagram et les messages que vous nous envoyez par le biais de nos pages TRAXGO sur Instagram<\/li>\n<li>Votre activit\u00e9 sur nos pages TRAXGO sur Instagram par le biais du service Instagram Insights, par exemple les visites sur notre site, le nombre de contributions, les informations relatives aux pays et aux villes d\u2019origine de nos visiteurs et les statistiques concernant les relations entre les sexes de nos visiteurs<\/li>\n<li>Les autres informations n\u00e9cessaires pour r\u00e9pondre aux demandes de nos visiteurs ou pour identifier sans ambigu\u00eft\u00e9 nos visiteurs dans nos syst\u00e8mes<\/li>\n<\/ul>\n<p>Sur cette base, TRAXGO et Instagram sont consid\u00e9r\u00e9es comme des \u00ab\u00a0responsables conjoints du traitement\u00a0\u00bb au sens du RGPD et ont par cons\u00e9quent conclu un \u00ab\u00a0contrat de coresponsabilit\u00e9 du traitement\u00a0\u00bb afin de satisfaire aux exigences du RGPD. Ce contrat de coresponsabilit\u00e9 du traitement peut \u00eatre consult\u00e9 <a href=\"https:\/\/www.facebook.com\/legal\/terms\/page_controller_addendum\">ici<\/a>, Instagram faisant partie de Facebook. Vous trouverez ici toutes les informations pertinentes pour vous en tant que personne concern\u00e9e, notamment en ce qui concerne l\u2019exercice de vos droits en vertu de la l\u00e9gislation en mati\u00e8re de protection des donn\u00e9es.<\/p>\n<h3><strong>3. TRAXGO sur X<\/strong><\/h3>\n<p>Si vous visitez TRAXGO sur X, X Corp, 865 FM 1209, Building 2, Bastrop, TX 78602, USA, l\u2019op\u00e9rateur de X collecte et traite des donn\u00e9es \u00e0 caract\u00e8re personnel comme d\u00e9crit dans sa politique de confidentialit\u00e9. La politique de confidentialit\u00e9 peut \u00eatre consult\u00e9e <a href=\"https:\/\/x.com\/fr\/privacy\">ici<\/a>.<\/p>\n<p>Nous traitons les donn\u00e9es \u00e0 caract\u00e8re personnel suivantes\u00a0:<\/p>\n<ul>\n<li>Votre nom d\u2019utilisateur X et vos commentaires publi\u00e9s sur nos pages TRAXGO sur X et les messages que vous nous envoyez par le biais de nos pages TRAXGO sur X<\/li>\n<li>Votre activit\u00e9 sur nos pages TRAXGO sur X par le biais du service twitter Analytics, par exemple les visites sur notre site, le nombre de contributions, les informations relatives aux pays et aux villes d\u2019origine de nos visiteurs et les statistiques concernant les relations entre les sexes de nos visiteurs<\/li>\n<li>Les autres informations n\u00e9cessaires pour r\u00e9pondre aux demandes de nos visiteurs ou pour identifier sans ambigu\u00eft\u00e9 nos visiteurs dans nos syst\u00e8mes<\/li>\n<li>Nous ne conservons ni ne traitons aucune de vos donn\u00e9es \u00e0 caract\u00e8re personnel, \u00e0 l\u2019exception de votre nom d\u2019utilisateur X si vous nous adressez un message direct.<\/li>\n<\/ul>\n<p>Traitement conjoint avec X<\/p>\n<p>Nous utilisons les informations statistiques (les visites sur notre site, le nombre de contributions, les informations relatives aux pays et aux villes d\u2019origine de nos visiteurs et les statistiques concernant les rapports entre les sexes de nos visiteurs) li\u00e9es \u00e0 l\u2019utilisation des pages TRAXGO sur X que X met \u00e0 disposition sous forme anonymis\u00e9e via son service \u00ab Analytics \u00bb. Les conclusions \u00e0 propos des utilisateurs individuels et l\u2019acc\u00e8s aux profils d\u2019utilisateurs individuels par TRAXGO ne sont pas possibles.<\/p>\n<p>De ce fait, TRAXGO et X sont consid\u00e9r\u00e9es comme des \u00ab responsables conjoints du traitement \u00bb au sens du RGPD.<\/p>\n<p>En dehors du traitement des donn\u00e9es \u00e0 caract\u00e8re personnel mentionn\u00e9 dans la pr\u00e9sente d\u00e9claration de confidentialit\u00e9, TRAXGO n\u2019a aucune influence sur le traitement des donn\u00e9es \u00e0 caract\u00e8re personnel li\u00e9es \u00e0 votre utilisation de notre page d\u2019entreprise X.<\/p>\n<h3><strong>4. TRAXGO sur LinkedIn<\/strong><\/h3>\n<p>Les pages TRAXGO sur LinkedIn sont g\u00e9r\u00e9es par LinkedIn Ireland Unlimited Company, Wilton Place, Dublin 2, Irlande (\u00ab\u00a0LinkedIn\u00a0\u00bb). Lorsque vous visitez les pages TRAXGO sur LinkedIn, LinkedIn traite vos donn\u00e9es \u00e0 caract\u00e8re personnel conform\u00e9ment \u00e0 sa politique de confidentialit\u00e9 que vous pouvez consulter <a href=\"https:\/\/www.linkedin.com\/legal\/privacy-policy\">ici<\/a>.<\/p>\n<p>Nous traitons les donn\u00e9es \u00e0 caract\u00e8re personnel suivantes\u00a0:<\/p>\n<ul>\n<li>Votre nom d\u2019utilisateur LinkedIn et vos commentaires publi\u00e9s sur nos pages TRAXGO sur LinkedIn et les messages que vous nous envoyez par le biais de nos pages TRAXGO sur LinkedIn<\/li>\n<li>Les autres informations n\u00e9cessaires pour r\u00e9pondre aux demandes de nos visiteurs ou pour identifier sans ambigu\u00eft\u00e9 nos visiteurs dans nos syst\u00e8mes<\/li>\n<\/ul>\n<p>Traitement conjoint avec LinkedIn<\/p>\n<p>Nous utilisons les informations statistiques (les visites sur notre site, le nombre de contributions, les informations relatives aux pays et aux villes d\u2019origine de nos visiteurs et les statistiques concernant les relations de travail de nos visiteurs) li\u00e9es \u00e0 l\u2019utilisation de notre page d\u2019entreprise LinkedIn que LinkedIn met \u00e0 disposition sous forme anonymis\u00e9e via son service \u00ab\u00a0Analytics\u00a0\u00bb. Les conclusions \u00e0 propos des utilisateurs individuels et l\u2019acc\u00e8s aux profils d\u2019utilisateurs individuels par TRAXGO ne sont pas possibles.<\/p>\n<p>De ce fait, TRAXGO et LinkedIn sont consid\u00e9r\u00e9es comme des \u00ab\u00a0responsables conjoints du traitement\u00a0\u00bb au sens du RGPD et ont par cons\u00e9quent conclu un \u00ab\u00a0contrat de coresponsabilit\u00e9 du traitement\u00a0\u00bb afin de satisfaire aux exigences du RGPD. Ce contrat de coresponsabilit\u00e9 du traitement peut \u00eatre consult\u00e9 <a href=\"https:\/\/legal.linkedin.com\/pages-joint-controller-addendum\">ici<\/a>. Vous trouverez ici toutes les informations pertinentes pour vous en tant que personne concern\u00e9e, notamment en ce qui concerne l\u2019exercice de vos droits en vertu de la l\u00e9gislation en mati\u00e8re de protection des donn\u00e9es.<\/p>\n<p>En dehors du traitement des donn\u00e9es \u00e0 caract\u00e8re personnel mentionn\u00e9 dans la pr\u00e9sente d\u00e9claration de confidentialit\u00e9, TRAXGO n\u2019a aucune influence sur le traitement des donn\u00e9es \u00e0 caract\u00e8re personnel li\u00e9es \u00e0 votre utilisation de notre page d\u2019entreprise LinkedIn.<\/p>\n<h3><strong>5. TRAXGO sur YouTube<\/strong><\/h3>\n<p>Si vous visitez TRAXGO sur YouTube, Google Ireland Limited, Gordon House, Barrow Street, Dublin 4, Irlande, l\u2019op\u00e9rateur de YouTube, collecte et traite des donn\u00e9es \u00e0 caract\u00e8re personnel comme d\u00e9crit dans sa politique de confidentialit\u00e9. La politique de confidentialit\u00e9 peut \u00eatre consult\u00e9e <a href=\"https:\/\/policies.google.com\/privacy\">ici<\/a>.<\/p>\n<p>Nous utilisons les informations statistiques (les visites sur notre site, la port\u00e9e des contributions, la dur\u00e9e moyenne des visionnages de vid\u00e9os, les informations relatives aux pays et aux villes d\u2019origine de nos visiteurs et les statistiques concernant les rapports entre les sexes de nos visiteurs) li\u00e9es \u00e0 l\u2019utilisation de la cha\u00eene TRAXGO sur YouTube que YouTube met \u00e0 disposition sous forme anonymis\u00e9e via son service \u00ab\u00a0Analytics\u00a0\u00bb. Les conclusions \u00e0 propos des utilisateurs individuels et l\u2019acc\u00e8s aux profils d\u2019utilisateurs individuels par TRAXGO ne sont pas possibles.<\/p>\n<p>Nous traitons les donn\u00e9es \u00e0 caract\u00e8re personnel suivantes\u00a0:<\/p>\n<ul>\n<li>Votre nom d\u2019utilisateur YouTube et vos r\u00e9actions sur notre cha\u00eene TRAXGO sur YouTube<\/li>\n<li>Votre activit\u00e9 sur notre cha\u00eene TRAXGO sur YouTube par le biais du service YouTube Analytics, par exemple les visites sur notre site, la port\u00e9e des contributions, la dur\u00e9e moyenne des visionnages de vid\u00e9os, les informations relatives aux pays et aux villes d\u2019origine de nos visiteurs et les statistiques concernant les rapports entre les sexes de nos visiteurs<\/li>\n<li>Les autres informations n\u00e9cessaires pour r\u00e9pondre aux demandes de nos visiteurs ou pour identifier sans ambigu\u00eft\u00e9 nos visiteurs dans nos syst\u00e8mes<\/li>\n<\/ul>\n<p>Nous ne conservons ni ne traitons aucune de vos donn\u00e9es \u00e0 caract\u00e8re personnel, \u00e0 l\u2019exception de votre nom d\u2019utilisateur YouTube si vous nous adressez un message direct.<\/p>\n<h3><strong>\u00c0 qui vos donn\u00e9es \u00e0 caract\u00e8re personnel sont-elles envoy\u00e9es\u00a0?<\/strong><\/h3>\n<p>Au sein de notre entreprise, seuls les personnes et les organismes qui ont besoin de donn\u00e9es \u00e0 caract\u00e8re personnel pour atteindre les objectifs susmentionn\u00e9s ont acc\u00e8s \u00e0 ces donn\u00e9es.<\/p>\n<p>Les commentaires et messages que vous laissez sur nos canaux de m\u00e9dias sociaux sont trait\u00e9s par notre personnel sur la plateforme de m\u00e9dias sociaux proprement dite<\/p>\n<p>Veuillez noter que, lors du traitement des donn\u00e9es par le biais de nos canaux de m\u00e9dias sociaux, vos donn\u00e9es \u00e0 caract\u00e8re personnel peuvent \u00eatre trait\u00e9es en dehors du territoire de l\u2019Union europ\u00e9enne. Cela peut pr\u00e9senter des risques pour les utilisateurs, parce que, par exemple, il peut devenir plus difficile de faire respecter les droits des utilisateurs. Pour plus de d\u00e9tails, nous vous renvoyons \u00e0 la d\u00e9claration de confidentialit\u00e9 des canaux de m\u00e9dias sociaux. En ce qui concerne les fournisseurs am\u00e9ricains li\u00e9s par les clauses contractuelles types de l\u2019UE, nous tenons \u00e0 souligner que ces fournisseurs s\u2019engagent \u00e0 respecter les normes europ\u00e9ennes en mati\u00e8re de protection des donn\u00e9es.<\/p>\n<p>Nous pouvons communiquer des donn\u00e9es \u00e0 caract\u00e8re personnel aux autorit\u00e9s de contr\u00f4le, aux tribunaux ou aux cabinets d\u2019avocats dans la mesure n\u00e9cessaire pour garantir le respect de la l\u00e9gislation applicable ou pour exercer, faire valoir ou d\u00e9fendre des droits l\u00e9gaux, si la loi le permet.<\/p>\n<h3><strong>Combien de temps conservons-nous vos donn\u00e9es \u00e0 caract\u00e8re personnel\u00a0?<\/strong><\/h3>\n<p>Sauf disposition contraire explicite (par ex. dans un formulaire de consentement sp\u00e9cifique), nous supprimons vos donn\u00e9es \u00e0 caract\u00e8re personnel d\u00e8s qu\u2019elles ne sont plus n\u00e9cessaires aux fins \u00e9nonc\u00e9es ci-dessus, \u00e0 moins que la suppression ou le blocage de ces donn\u00e9es ne soit contraire \u00e0 nos obligations l\u00e9gales de fournir et de conserver des donn\u00e9es (comme la conservation des donn\u00e9es pendant les p\u00e9riodes pr\u00e9vues par la l\u00e9gislation commerciale ou fiscale). Vos messages envoy\u00e9s par le biais de nos canaux de m\u00e9dias sociaux sont supprim\u00e9s au moins 3 mois apr\u00e8s la fin de la conversation si une r\u00e9ponse a \u00e9t\u00e9 apport\u00e9e \u00e0 votre question et en l\u2019absence d\u2019autres raisons de nous autoriser ou obliger \u00e0 conserver lesdits messages.<\/p>\n<h3><strong>Quels droits en mati\u00e8re de protection des donn\u00e9es pouvez-vous exercer\u00a0?<\/strong><\/h3>\n<p>Nos visiteurs peuvent consulter des informations relatives aux donn\u00e9es \u00e0 caract\u00e8re personnel les concernant que nous stockons et traitons chez TRAXGO. En outre, nos visiteurs peuvent demander, dans des circonstances sp\u00e9cifiques, la rectification ou l\u2019effacement des donn\u00e9es \u00e0 caract\u00e8re personnel les concernant. Ils peuvent \u00e9galement avoir le droit de limiter le traitement des donn\u00e9es \u00e0 caract\u00e8re personnel, ainsi que le droit de divulguer les donn\u00e9es qu\u2019ils ont fournies dans un format structur\u00e9, couramment utilis\u00e9 et lisible par machine.<\/p>\n<p>Pour l\u2019exercice de vos droits, vous pouvez nous contacter \u00e0 l\u2019adresse <a href=\"mailto:privacy@traxgo.be\">privacy@traxgo.be<\/a>.<\/p>\n<p>Droit d\u2019opposition<\/p>\n<p>Si le traitement est fond\u00e9 sur un consentement, nos visiteurs ont le droit de s\u2019opposer \u00e0 tout moment au traitement des donn\u00e9es \u00e0 caract\u00e8re personnel les concernant. Si nous traitons les donn\u00e9es \u00e0 caract\u00e8re personnel de nos visiteurs afin de prot\u00e9ger nos int\u00e9r\u00eats l\u00e9gitimes, nos visiteurs ont le droit de s\u2019opposer \u00e0 tout moment \u00e0 ce traitement pour des raisons tenant \u00e0 leur situation particuli\u00e8re. En cas d\u2019opposition, nous cesserons de traiter les donn\u00e9es \u00e0 caract\u00e8re personnel de la personne concern\u00e9e, sauf si nous pouvons fournir des motifs imp\u00e9rieux qui pr\u00e9valent sur les int\u00e9r\u00eats, les droits et libert\u00e9s de nos visiteurs ou prouver que le traitement sert \u00e0 la constatation, \u00e0 l\u2019exercice et \u00e0 la d\u00e9fense de droits en justice ou de litiges.<\/p>\n<ul>\n<li>Facebook endosse la responsabilit\u00e9 primaire en ce qui concerne le traitement des donn\u00e9es \u00e0 caract\u00e8re personnel par le biais du service \u00ab\u00a0Insights\u00a0\u00bb, offert par Facebook. Il s\u2019agit du traitement des donn\u00e9es Insights et de l\u2019exercice des droits des personnes concern\u00e9es. Par cons\u00e9quent, veuillez contacter directement Facebook concernant toutes les obligations issues du RGPD relatives au traitement des donn\u00e9es Insights. Bien que vous puissiez exercer vos droits \u00e0 notre encontre, nous transmettrons \u00e0 Facebook toutes les questions que vous nous adresserez \u00e0 ce sujet.<\/li>\n<li>LinkedIn endosse la responsabilit\u00e9 primaire en ce qui concerne le traitement des donn\u00e9es \u00e0 caract\u00e8re personnel par le biais du service \u00ab\u00a0Page Insights\u00a0\u00bb, offert par LinkedIn. Il s\u2019agit du traitement des donn\u00e9es \u00ab\u00a0Page Insights\u00a0\u00bb et de l\u2019exercice des droits des personnes concern\u00e9es. Par cons\u00e9quent, veuillez contacter directement LinkedIn concernant toutes les obligations issues du RGPD relatives au traitement des donn\u00e9es \u00ab\u00a0Page Insights\u00a0\u00bb. Bien que vous puissiez exercer vos droits \u00e0 notre encontre, nous transmettrons \u00e0 LinkedIn toutes les questions que vous nous adresserez \u00e0 ce sujet.<\/li>\n<\/ul>\n<h3><strong>O\u00f9 pouvez-vous introduire une r\u00e9clamation\u00a0?<\/strong><\/h3>\n<p>Tout visiteur a le droit d\u2019introduire une r\u00e9clamation aupr\u00e8s de l\u2019autorit\u00e9 de contr\u00f4le comp\u00e9tente en mati\u00e8re de protection des donn\u00e9es si vous estimez que le traitement des donn\u00e9es \u00e0 caract\u00e8re personnel vous concernant est contraire au RGPD.<\/p>\n<p>Autorit\u00e9 de protection des donn\u00e9es, rue de la Presse 35, 1000 Bruxelles<\/p>\n<p>e-mail\u00a0: <a href=\"mailto:contact@apd-gba.be\">contact@apd-gba.be<\/a><\/p>\n","protected":false},"excerpt":{"rendered":"<p>La pr\u00e9sente politique en mati\u00e8re de m\u00e9dias sociaux s\u2019applique sp\u00e9cifiquement au traitement des donn\u00e9es \u00e0 caract\u00e8re personnel sur les canaux de m\u00e9dias sociaux de TRAXGO, dont le si\u00e8ge social est \u00e9tabli \u00e0 8790 Waregem, Deerlijkseweg 144a, BCE n\u00b0 0589 624 787, ci-apr\u00e8s d\u00e9sign\u00e9e \u00ab nous \u00bb ou \u00ab notre \u00bb.\u00a0 TRAXGO agit en tant que [&hellip;]<\/p>\n","protected":false},"author":1,"featured_media":5758,"parent":0,"menu_order":0,"comment_status":"closed","ping_status":"closed","template":"templates\/social.tpl.php","meta":{"_acf_changed":false,"footnotes":""},"class_list":["post-7923","page","type-page","status-publish","has-post-thumbnail","hentry"],"acf":[],"_links":{"self":[{"href":"https:\/\/www.traxgo.be\/fr\/wp-json\/wp\/v2\/pages\/7923","targetHints":{"allow":["GET"]}}],"collection":[{"href":"https:\/\/www.traxgo.be\/fr\/wp-json\/wp\/v2\/pages"}],"about":[{"href":"https:\/\/www.traxgo.be\/fr\/wp-json\/wp\/v2\/types\/page"}],"author":[{"embeddable":true,"href":"https:\/\/www.traxgo.be\/fr\/wp-json\/wp\/v2\/users\/1"}],"replies":[{"embeddable":true,"href":"https:\/\/www.traxgo.be\/fr\/wp-json\/wp\/v2\/comments?post=7923"}],"version-history":[{"count":7,"href":"https:\/\/www.traxgo.be\/fr\/wp-json\/wp\/v2\/pages\/7923\/revisions"}],"predecessor-version":[{"id":17742,"href":"https:\/\/www.traxgo.be\/fr\/wp-json\/wp\/v2\/pages\/7923\/revisions\/17742"}],"wp:featuredmedia":[{"embeddable":true,"href":"https:\/\/www.traxgo.be\/fr\/wp-json\/wp\/v2\/media\/5758"}],"wp:attachment":[{"href":"https:\/\/www.traxgo.be\/fr\/wp-json\/wp\/v2\/media?parent=7923"}],"curies":[{"name":"wp","href":"https:\/\/api.w.org\/{rel}","templated":true}]}}