{"id":8281,"date":"2021-04-15T10:36:00","date_gmt":"2021-04-15T10:36:00","guid":{"rendered":"https:\/\/www.traxgo.be\/?page_id=8281"},"modified":"2025-12-18T08:54:29","modified_gmt":"2025-12-18T08:54:29","slug":"lecture-du-tachygraphe","status":"publish","type":"page","link":"https:\/\/www.traxgo.be\/fr\/online-track-et-trace-et-systemes-de-localisation\/lecture-du-tachygraphe\/","title":{"rendered":"Lecture du tachygraphe"},"content":{"rendered":"<h2>Lecture \u00e0 distance du tachygraphe num\u00e9rique<\/h2>\n<p><img loading=\"lazy\" decoding=\"async\" class=\"alignright size-full wp-image-8267\" src=\"https:\/\/www.traxgo.be\/wp-content\/uploads\/2021\/04\/tachograaf-uitlezen-vloot-1.jpg\" alt=\"Lecture \u00e0 distance du tachygraphe num\u00e9rique et la carte du chauffeur\" width=\"550\" height=\"379\" srcset=\"https:\/\/www.traxgo.be\/wp-content\/uploads\/2021\/04\/tachograaf-uitlezen-vloot-1.jpg 550w, https:\/\/www.traxgo.be\/wp-content\/uploads\/2021\/04\/tachograaf-uitlezen-vloot-1-300x207.jpg 300w\" sizes=\"auto, (max-width: 550px) 100vw, 550px\" \/>Un tachygraphe est un appareil utilis\u00e9 dans les camions pour enregistrer les temps de conduite et les pauses des chauffeurs, les vitesses, les infractions, etc. La lecture manuelle sur place des informations des tachygraphes de vos camions peut \u00eatre une t\u00e2che fastidieuse, surtout si votre parc compte de nombreux v\u00e9hicules.<\/p>\n<p>Traxgo propose une <strong>solution efficace<\/strong> qui permet une lecture du tachygraphe num\u00e9rique \u00e0 distance et de fa\u00e7on enti\u00e8rement automatis\u00e9e, et gr\u00e2ce \u00e0 laquelle vous \u00e9conomiserez du temps et de l\u2019argent. Notre syst\u00e8me lit les diff\u00e9rents fichiers DDD disponibles - tant \u00e0 partir du tachygraphe que de la carte du chauffeur - et les stocke de fa\u00e7on centralis\u00e9e sur notre <a href=\"https:\/\/www.traxgo.be\/fr\/logiciel-track-trace\/\">plateforme s\u00e9curis\u00e9e<\/a> pendant la dur\u00e9e du d\u00e9lai l\u00e9gal. <strong>Nous vous soulageons \u00e0 100%<\/strong>.<\/p>\n<p class=\"mobileonly\"><a class=\"button cta\" href=\"#contact\">D\u00e9mo gratuite ou plus d'info? <strong>Contactez-nous<\/strong><\/a><\/p>\n<p>Des informations d\u00e9taill\u00e9es sur le tachygraphe et les obligations l\u00e9gales concernant la lecture et le stockage de ces donn\u00e9es sont disponibles sur le <a href=\"https:\/\/mobilit.belgium.be\/fr\/route\/transport\/tachygraphe-digital\/cartes-tachygraphiques\" target=\"_blank\" rel=\"noopener\">site web du SPF Mobilit\u00e9<\/a>.<\/p>\n<h3>Avantages de notre logiciel tachygraphe<\/h3>\n<ul class=\"advantages\">\n<li>Les donn\u00e9es du tachygraphe sont t\u00e9l\u00e9charg\u00e9es <strong>\u00e0 distance<\/strong><\/li>\n<li>Vos camions et vos chauffeurs ne doivent plus se d\u00e9placer<\/li>\n<li>Les donn\u00e9es lues sont stock\u00e9es de fa\u00e7on <strong>centralis\u00e9e<\/strong> sur notre plateforme et peuvent \u00eatre consult\u00e9es <strong>\u00e0 tout moment<\/strong><\/li>\n<li>Extr\u00eamement efficace et <strong>rapide<\/strong>, car la lecture se fait de fa\u00e7on enti\u00e8rement <strong>automatis\u00e9e<\/strong><\/li>\n<li>\u00c9tant donn\u00e9 que le tachygraphe est toujours lu <strong>dans les d\u00e9lais<\/strong>, vous \u00e9vitez les amendes<\/li>\n<li>Vous ne devez plus vous soucier des sauvegardes, vos donn\u00e9es sont stock\u00e9es chez nous sur notre <strong>plateforme s\u00e9curis\u00e9e<\/strong><\/li>\n<\/ul>\n<p><a class=\"button cta\" href=\"#contact\">D\u00e9mo gratuite ou plus d'info? <strong>Contactez-nous<\/strong><\/a><\/p>\n<div style=\"padding: 10px 15px; border-left: Solid 3px #75a3a3; background: linear-gradient(90deg,rgba(238, 238, 238, 1) 0%, rgba(255, 255, 255, 1) 75%);\">\n<h4 style=\"padding: 0; margin: 0; padding-bottom: 5px;\">Propre \u00e9quipe d'installation, unique dans le secteur du suivi et tra\u00e7abilit\u00e9<\/h4>\n<div style=\"display: inline-block; margin-right: 10px;\"><i class=\"fa fa-star-o\" style=\"color: #75a3a3;\" aria-hidden=\"true\"><\/i> Collaborateurs comp\u00e9tent<\/div>\n<div style=\"display: inline-block; margin-right: 10px;\"><i class=\"fa fa-star-o\" style=\"color: #75a3a3;\" aria-hidden=\"true\"><\/i> Installation rapide et ponctuelle<\/div>\n<div style=\"display: inline-block; margin-right: 10px;\"><i class=\"fa fa-star-o\" style=\"color: #75a3a3;\" aria-hidden=\"true\"><\/i> Prix fixe, sans frais suppl\u00e9mentaires<\/div>\n<\/div>\n<p>&nbsp;<\/p>\n<h3><i class=\"fa fa-exclamation-triangle\" aria-hidden=\"true\"><\/i> L\u00e9gislation tachygraphe intelligent version 2<\/h3>\n<p>Pour le transport international, une mise \u00e0 niveau obligatoire s'applique aux v\u00e9hicules \u00e9quip\u00e9s de tachygraphes plus anciens. Depuis le 1er janvier 2025, tous les appareils analogiques ou num\u00e9riques \u00ab anciens \u00bb doivent \u00eatre remplac\u00e9s par un tachygraphe intelligent version 2. De plus, tous les tachygraphes intelligents version 1 doivent \u00eatre remplac\u00e9s par le tachygraphe intelligent version 2 au plus tard le 18 ao\u00fbt 2025.<\/p>\n<p>&nbsp;<\/p>\n<h4>Consultez des informations d\u00e9taill\u00e9es sur:<\/h4>\n<ul>\n<li><a href=\"https:\/\/www.traxgo.be\/fr\/le-tachygraphe-pour-camionnettes-devient-obligatoire\/\">Le tachygraphe pour camionnettes devient obligatoire<\/a><\/li>\n<li><a href=\"https:\/\/www.traxgo.be\/fr\/les-applications-de-suivi-aident-les-entreprises-de-transport-a-faire-des-economies\/\">Applications de suivi aident entreprises de transport<\/a><\/li>\n<li><a href=\"https:\/\/www.traxgo.be\/fr\/lecture-a-distance-des-fichiers-du-tachygraphe-des-camions\/\">Lecture \u00e0 distance des fichiers du tachygraphe des camions<\/a><\/li>\n<li><a href=\"https:\/\/www.traxgo.be\/fr\/acheter-un-traceur-gps-a-prix-bas\/\">Acheter un traceur GPS \u00e0 prix bas, des points \u00e0 consid\u00e9rer<\/a><\/li>\n<li><a href=\"https:\/\/www.traxgo.be\/fr\/lire-les-donnees-du-camion-de-linterface-fms\/\">Lire les donn\u00e9es du camion de l'interface FMS<\/a><\/li>\n<li><a href=\"https:\/\/www.traxgo.be\/fr\/numerisation-dans-le-secteur-des-transports\/\">Num\u00e9risation dans le secteur des transports<\/a><\/li>\n<\/ul>\n","protected":false},"excerpt":{"rendered":"<p>Lecture \u00e0 distance du tachygraphe num\u00e9rique Un tachygraphe est un appareil utilis\u00e9 dans les camions pour enregistrer les temps de conduite et les pauses des chauffeurs, les vitesses, les infractions, etc. La lecture manuelle sur place des informations des tachygraphes de vos camions peut \u00eatre une t\u00e2che fastidieuse, surtout si votre parc compte de nombreux [&hellip;]<\/p>\n","protected":false},"author":1,"featured_media":8250,"parent":553,"menu_order":0,"comment_status":"closed","ping_status":"closed","template":"","meta":{"_acf_changed":false,"footnotes":""},"class_list":["post-8281","page","type-page","status-publish","has-post-thumbnail","hentry"],"acf":[],"_links":{"self":[{"href":"https:\/\/www.traxgo.be\/fr\/wp-json\/wp\/v2\/pages\/8281","targetHints":{"allow":["GET"]}}],"collection":[{"href":"https:\/\/www.traxgo.be\/fr\/wp-json\/wp\/v2\/pages"}],"about":[{"href":"https:\/\/www.traxgo.be\/fr\/wp-json\/wp\/v2\/types\/page"}],"author":[{"embeddable":true,"href":"https:\/\/www.traxgo.be\/fr\/wp-json\/wp\/v2\/users\/1"}],"replies":[{"embeddable":true,"href":"https:\/\/www.traxgo.be\/fr\/wp-json\/wp\/v2\/comments?post=8281"}],"version-history":[{"count":18,"href":"https:\/\/www.traxgo.be\/fr\/wp-json\/wp\/v2\/pages\/8281\/revisions"}],"predecessor-version":[{"id":17951,"href":"https:\/\/www.traxgo.be\/fr\/wp-json\/wp\/v2\/pages\/8281\/revisions\/17951"}],"up":[{"embeddable":true,"href":"https:\/\/www.traxgo.be\/fr\/wp-json\/wp\/v2\/pages\/553"}],"wp:featuredmedia":[{"embeddable":true,"href":"https:\/\/www.traxgo.be\/fr\/wp-json\/wp\/v2\/media\/8250"}],"wp:attachment":[{"href":"https:\/\/www.traxgo.be\/fr\/wp-json\/wp\/v2\/media?parent=8281"}],"curies":[{"name":"wp","href":"https:\/\/api.w.org\/{rel}","templated":true}]}}