{"id":9601,"date":"2022-02-22T07:59:18","date_gmt":"2022-02-22T07:59:18","guid":{"rendered":"https:\/\/www.traxgo.be\/?page_id=9601"},"modified":"2024-09-20T08:14:55","modified_gmt":"2024-09-20T08:14:55","slug":"protection-anti-effraction-pour-camionnettes","status":"publish","type":"page","link":"https:\/\/www.traxgo.be\/fr\/online-track-et-trace-et-systemes-de-localisation\/protection-anti-effraction-pour-camionnettes\/","title":{"rendered":"Protection anti-effraction pour camionnettes"},"content":{"rendered":"<h2>S\u00e9curisez l\u2019espace de chargement de votre camionnette<\/h2>\n<p><img loading=\"lazy\" decoding=\"async\" class=\"alignright wp-image-9580\" src=\"https:\/\/www.traxgo.be\/wp-content\/uploads\/2022\/02\/inbraakbeveiliging-bestelwagens-1.jpg\" alt=\"S\u00e9curisez l\u2019espace de chargement de votre camionnette\" width=\"580\" height=\"390\" srcset=\"https:\/\/www.traxgo.be\/wp-content\/uploads\/2022\/02\/inbraakbeveiliging-bestelwagens-1.jpg 1000w, https:\/\/www.traxgo.be\/wp-content\/uploads\/2022\/02\/inbraakbeveiliging-bestelwagens-1-300x202.jpg 300w, https:\/\/www.traxgo.be\/wp-content\/uploads\/2022\/02\/inbraakbeveiliging-bestelwagens-1-768x517.jpg 768w\" sizes=\"auto, (max-width: 580px) 100vw, 580px\" \/>L\u2019utilit\u00e9 d\u2019\u00e9quiper les camionnettes d\u2019une protection anti-effraction efficace pour se pr\u00e9munir contre les vols est \u00e9vidente. Pour de nombreux ind\u00e9pendants, l\u2019espace de chargement de leur camionnette forme le centre n\u00e9vralgique de leur activit\u00e9. Il abrite g\u00e9n\u00e9ralement un v\u00e9ritable arsenal d\u2019\u00e9quipements de travail co\u00fbteux, patiemment constitu\u00e9 au fil des ans. Le vol de mat\u00e9riaux ou de machines est par cons\u00e9quent une v\u00e9ritable catastrophe aux lourdes <strong>r\u00e9percussions financi\u00e8res<\/strong>. Outre le fait de verrouiller soigneusement la camionnette, il existe <a href=\"https:\/\/www.traxgo.be\/fr\/systeme-track-and-trace-comme-securite-contre-le-vol-des-camionnettes\/\">d\u2019autres moyens de dissuader<\/a> les cambrioleurs, mais m\u00eame ceux-ci ne sont h\u00e9las pas totalement concluants lorsque ce sont les \u00e9quipements de travail qui sont vis\u00e9s.<\/p>\n<h3>Protection invisible contre les intrusions<\/h3>\n<p>Notre protection anti-intrusion innovante pour l\u2019espace de chargement des camionnettes offre en revanche une solution tr\u00e8s efficace face \u00e0 ce fl\u00e9au. Tout le mat\u00e9riel rang\u00e9 \u00e0 l\u2019int\u00e9rieur est <strong>prot\u00e9g\u00e9 de mani\u00e8re optimale<\/strong>, et ce, sans accessoire visible. Notre syst\u00e8me peut venir en aide \u00e0 de nombreux secteurs (par exemple, les charpentiers, les plombiers, les \u00e9lectriciens, mais aussi les soci\u00e9t\u00e9s d\u2019externalisation employant des techniciens de maintenance, etc.) et aux petites et grandes entreprises g\u00e9rant une flotte de plusieurs v\u00e9hicules. Il vaut toujours mieux pr\u00e9venir que gu\u00e9rir. Les voleurs ne comprendront pas ce qui leur arrive lorsqu\u2019ils seront pris en flagrant d\u00e9lit de vol.<\/p>\n<h3>Vos avantages<\/h3>\n<ul class=\"advantages\">\n<li>Votre mat\u00e9riel est <strong>bien \u00e0 l\u2019abri<\/strong> dans l\u2019espace de chargement de votre camionnette<\/li>\n<li><strong>Verrouillage temporel<\/strong> configurable pour une protection optimale<\/li>\n<li><strong>D\u00e9tection<\/strong> imm\u00e9diate des acc\u00e8s ind\u00e9sirables<\/li>\n<li>Installation sans accessoire visible<\/li>\n<li><a title=\"Syst\u00e8mes de g\u00e9olocalisation\" href=\"https:\/\/www.traxgo.be\/fr\/\">G\u00e9olocalisation<\/a> en temps r\u00e9el du v\u00e9hicule<\/li>\n<\/ul>\n<p><a class=\"button cta\" href=\"#contact\">D\u00e9mo gratuite ou plus d'info? <strong>Contactez-nous<\/strong><\/a><\/p>\n<p>&nbsp;<\/p>\n<h4>Consultez des informations d\u00e9taill\u00e9es sur:<\/h4>\n<ul>\n<li><a href=\"https:\/\/www.traxgo.be\/fr\/systeme-track-and-trace-comme-securite-contre-le-vol-des-camionnettes\/\">Track-and-trace comme s\u00e9curit\u00e9 pour les camionnettes<\/a><\/li>\n<li><a href=\"https:\/\/www.traxgo.be\/fr\/acheter-un-traceur-gps-a-prix-bas\/\">Acheter un traceur GPS \u00e0 prix bas, des points \u00e0 consid\u00e9rer<\/a><\/li>\n<li><a href=\"https:\/\/www.traxgo.be\/fr\/antidemarrage-pour-vehicules-et-machines\/\">Antid\u00e9marrage pour v\u00e9hicules et machines<\/a><\/li>\n<li><a href=\"https:\/\/www.traxgo.be\/fr\/suivre-et-tracer-les-vehicules-de-service\/\">Syst\u00e8me de suivi des v\u00e9hicules de service<\/a><\/li>\n<\/ul>\n","protected":false},"excerpt":{"rendered":"<p>S\u00e9curisez l\u2019espace de chargement de votre camionnette L\u2019utilit\u00e9 d\u2019\u00e9quiper les camionnettes d\u2019une protection anti-effraction efficace pour se pr\u00e9munir contre les vols est \u00e9vidente. Pour de nombreux ind\u00e9pendants, l\u2019espace de chargement de leur camionnette forme le centre n\u00e9vralgique de leur activit\u00e9. Il abrite g\u00e9n\u00e9ralement un v\u00e9ritable arsenal d\u2019\u00e9quipements de travail co\u00fbteux, patiemment constitu\u00e9 au fil des [&hellip;]<\/p>\n","protected":false},"author":1,"featured_media":9568,"parent":553,"menu_order":0,"comment_status":"closed","ping_status":"closed","template":"","meta":{"_acf_changed":false,"footnotes":""},"class_list":["post-9601","page","type-page","status-publish","has-post-thumbnail","hentry"],"acf":[],"_links":{"self":[{"href":"https:\/\/www.traxgo.be\/fr\/wp-json\/wp\/v2\/pages\/9601","targetHints":{"allow":["GET"]}}],"collection":[{"href":"https:\/\/www.traxgo.be\/fr\/wp-json\/wp\/v2\/pages"}],"about":[{"href":"https:\/\/www.traxgo.be\/fr\/wp-json\/wp\/v2\/types\/page"}],"author":[{"embeddable":true,"href":"https:\/\/www.traxgo.be\/fr\/wp-json\/wp\/v2\/users\/1"}],"replies":[{"embeddable":true,"href":"https:\/\/www.traxgo.be\/fr\/wp-json\/wp\/v2\/comments?post=9601"}],"version-history":[{"count":10,"href":"https:\/\/www.traxgo.be\/fr\/wp-json\/wp\/v2\/pages\/9601\/revisions"}],"predecessor-version":[{"id":16660,"href":"https:\/\/www.traxgo.be\/fr\/wp-json\/wp\/v2\/pages\/9601\/revisions\/16660"}],"up":[{"embeddable":true,"href":"https:\/\/www.traxgo.be\/fr\/wp-json\/wp\/v2\/pages\/553"}],"wp:featuredmedia":[{"embeddable":true,"href":"https:\/\/www.traxgo.be\/fr\/wp-json\/wp\/v2\/media\/9568"}],"wp:attachment":[{"href":"https:\/\/www.traxgo.be\/fr\/wp-json\/wp\/v2\/media?parent=9601"}],"curies":[{"name":"wp","href":"https:\/\/api.w.org\/{rel}","templated":true}]}}